{"id":339,"date":"2026-04-08T21:41:53","date_gmt":"2026-04-09T00:41:53","guid":{"rendered":"https:\/\/ihc.sbc.org.br\/2026\/?page_id=339"},"modified":"2026-04-09T18:47:37","modified_gmt":"2026-04-09T21:47:37","slug":"premio-junia-coutinho-anacleto","status":"publish","type":"page","link":"https:\/\/ihc.sbc.org.br\/2026\/index.php\/premio-junia-coutinho-anacleto\/","title":{"rendered":"Pr\u00eamio Junia Coutinho Anacleto"},"content":{"rendered":"\t\t<div data-elementor-type=\"wp-page\" data-elementor-id=\"339\" class=\"elementor elementor-339\">\n\t\t\t\t<div class=\"elementor-element elementor-element-a75ab82 e-flex e-con-boxed e-con e-parent\" data-id=\"a75ab82\" data-element_type=\"container\" data-e-type=\"container\" data-settings=\"{&quot;background_background&quot;:&quot;classic&quot;,&quot;shape_divider_bottom&quot;:&quot;opacity-tilt&quot;}\">\n\t\t\t\t\t<div class=\"e-con-inner\">\n\t\t\t\t<div class=\"elementor-shape elementor-shape-bottom\" aria-hidden=\"true\" data-negative=\"false\">\n\t\t\t<svg xmlns=\"http:\/\/www.w3.org\/2000\/svg\" viewBox=\"0 0 2600 131.1\" preserveAspectRatio=\"none\">\n\t<path class=\"elementor-shape-fill\" d=\"M0 0L2600 0 2600 69.1 0 0z\"\/>\n\t<path class=\"elementor-shape-fill\" style=\"opacity:0.5\" d=\"M0 0L2600 0 2600 69.1 0 69.1z\"\/>\n\t<path class=\"elementor-shape-fill\" style=\"opacity:0.25\" d=\"M2600 0L0 0 0 130.1 2600 69.1z\"\/>\n<\/svg>\t\t<\/div>\n\t\t\t\t<div class=\"elementor-element elementor-element-45ea6c1 elementor-widget elementor-widget-page-title\" data-id=\"45ea6c1\" data-element_type=\"widget\" data-e-type=\"widget\" data-widget_type=\"page-title.default\">\n\t\t\t\t<div class=\"elementor-widget-container\">\n\t\t\t\t\t\t\t\n\t\t<div class=\"hfe-page-title hfe-page-title-wrapper elementor-widget-heading\">\n\n\t\t\t\t\t\t\t\t\t\t\t<a href=\"https:\/\/ihc.sbc.org.br\/2026\">\n\t\t\t\t\t\t<h1 class=\"elementor-heading-title elementor-size-default\">\n\t\t\t\t\t\t\t\t\n\t\t\t\tPr\u00eamio Junia Coutinho Anacleto  \n\t\t\t<\/h1 > \n\t\t\t\t\t\t\t\t\t<\/a>\n\t\t\t\t\t<\/div>\n\t\t\t\t\t\t<\/div>\n\t\t\t\t<\/div>\n\t\t\t\t<div class=\"elementor-element elementor-element-8c9c39f elementor-widget-divider--view-line elementor-widget elementor-widget-divider\" data-id=\"8c9c39f\" data-element_type=\"widget\" data-e-type=\"widget\" data-widget_type=\"divider.default\">\n\t\t\t\t\t\t\t<div class=\"elementor-divider\">\n\t\t\t<span class=\"elementor-divider-separator\">\n\t\t\t\t\t\t<\/span>\n\t\t<\/div>\n\t\t\t\t\t\t<\/div>\n\t\t\t\t\t<\/div>\n\t\t\t\t<\/div>\n\t\t<div class=\"elementor-element elementor-element-170ae8d e-flex e-con-boxed e-con e-parent\" data-id=\"170ae8d\" data-element_type=\"container\" data-e-type=\"container\">\n\t\t\t\t\t<div class=\"e-con-inner\">\n\t\t\t\t<div class=\"elementor-element elementor-element-9be0b6b elementor-widget elementor-widget-spacer\" data-id=\"9be0b6b\" data-element_type=\"widget\" data-e-type=\"widget\" data-widget_type=\"spacer.default\">\n\t\t\t\t\t\t\t<div class=\"elementor-spacer\">\n\t\t\t<div class=\"elementor-spacer-inner\"><\/div>\n\t\t<\/div>\n\t\t\t\t\t\t<\/div>\n\t\t\t\t\t<\/div>\n\t\t\t\t<\/div>\n\t\t<div class=\"elementor-element elementor-element-465d97d e-flex e-con-boxed e-con e-parent\" data-id=\"465d97d\" data-element_type=\"container\" data-e-type=\"container\">\n\t\t\t\t\t<div class=\"e-con-inner\">\n\t\t<div class=\"elementor-element elementor-element-645474f e-con-full e-flex e-con e-child\" data-id=\"645474f\" data-element_type=\"container\" data-e-type=\"container\">\n\t\t\t\t<div class=\"elementor-element elementor-element-0e7d73e elementor-widget elementor-widget-heading\" data-id=\"0e7d73e\" data-element_type=\"widget\" data-e-type=\"widget\" data-widget_type=\"heading.default\">\n\t\t\t\t\t<h2 class=\"elementor-heading-title elementor-size-default\">Chamada de Trabalhos<\/h2>\t\t\t\t<\/div>\n\t\t\t\t<div class=\"elementor-element elementor-element-c7dc682 elementor-widget elementor-widget-text-editor\" data-id=\"c7dc682\" data-element_type=\"widget\" data-e-type=\"widget\" data-widget_type=\"text-editor.default\">\n\t\t\t\t\t\t\t\t\t<p><span style=\"font-weight: 400;\">A Comiss\u00e3o Especial de Intera\u00e7\u00e3o Humano-Computador (C E I H C) da Sociedade Brasileira de Computa\u00e7\u00e3o (S B C) abre chamada para concurso que selecionar\u00e1 e premiar\u00e1 os melhores trabalhos em n\u00edvel de Doutorado, Mestrado e Gradua\u00e7\u00e3o em I H C do pa\u00eds, defendidos e aprovados no per\u00edodo de 01 de janeiro de 2025 a 31 de dezembro de 2025.\u00a0<\/span><\/p><p><span style=\"font-weight: 400;\">O concurso conceder\u00e1 o Pr\u00eamio Junia Coutinho Anacleto de Teses, Disserta\u00e7\u00f5es e Trabalhos de Gradua\u00e7\u00e3o para submiss\u00f5es em cada categoria. Cada submiss\u00e3o concorrer\u00e1 em uma \u00fanica categoria (Doutorado, Mestrado, Gradua\u00e7\u00e3o) e ser\u00e1 avaliada de acordo com os seguintes crit\u00e9rios:<\/span><\/p><ul><li style=\"font-weight: 400;\" aria-level=\"1\"><span style=\"font-weight: 400;\">Relev\u00e2ncia do problema investigado<\/span><\/li><li style=\"font-weight: 400;\" aria-level=\"1\"><span style=\"font-weight: 400;\">Relev\u00e2ncia dos resultados obtidos<\/span><\/li><li style=\"font-weight: 400;\" aria-level=\"1\"><span style=\"font-weight: 400;\">Avan\u00e7o no estado da arte em I H C<\/span><\/li><li style=\"font-weight: 400;\" aria-level=\"1\"><span style=\"font-weight: 400;\">Rigor metodol\u00f3gico e responsabilidade \u00e9tica<\/span><\/li><li style=\"font-weight: 400;\" aria-level=\"1\"><span style=\"font-weight: 400;\">Originalidade (tema e da solu\u00e7\u00e3o)<\/span><\/li><li style=\"font-weight: 400;\" aria-level=\"1\"><span style=\"font-weight: 400;\">Contribui\u00e7\u00f5es da pesquisa (cient\u00edfica, t\u00e9cnica, social)<\/span><\/li><li style=\"font-weight: 400;\" aria-level=\"1\"><span style=\"font-weight: 400;\">Adequa\u00e7\u00e3o a esta chamada<\/span><\/li><\/ul><p><span style=\"font-weight: 400;\">\u00a0<\/span><\/p><p><span style=\"font-weight: 400;\">O Pr\u00eamio Junia Coutinho Anacleto \u00e9 um reconhecimento importante para teses, disserta\u00e7\u00f5es e trabalhos de gradua\u00e7\u00e3o em I H C em n\u00edvel nacional. Participar do concurso \u00e9 uma forma de apresentar contribui\u00e7\u00f5es relevantes \u00e0 comunidade brasileira de I H C e de colaborar com o avan\u00e7o da \u00e1rea no pa\u00eds.\u00a0<\/span><\/p>\t\t\t\t\t\t\t\t<\/div>\n\t\t\t\t<div class=\"elementor-element elementor-element-e547be0 elementor-widget elementor-widget-heading\" data-id=\"e547be0\" data-element_type=\"widget\" data-e-type=\"widget\" data-widget_type=\"heading.default\">\n\t\t\t\t\t<h2 class=\"elementor-heading-title elementor-size-default\">Instru\u00e7\u00f5es para Submiss\u00e3o\n<\/h2>\t\t\t\t<\/div>\n\t\t\t\t<div class=\"elementor-element elementor-element-5456fe5 elementor-widget elementor-widget-text-editor\" data-id=\"5456fe5\" data-element_type=\"widget\" data-e-type=\"widget\" data-widget_type=\"text-editor.default\">\n\t\t\t\t\t\t\t\t\t<p><span style=\"font-weight: 400;\">As submiss\u00f5es dever\u00e3o ser realizadas por meio do sistema <\/span><a href=\"https:\/\/jems3.sbc.org.br\/events\/607\"><span style=\"font-weight: 400;\">JEMS 3<\/span><\/a><span style=\"font-weight: 400;\">. Cada submiss\u00e3o dever\u00e1 incluir obrigatoriamente os seguintes documentos (1, 2 e 3), em formato pdf:<\/span><\/p><ol><li style=\"font-weight: 400;\" aria-level=\"1\"><span style=\"font-weight: 400;\">Artigo: <\/span><i><span style=\"font-weight: 400;\">o texto deve seguir as <\/span><\/i><i><span style=\"font-weight: 400;\">instru\u00e7\u00f5es<\/span><\/i><i><span style=\"font-weight: 400;\"> para escrita e utilizar o mesmo modelo adotado na <strong><a href=\"https:\/\/ihc.sbc.org.br\/2026\/index.php\/artigos-completos\/\">\u00a0CHAMADA GERAL DE ARTIGOS COMPLETOS<\/a><\/strong><\/span><\/i><span style=\"font-weight: 400;\">. O foco do texto \u00e9 apresentar toda a pesquisa feita durante o projeto de mestrado, doutorado ou gradua\u00e7\u00e3o. Por isto, o documento n\u00e3o deve conter somente resultados parciais, mas sim uma vis\u00e3o sumarizada e cr\u00edtica de todo o projeto. O texto deve ser original, isto \u00e9, elaborado especificamente para o concurso, apresentando de forma expl\u00edcita os seguintes elementos e se\u00e7\u00f5es:<\/span><ul><li style=\"font-weight: 400;\" aria-level=\"2\"><b>T\u00edtulo e identifica\u00e7\u00e3o: <\/b><span style=\"font-weight: 400;\">t\u00edtulo da pesquisa defendida e autoria (estudante e respons\u00e1vel(is) pela orienta\u00e7\u00e3o) indicando a institui\u00e7\u00e3o na qual o trabalho foi defendido; o t\u00edtulo pode ser diferente da pesquisa defendida, caso algum artigo j\u00e1 tenha sido publicado com o mesmo t\u00edtulo;<\/span><\/li><li style=\"font-weight: 400;\" aria-level=\"2\"><b>Problema de pesquisa:<\/b><span style=\"font-weight: 400;\"> contextualiza\u00e7\u00e3o e descri\u00e7\u00e3o do problema investigado na tese, disserta\u00e7\u00e3o ou inicia\u00e7\u00e3o cient\u00edfica\/conclus\u00e3o de curso;<\/span><\/li><li style=\"font-weight: 400;\" aria-level=\"2\"><b>Solu\u00e7\u00e3o produzida:<\/b><span style=\"font-weight: 400;\"> solu\u00e7\u00e3o (conceitual, metodol\u00f3gica, t\u00e9cnica etc.) para o problema de pesquisa enunciado;<\/span><\/li><li style=\"font-weight: 400;\" aria-level=\"2\"><b>M\u00e9todo: <\/b><span style=\"font-weight: 400;\">explica\u00e7\u00e3o e justificativa do(s) m\u00e9todo(s) adotado(s) para a condu\u00e7\u00e3o da pesquisa;<\/span><\/li><li style=\"font-weight: 400;\" aria-level=\"2\"><b>Resultados e discuss\u00e3o: <\/b><span style=\"font-weight: 400;\">s\u00edntese dos resultados obtidos, suas implica\u00e7\u00f5es (para a teoria e pr\u00e1tica), rela\u00e7\u00f5es com a literatura existente etc.;<\/span><\/li><li style=\"font-weight: 400;\" aria-level=\"2\"><b>Contribui\u00e7\u00f5es para a \u00e1rea de I H C: <\/b><span style=\"font-weight: 400;\">defesa da originalidade, impacto, contribui\u00e7\u00f5es (metodol\u00f3gica, estado da arte, te\u00f3rica, t\u00e9cnica) da pesquisa para o conhecimento em IHC, incluindo produtos e subprodutos da pesquisa (por exemplo: artigos, patentes, registros de software, artefatos, relat\u00f3rios t\u00e9cnicos etc.);<\/span><\/li><li style=\"font-weight: 400;\" aria-level=\"2\"><b>Cuidados \u00e9ticos:<\/b><span style=\"font-weight: 400;\"> explica\u00e7\u00e3o e justificativa sobre como as quest\u00f5es \u00e9ticas da pesquisa foram consideradas. N\u00e3o se reduz \u00e0 men\u00e7\u00e3o de aprova\u00e7\u00e3o em Comit\u00ea de \u00c9tica em Pesquisa (quando for o caso), e abrange a coleta, tratamento e disponibiliza\u00e7\u00e3o de dados, cuidados com poss\u00edveis impactos decorrentes da pesquisa e sua condu\u00e7\u00e3o, preocupa\u00e7\u00e3o com a transpar\u00eancia e auditabilidade dos resultados, dissemina\u00e7\u00e3o e uso dos produtos da pesquisa, etc.;<\/span><\/li><li style=\"font-weight: 400;\" aria-level=\"2\"><b>Conclus\u00e3o<\/b><span style=\"font-weight: 400;\">: delineamento das principais conclus\u00f5es decorrentes da pesquisa, suas limita\u00e7\u00f5es, amea\u00e7as \u00e0 validade, desdobramentos da pesquisa, viabiliza\u00e7\u00e3o de trabalhos futuros etc.<\/span><\/li><\/ul><\/li><li style=\"font-weight: 400;\" aria-level=\"1\"><span style=\"font-weight: 400;\">Texto completo da tese, disserta\u00e7\u00e3o, ou trabalho de gradua\u00e7\u00e3o defendido. O texto completo servir\u00e1 essencialmente como fonte de consulta sobre os resultados da pesquisa e detalhamentos reportados no artigo;<\/span><\/li><li style=\"font-weight: 400;\" aria-level=\"1\"><span style=\"font-weight: 400;\">Comprovante de aprova\u00e7\u00e3o: c\u00f3pia digitalizada do diploma ou documento (e.g. ata de defesa) que comprove a defesa e aprova\u00e7\u00e3o do trabalho pela banca avaliadora.<\/span><\/li><\/ol><p>\u00a0<\/p><p><span style=\"font-weight: 400;\">\u00c9 importante que o artigo (Item 1) defenda a relev\u00e2ncia do tema e dos resultados e os principais desafios de pesquisa, de forma independente do texto completo. A originalidade e robustez do m\u00e9todo devem ser evidenciadas no texto do artigo, assim como as quest\u00f5es \u00e9ticas da pesquisa.\u00a0<\/span><\/p><p><span style=\"font-weight: 400;\">Quando for o caso, indicar tamb\u00e9m os subprodutos da pesquisa (e.g., patentes, programas registrados, programas de dom\u00ednio p\u00fablico\/livre), artigos publicados ou aceitos para publica\u00e7\u00e3o, v\u00eddeos de divulga\u00e7\u00e3o, assim como quaisquer outros elementos que ajudem a justificar a pesquisa ser considerada uma das melhores do pa\u00eds na \u00e1rea de I H C.<\/span><\/p><p><span style=\"font-weight: 400;\">O <\/span><a href=\"https:\/\/ihc.sbc.org.br\/2025\/index.php\/chamadas\/#:~:text=C%C3%B3digo%20de%20Conduta%20para%20Autores%20em%20Publica%C3%A7%C3%B5es%20da%20S%20B%20C\"><span style=\"font-weight: 400;\">C\u00f3digo de Conduta para Autores em Publica\u00e7\u00f5es da SBC<\/span><\/a><span style=\"font-weight: 400;\"> deve ser seguido nas submiss\u00f5es.<\/span><\/p><p><span style=\"font-weight: 400;\">D\u00favidas podem ser encaminhadas diretamente para a coordena\u00e7\u00e3o do Pr\u00eamio Junia Coutinho Anacleto.<\/span><\/p>\t\t\t\t\t\t\t\t<\/div>\n\t\t\t\t<div class=\"elementor-element elementor-element-cb406a6 elementor-widget elementor-widget-heading\" data-id=\"cb406a6\" data-element_type=\"widget\" data-e-type=\"widget\" data-widget_type=\"heading.default\">\n\t\t\t\t\t<h2 class=\"elementor-heading-title elementor-size-default\">Processo de Revis\u00e3o\n<\/h2>\t\t\t\t<\/div>\n\t\t\t\t<div class=\"elementor-element elementor-element-aeddcf5 elementor-widget elementor-widget-text-editor\" data-id=\"aeddcf5\" data-element_type=\"widget\" data-e-type=\"widget\" data-widget_type=\"text-editor.default\">\n\t\t\t\t\t\t\t\t\t<p><span style=\"font-weight: 400;\">Cada submiss\u00e3o ser\u00e1 avaliada por pelo menos 3 (tr\u00eas) profissionais com doutorado que atuam na \u00e1rea de I H C e que apreciar\u00e3o as pesquisas com rela\u00e7\u00e3o aos crit\u00e9rios indicados no in\u00edcio da chamada. As submiss\u00f5es passar\u00e3o por uma fase eliminat\u00f3ria e uma fase classificat\u00f3ria conduzidas por uma Comiss\u00e3o de Sele\u00e7\u00e3o composta por 3 (tr\u00eas) pessoas selecionadas pela coordena\u00e7\u00e3o deste concurso.<\/span><\/p><p><span style=\"font-weight: 400;\">Fase eliminat\u00f3ria: a comiss\u00e3o discutir\u00e1 os resultados da avalia\u00e7\u00e3o para selecionar os artigos aceitos. Ser\u00e3o selecionados, no m\u00e1ximo, 3 (tr\u00eas) artigos em cada categoria (Doutorado, Mestrado, Gradua\u00e7\u00e3o). Dependendo dos resultados das revis\u00f5es, a comiss\u00e3o se reserva ao direito de n\u00e3o selecionar nenhum artigo nesta fase do concurso. Os artigos aprovados na fase eliminat\u00f3ria ser\u00e3o publicados nos anais principais do Simp\u00f3sio Brasileiro sobre Fatores Humanos em Sistemas Computacionais;<\/span><\/p><p><span style=\"font-weight: 400;\">Fase classificat\u00f3ria: os artigos selecionados ser\u00e3o apresentados em sess\u00e3o exclusiva no Simp\u00f3sio Brasileiro sobre Fatores Humanos em Sistemas Computacionais (I H C 2026). Nesta fase, a Comiss\u00e3o de Sele\u00e7\u00e3o considerar\u00e1 tamb\u00e9m a qualidade da apresenta\u00e7\u00e3o e as respostas aos questionamentos da banca para definir a classifica\u00e7\u00e3o das pesquisas.<\/span><\/p><p><span style=\"font-weight: 400;\">A inscri\u00e7\u00e3o e a apresenta\u00e7\u00e3o do artigo no evento pelo discente respons\u00e1vel pelo trabalho s\u00e3o obrigat\u00f3rias para a classifica\u00e7\u00e3o nessa fase e para a publica\u00e7\u00e3o do artigo nos anais. Os artigos aceitos ser\u00e3o publicados nos anais do evento. As regras para o trabalho ser publicado est\u00e3o descritas na p\u00e1gina de instru\u00e7\u00f5es para publica\u00e7\u00e3o.<\/span><\/p>\t\t\t\t\t\t\t\t<\/div>\n\t\t\t\t<div class=\"elementor-element elementor-element-40accff elementor-widget elementor-widget-heading\" data-id=\"40accff\" data-element_type=\"widget\" data-e-type=\"widget\" data-widget_type=\"heading.default\">\n\t\t\t\t\t<h3 class=\"elementor-heading-title elementor-size-default\">Apresenta\u00e7\u00e3o e Premia\u00e7\u00e3o<\/h3>\t\t\t\t<\/div>\n\t\t\t\t<div class=\"elementor-element elementor-element-9b163f6 elementor-widget elementor-widget-text-editor\" data-id=\"9b163f6\" data-element_type=\"widget\" data-e-type=\"widget\" data-widget_type=\"text-editor.default\">\n\t\t\t\t\t\t\t\t\t<p><span style=\"font-weight: 400;\">As apresenta\u00e7\u00f5es dos trabalhos selecionados dever\u00e3o ser realizadas pelo discente respons\u00e1vel pelo trabalho. N\u00e3o ser\u00e3o aceitas apresenta\u00e7\u00f5es por parte dos orientadores, buscando dessa forma garantir a justi\u00e7a e equidade do concurso. A publica\u00e7\u00e3o do trabalho nos anais tamb\u00e9m est\u00e1 condicionada \u00e0 apresenta\u00e7\u00e3o do discente no evento.<\/span><\/p><p><span style=\"font-weight: 400;\">Todas as pesquisas apresentadas na fase classificat\u00f3ria receber\u00e3o certificado de Finalistas do Pr\u00eamio Junia Coutinho Anacleto em suas respectivas categorias (Doutorado, Mestrado, Gradua\u00e7\u00e3o).<\/span><\/p><p><span style=\"font-weight: 400;\">Ap\u00f3s as apresenta\u00e7\u00f5es, a Comiss\u00e3o de Sele\u00e7\u00e3o se reunir\u00e1 e definir\u00e1 a melhor tese de doutorado, a melhor disserta\u00e7\u00e3o de mestrado e o melhor trabalho de gradua\u00e7\u00e3o em I H C, que receber\u00e3o certificado de premia\u00e7\u00e3o.<\/span><\/p><p><span style=\"font-weight: 400;\">Al\u00e9m da premia\u00e7\u00e3o das melhores pesquisas, a Comiss\u00e3o de Sele\u00e7\u00e3o poder\u00e1 premiar com Men\u00e7\u00f5es Honrosas as pesquisas que tenham se destacado em algum aspecto, como a originalidade, os desafios cient\u00edficos e tecnol\u00f3gicos enfrentados, o rigor te\u00f3rico e metodol\u00f3gico, ou a responsabilidade e impacto social.<\/span><\/p><p><span style=\"font-weight: 400;\">As premia\u00e7\u00f5es ser\u00e3o entregues durante o I H C 2026. As pesquisas premiadas ser\u00e3o listadas na p\u00e1gina da C E I H C com link para os seus respectivos artigos. Al\u00e9m disso, ser\u00e3o convidadas para a submiss\u00e3o de vers\u00e3o estendida em Ingl\u00eas para peri\u00f3dicos parceiros, com pelo menos 35% de conte\u00fado original.<\/span><\/p><p><span style=\"font-weight: 400;\">Quest\u00f5es n\u00e3o previstas nesta chamada ser\u00e3o tratadas pela Comiss\u00e3o de Sele\u00e7\u00e3o.<\/span><\/p>\t\t\t\t\t\t\t\t<\/div>\n\t\t\t\t<div class=\"elementor-element elementor-element-343ee14 elementor-widget elementor-widget-heading\" data-id=\"343ee14\" data-element_type=\"widget\" data-e-type=\"widget\" data-widget_type=\"heading.default\">\n\t\t\t\t\t<h3 class=\"elementor-heading-title elementor-size-default\">Coordena\u00e7\u00e3o da Trilha<\/h3>\t\t\t\t<\/div>\n\t\t\t\t<div class=\"elementor-element elementor-element-c633e1d elementor-widget elementor-widget-text-editor\" data-id=\"c633e1d\" data-element_type=\"widget\" data-e-type=\"widget\" data-widget_type=\"text-editor.default\">\n\t\t\t\t\t\t\t\t\t<p><span style=\"font-weight: 400;\">Andr\u00e9 Freire (UFLA) &#8211; <a href=\"mailto:apfreire@dcc.ufla.br\">apfreire@dcc.ufla.br<\/a><\/span><span style=\"font-weight: 400;\"><br \/><\/span><span style=\"font-weight: 400;\">Carla Rodriguez (U F A B C) &#8211; <a title=\"Email\" href=\"mailto:c.rodriguez@ufabc.edu.br\">c.rodriguez@ufabc.edu.br<\/a><\/span><span style=\"font-weight: 400;\"><br \/><\/span><span style=\"font-weight: 400;\">Vania Neris (UFSCar) &#8211; <a href=\"mailto:vania.neris@ufscar.br\">vania.neris@ufscar.br<\/a><\/span><\/p>\t\t\t\t\t\t\t\t<\/div>\n\t\t\t\t<div class=\"elementor-element elementor-element-9cb9f47 elementor-widget elementor-widget-heading\" data-id=\"9cb9f47\" data-element_type=\"widget\" data-e-type=\"widget\" data-widget_type=\"heading.default\">\n\t\t\t\t\t<h3 class=\"elementor-heading-title elementor-size-default\">Comit\u00ea de Programa<\/h3>\t\t\t\t<\/div>\n\t\t\t\t<div class=\"elementor-element elementor-element-35c996a elementor-widget elementor-widget-text-editor\" data-id=\"35c996a\" data-element_type=\"widget\" data-e-type=\"widget\" data-widget_type=\"text-editor.default\">\n\t\t\t\t\t\t\t\t\t<p>Em constru\u00e7\u00e3o<\/p>\t\t\t\t\t\t\t\t<\/div>\n\t\t\t\t<\/div>\n\t\t<div class=\"elementor-element elementor-element-29090bf e-con-full e-flex e-con e-child\" data-id=\"29090bf\" data-element_type=\"container\" data-e-type=\"container\">\n\t\t\t\t<div class=\"elementor-element elementor-element-3993169 elementor-widget elementor-widget-heading\" data-id=\"3993169\" data-element_type=\"widget\" data-e-type=\"widget\" data-widget_type=\"heading.default\">\n\t\t\t\t\t<h2 class=\"elementor-heading-title elementor-size-default\">Datas Importantes<\/h2>\t\t\t\t<\/div>\n\t\t\t\t<div class=\"elementor-element elementor-element-b121028 elementor-widget elementor-widget-text-editor\" data-id=\"b121028\" data-element_type=\"widget\" data-e-type=\"widget\" data-widget_type=\"text-editor.default\">\n\t\t\t\t\t\t\t\t\t<ul><li>Registro das submiss\u00f5es: <strong>01\/06\/2026<\/strong><\/li><li>Submiss\u00e3o do artigo e dos demais arquivos: <strong>15\/06\/2026<\/strong><\/li><li>Notifica\u00e7\u00e3o dos resultados da fase eliminat\u00f3ria: <strong>21\/08\/2026<\/strong><\/li><li>Envio da Vers\u00e3o Final do Artigo: <strong>04\/09\/2026<\/strong><\/li><li>Apresenta\u00e7\u00e3o na fase classificat\u00f3ria: durante o IHC 2026 (entre 19 e 23 de outubro de 2026)<\/li><li>Premia\u00e7\u00e3o: durante o I H C 2026<\/li><\/ul>\t\t\t\t\t\t\t\t<\/div>\n\t\t\t\t<div class=\"elementor-element elementor-element-78990ea elementor-align-left elementor-widget elementor-widget-button\" data-id=\"78990ea\" data-element_type=\"widget\" data-e-type=\"widget\" data-widget_type=\"button.default\">\n\t\t\t\t\t\t\t\t\t\t<a class=\"elementor-button elementor-button-link elementor-size-sm\" href=\"https:\/\/jems3.sbc.org.br\/events\/487\">\n\t\t\t\t\t\t<span class=\"elementor-button-content-wrapper\">\n\t\t\t\t\t\t<span class=\"elementor-button-icon\">\n\t\t\t\t<svg aria-hidden=\"true\" class=\"e-font-icon-svg e-fas-chevron-right\" viewBox=\"0 0 320 512\" xmlns=\"http:\/\/www.w3.org\/2000\/svg\"><path d=\"M285.476 272.971L91.132 467.314c-9.373 9.373-24.569 9.373-33.941 0l-22.667-22.667c-9.357-9.357-9.375-24.522-.04-33.901L188.505 256 34.484 101.255c-9.335-9.379-9.317-24.544.04-33.901l22.667-22.667c9.373-9.373 24.569-9.373 33.941 0L285.475 239.03c9.373 9.372 9.373 24.568.001 33.941z\"><\/path><\/svg>\t\t\t<\/span>\n\t\t\t\t\t\t\t\t\t<span class=\"elementor-button-text\">Submeter artigo pelo JEMS<\/span>\n\t\t\t\t\t<\/span>\n\t\t\t\t\t<\/a>\n\t\t\t\t\t\t\t\t<\/div>\n\t\t\t\t<\/div>\n\t\t\t\t\t<\/div>\n\t\t\t\t<\/div>\n\t\t\t\t<\/div>\n\t\t","protected":false},"excerpt":{"rendered":"<p>Pr\u00eamio Junia Coutinho Anacleto Chamada de Trabalhos A Comiss\u00e3o Especial de Intera\u00e7\u00e3o Humano-Computador (C E I H C) da Sociedade Brasileira de Computa\u00e7\u00e3o (S B C) abre chamada para concurso que selecionar\u00e1 e premiar\u00e1 os melhores trabalhos em n\u00edvel de Doutorado, Mestrado e Gradua\u00e7\u00e3o em I H C do pa\u00eds, defendidos e aprovados no per\u00edodo [&hellip;]<\/p>\n","protected":false},"author":2,"featured_media":0,"parent":0,"menu_order":0,"comment_status":"closed","ping_status":"closed","template":"","meta":{"footnotes":""},"class_list":["post-339","page","type-page","status-publish","hentry"],"_links":{"self":[{"href":"https:\/\/ihc.sbc.org.br\/2026\/index.php\/wp-json\/wp\/v2\/pages\/339","targetHints":{"allow":["GET"]}}],"collection":[{"href":"https:\/\/ihc.sbc.org.br\/2026\/index.php\/wp-json\/wp\/v2\/pages"}],"about":[{"href":"https:\/\/ihc.sbc.org.br\/2026\/index.php\/wp-json\/wp\/v2\/types\/page"}],"author":[{"embeddable":true,"href":"https:\/\/ihc.sbc.org.br\/2026\/index.php\/wp-json\/wp\/v2\/users\/2"}],"replies":[{"embeddable":true,"href":"https:\/\/ihc.sbc.org.br\/2026\/index.php\/wp-json\/wp\/v2\/comments?post=339"}],"version-history":[{"count":7,"href":"https:\/\/ihc.sbc.org.br\/2026\/index.php\/wp-json\/wp\/v2\/pages\/339\/revisions"}],"predecessor-version":[{"id":420,"href":"https:\/\/ihc.sbc.org.br\/2026\/index.php\/wp-json\/wp\/v2\/pages\/339\/revisions\/420"}],"wp:attachment":[{"href":"https:\/\/ihc.sbc.org.br\/2026\/index.php\/wp-json\/wp\/v2\/media?parent=339"}],"curies":[{"name":"wp","href":"https:\/\/api.w.org\/{rel}","templated":true}]}}