{"id":334,"date":"2026-04-08T21:34:09","date_gmt":"2026-04-09T00:34:09","guid":{"rendered":"https:\/\/ihc.sbc.org.br\/2026\/?page_id=334"},"modified":"2026-04-09T21:42:42","modified_gmt":"2026-04-10T00:42:42","slug":"trilha-de-ideias-inovadoras-e-resultados-emergentes","status":"publish","type":"page","link":"https:\/\/ihc.sbc.org.br\/2026\/index.php\/trilha-de-ideias-inovadoras-e-resultados-emergentes\/","title":{"rendered":"Trilha de Ideias Inovadoras e Resultados Emergentes"},"content":{"rendered":"\t\t<div data-elementor-type=\"wp-page\" data-elementor-id=\"334\" class=\"elementor elementor-334\">\n\t\t\t\t<div class=\"elementor-element elementor-element-a75ab82 e-flex e-con-boxed e-con e-parent\" data-id=\"a75ab82\" data-element_type=\"container\" data-e-type=\"container\" data-settings=\"{&quot;background_background&quot;:&quot;classic&quot;,&quot;shape_divider_bottom&quot;:&quot;opacity-tilt&quot;}\">\n\t\t\t\t\t<div class=\"e-con-inner\">\n\t\t\t\t<div class=\"elementor-shape elementor-shape-bottom\" aria-hidden=\"true\" data-negative=\"false\">\n\t\t\t<svg xmlns=\"http:\/\/www.w3.org\/2000\/svg\" viewBox=\"0 0 2600 131.1\" preserveAspectRatio=\"none\">\n\t<path class=\"elementor-shape-fill\" d=\"M0 0L2600 0 2600 69.1 0 0z\"\/>\n\t<path class=\"elementor-shape-fill\" style=\"opacity:0.5\" d=\"M0 0L2600 0 2600 69.1 0 69.1z\"\/>\n\t<path class=\"elementor-shape-fill\" style=\"opacity:0.25\" d=\"M2600 0L0 0 0 130.1 2600 69.1z\"\/>\n<\/svg>\t\t<\/div>\n\t\t\t\t<div class=\"elementor-element elementor-element-45ea6c1 elementor-widget elementor-widget-page-title\" data-id=\"45ea6c1\" data-element_type=\"widget\" data-e-type=\"widget\" data-widget_type=\"page-title.default\">\n\t\t\t\t<div class=\"elementor-widget-container\">\n\t\t\t\t\t\t\t\n\t\t<div class=\"hfe-page-title hfe-page-title-wrapper elementor-widget-heading\">\n\n\t\t\t\t\t\t\t\t\t\t\t<a href=\"https:\/\/ihc.sbc.org.br\/2026\">\n\t\t\t\t\t\t<h1 class=\"elementor-heading-title elementor-size-default\">\n\t\t\t\t\t\t\t\t\n\t\t\t\tTrilha de Ideias Inovadoras e Resultados Emergentes  \n\t\t\t<\/h1 > \n\t\t\t\t\t\t\t\t\t<\/a>\n\t\t\t\t\t<\/div>\n\t\t\t\t\t\t<\/div>\n\t\t\t\t<\/div>\n\t\t\t\t<div class=\"elementor-element elementor-element-8c9c39f elementor-widget-divider--view-line elementor-widget elementor-widget-divider\" data-id=\"8c9c39f\" data-element_type=\"widget\" data-e-type=\"widget\" data-widget_type=\"divider.default\">\n\t\t\t\t\t\t\t<div class=\"elementor-divider\">\n\t\t\t<span class=\"elementor-divider-separator\">\n\t\t\t\t\t\t<\/span>\n\t\t<\/div>\n\t\t\t\t\t\t<\/div>\n\t\t\t\t\t<\/div>\n\t\t\t\t<\/div>\n\t\t<div class=\"elementor-element elementor-element-170ae8d e-flex e-con-boxed e-con e-parent\" data-id=\"170ae8d\" data-element_type=\"container\" data-e-type=\"container\">\n\t\t\t\t\t<div class=\"e-con-inner\">\n\t\t\t\t<div class=\"elementor-element elementor-element-9be0b6b elementor-widget elementor-widget-spacer\" data-id=\"9be0b6b\" data-element_type=\"widget\" data-e-type=\"widget\" data-widget_type=\"spacer.default\">\n\t\t\t\t\t\t\t<div class=\"elementor-spacer\">\n\t\t\t<div class=\"elementor-spacer-inner\"><\/div>\n\t\t<\/div>\n\t\t\t\t\t\t<\/div>\n\t\t\t\t\t<\/div>\n\t\t\t\t<\/div>\n\t\t<div class=\"elementor-element elementor-element-465d97d e-flex e-con-boxed e-con e-parent\" data-id=\"465d97d\" data-element_type=\"container\" data-e-type=\"container\">\n\t\t\t\t\t<div class=\"e-con-inner\">\n\t\t<div class=\"elementor-element elementor-element-645474f e-con-full e-flex e-con e-child\" data-id=\"645474f\" data-element_type=\"container\" data-e-type=\"container\">\n\t\t\t\t<div class=\"elementor-element elementor-element-c7dc682 elementor-widget elementor-widget-text-editor\" data-id=\"c7dc682\" data-element_type=\"widget\" data-e-type=\"widget\" data-widget_type=\"text-editor.default\">\n\t\t\t\t\t\t\t\t\t<p><span style=\"font-weight: 400;\">A trilha de Ideias Inovadoras e Resultados Emergentes tem se consolidado no I H C como um espa\u00e7o para apresenta\u00e7\u00e3o e discuss\u00e3o de pesquisas in\u00e9ditas e instigantes na \u00e1rea de I H C, com o objetivo de acelerar a exposi\u00e7\u00e3o da comunidade cient\u00edfica a novas ideias, temas, teorias e resultados promissores e inspiradores.\u00a0<\/span><\/p><p><span style=\"font-weight: 400;\">Dentro desta premissa, tamb\u00e9m s\u00e3o incentivados trabalhos no formato de ensaio ou <\/span><i><span style=\"font-weight: 400;\">position paper q<\/span><\/i><span style=\"font-weight: 400;\">ue tragam reflex\u00f5es cr\u00edticas e discuss\u00f5es filos\u00f3ficas, provocativas ou especulativas, relevantes para a comunidade brasileira de I H C.\u00a0<\/span><\/p><p><span style=\"font-weight: 400;\">As submiss\u00f5es podem adotar abordagens diversas, valendo-se n\u00e3o apenas de resultados emp\u00edricos, mas tamb\u00e9m de argumentos te\u00f3ricos, an\u00e1lises filos\u00f3ficas, perspectivas interdisciplinares e outros m\u00e9todos que desafiam os paradigmas estabelecidos.\u00a0<\/span><\/p><p><b>Se sua pesquisa prop\u00f5e novas dire\u00e7\u00f5es, questiona pressupostos ou experimenta ideias inovadoras, este \u00e9 o espa\u00e7o para compartilh\u00e1-la<\/b><span style=\"font-weight: 400;\">.<\/span><\/p>\t\t\t\t\t\t\t\t<\/div>\n\t\t\t\t<div class=\"elementor-element elementor-element-6dfeec9 elementor-position-inline-start elementor-mobile-position-inline-start elementor-view-default elementor-widget elementor-widget-icon-box\" data-id=\"6dfeec9\" data-element_type=\"widget\" data-e-type=\"widget\" data-widget_type=\"icon-box.default\">\n\t\t\t\t\t\t\t<div class=\"elementor-icon-box-wrapper\">\n\n\t\t\t\t\t\t<div class=\"elementor-icon-box-icon\">\n\t\t\t\t<span  class=\"elementor-icon\">\n\t\t\t\t<svg aria-hidden=\"true\" class=\"e-font-icon-svg e-fas-exclamation-triangle\" viewBox=\"0 0 576 512\" xmlns=\"http:\/\/www.w3.org\/2000\/svg\"><path d=\"M569.517 440.013C587.975 472.007 564.806 512 527.94 512H48.054c-36.937 0-59.999-40.055-41.577-71.987L246.423 23.985c18.467-32.009 64.72-31.951 83.154 0l239.94 416.028zM288 354c-25.405 0-46 20.595-46 46s20.595 46 46 46 46-20.595 46-46-20.595-46-46-46zm-43.673-165.346l7.418 136c.347 6.364 5.609 11.346 11.982 11.346h48.546c6.373 0 11.635-4.982 11.982-11.346l7.418-136c.375-6.874-5.098-12.654-11.982-12.654h-63.383c-6.884 0-12.356 5.78-11.981 12.654z\"><\/path><\/svg>\t\t\t\t<\/span>\n\t\t\t<\/div>\n\t\t\t\n\t\t\t\t\t\t<div class=\"elementor-icon-box-content\">\n\n\t\t\t\t\t\t\t\t\t<h3 class=\"elementor-icon-box-title\">\n\t\t\t\t\t\t<span  >\n\t\t\t\t\t\t\tAten\u00e7\u00e3o\t\t\t\t\t\t<\/span>\n\t\t\t\t\t<\/h3>\n\t\t\t\t\n\t\t\t\t\t\t\t\t\t<p class=\"elementor-icon-box-description\">\n\t\t\t\t\t\t\u00c9 importante destacar que n\u00e3o se trata de uma trilha para artigos curtos, e sim de oportunizar a apresenta\u00e7\u00e3o e o compartilhamento de discuss\u00f5es cr\u00edticas, pesquisas emergentes e potencialmente inovadoras, ou de t\u00e9cnicas e perspectivas disruptivas que desafiam o status quo na \u00e1rea de I H C e podem ampliar as fronteiras do campo. <b>Caso sua pesquisa esteja em est\u00e1gio inicial, ainda sem resultados que permitam uma discuss\u00e3o aprofundada, a trilha correta para sua submiss\u00e3o \u00e9 a de P\u00f4steres e Demonstra\u00e7\u00f5es. <\/b>\n\t\t\t\t\t<\/p>\n\t\t\t\t\n\t\t\t<\/div>\n\t\t\t\n\t\t<\/div>\n\t\t\t\t\t\t<\/div>\n\t\t\t\t<div class=\"elementor-element elementor-element-e547be0 elementor-widget elementor-widget-heading\" data-id=\"e547be0\" data-element_type=\"widget\" data-e-type=\"widget\" data-widget_type=\"heading.default\">\n\t\t\t\t\t<h2 class=\"elementor-heading-title elementor-size-default\">Processo de Revis\u00e3o da Trilha<\/h2>\t\t\t\t<\/div>\n\t\t\t\t<div class=\"elementor-element elementor-element-5456fe5 elementor-widget elementor-widget-text-editor\" data-id=\"5456fe5\" data-element_type=\"widget\" data-e-type=\"widget\" data-widget_type=\"text-editor.default\">\n\t\t\t\t\t\t\t\t\t<p><span style=\"font-weight: 400;\">As submiss\u00f5es ser\u00e3o rejeitadas sem revis\u00e3o se:<\/span><\/p><ol><li style=\"font-weight: 400;\" aria-level=\"1\"><span style=\"font-weight: 400;\">N\u00e3o estiverem em conformidade com todas as instru\u00e7\u00f5es de submiss\u00e3o apresentadas aqui e na<\/span> <a href=\"https:\/\/ihc.sbc.org.br\/2026\/index.php\/artigos-completos\/\"><b>CHAMADA GERAL DE ARTIGOS COMPLETOS<\/b><\/a><span style=\"font-weight: 400;\">;<\/span><\/li><li style=\"font-weight: 400;\" aria-level=\"1\"><span style=\"font-weight: 400;\">Estiverem fora do escopo da Trilha de Ideias Inovadoras e Resultados Emergentes;<\/span><\/li><li style=\"font-weight: 400;\" aria-level=\"1\"><span style=\"font-weight: 400;\">Tenham sido enviadas ou publicadas em qualquer outro f\u00f3rum (confer\u00eancia ou peri\u00f3dico).\u00a0<\/span><\/li><\/ol><p>\u00a0<\/p><p><span style=\"font-weight: 400;\">Todos os demais trabalhos ser\u00e3o revisados por pelo menos tr\u00eas membros do comit\u00ea do programa. Se a submiss\u00e3o for aceita, as pessoas autoras devem considerar os coment\u00e1rios das revis\u00f5es ao prepararem a vers\u00e3o final do artigo.<\/span><\/p><p><span style=\"font-weight: 400;\">As pessoas revisoras ser\u00e3o orientadas a considerar, entre outros, os seguintes crit\u00e9rios para avalia\u00e7\u00e3o nesta trilha:<\/span><\/p><ul><li style=\"font-weight: 400;\" aria-level=\"1\"><b>Ader\u00eancia \u00e0 trilha<\/b><span style=\"font-weight: 400;\">: o artigo \u00e9 aderente \u00e0 trilha de Ideias Inovadoras e Resultados Emergentes?<\/span><\/li><li style=\"font-weight: 400;\" aria-level=\"1\"><b>Compartilha ideias inovadoras<\/b><span style=\"font-weight: 400;\">? O intuito \u00e9 aumentar o n\u00edvel de compreens\u00e3o e de conscientiza\u00e7\u00e3o sobre a ideia inovadora a ser discutida. Essa ideia inovadora pode auxiliar na amplia\u00e7\u00e3o e na defini\u00e7\u00e3o de temas pertinentes aos problemas investigados em I H C.<\/span><\/li><li style=\"font-weight: 400;\" aria-level=\"1\"><b>Apresenta e discute resultados emergentes?<\/b><span style=\"font-weight: 400;\"> Os resultados emergentes caracterizam-se por resultados parciais e\/ou preliminares que denotam uma das etapas atingidas dentro de um processo que ainda ser\u00e1 finalizado em uma pesquisa em I H C, j\u00e1 permitindo reflex\u00e3o cr\u00edtica e discuss\u00e3o com a comunidade.<\/span><\/li><li style=\"font-weight: 400;\" aria-level=\"1\"><b>Discute de forma cr\u00edtica um assunto relevante para a comunidade?<\/b><span style=\"font-weight: 400;\"> Essa discuss\u00e3o caracteriza-se pela argumenta\u00e7\u00e3o e pela defesa fundamentadas de um posicionamento sobre um assunto de relev\u00e2ncia para a comunidade brasileira de I H C.<\/span><\/li><li style=\"font-weight: 400;\" aria-level=\"1\"><b>Qualidade da apresenta\u00e7\u00e3o textual:<\/b><span style=\"font-weight: 400;\"> o artigo est\u00e1 bem escrito e adequadamente apresentado em linguagem, conte\u00fado e forma, seguindo o modelo do evento?<\/span><\/li><\/ul>\t\t\t\t\t\t\t\t<\/div>\n\t\t\t\t<div class=\"elementor-element elementor-element-cb406a6 elementor-widget elementor-widget-heading\" data-id=\"cb406a6\" data-element_type=\"widget\" data-e-type=\"widget\" data-widget_type=\"heading.default\">\n\t\t\t\t\t<h2 class=\"elementor-heading-title elementor-size-default\">Exemplos de Trabalhos\n<\/h2>\t\t\t\t<\/div>\n\t\t\t\t<div class=\"elementor-element elementor-element-aeddcf5 elementor-widget elementor-widget-text-editor\" data-id=\"aeddcf5\" data-element_type=\"widget\" data-e-type=\"widget\" data-widget_type=\"text-editor.default\">\n\t\t\t\t\t\t\t\t\t<p><span style=\"font-weight: 400;\">Estudos recentes publicados na trilha de Ideias Inovadoras e Resultados Emergentes do I H C que exemplificam boas pr\u00e1ticas e atendem aos crit\u00e9rios descritos acima:<\/span><\/p><ul><li style=\"font-weight: 400;\" aria-level=\"1\"><a href=\"https:\/\/sol.sbc.org.br\/index.php\/ihc\/article\/view\/37672\"><span style=\"font-weight: 400;\">VisioAux: a crowdsource approach for accessibility evaluation in mobile devices<\/span><\/a><\/li><li style=\"font-weight: 400;\" aria-level=\"1\"><a href=\"https:\/\/sol.sbc.org.br\/index.php\/ihc\/article\/view\/37674\"><span style=\"font-weight: 400;\">Can AI Judge Usability? A Comparative Analysis of Generative Tools on Climate Conference Websites<\/span><\/a><\/li><li style=\"font-weight: 400;\" aria-level=\"1\"><a href=\"https:\/\/sol.sbc.org.br\/index.php\/ihc\/article\/view\/37678\"><span style=\"font-weight: 400;\">\u201cIt Takes a Village to Raise a Child\u201d -Who and What to Consider in Designing Parental Mediation Features?<\/span><\/a><\/li><li style=\"font-weight: 400;\" aria-level=\"1\"><a href=\"https:\/\/sol.sbc.org.br\/index.php\/ihc\/article\/view\/37682\"><span style=\"font-weight: 400;\">Astra: explorando Engenharia Semi\u00f3tica e autoexpress\u00e3o em arte digital interativa<\/span><\/a><\/li><\/ul>\t\t\t\t\t\t\t\t<\/div>\n\t\t\t\t<div class=\"elementor-element elementor-element-40accff elementor-widget elementor-widget-heading\" data-id=\"40accff\" data-element_type=\"widget\" data-e-type=\"widget\" data-widget_type=\"heading.default\">\n\t\t\t\t\t<h3 class=\"elementor-heading-title elementor-size-default\">Coordena\u00e7\u00e3o da Trilha<\/h3>\t\t\t\t<\/div>\n\t\t\t\t<div class=\"elementor-element elementor-element-c633e1d elementor-widget elementor-widget-text-editor\" data-id=\"c633e1d\" data-element_type=\"widget\" data-e-type=\"widget\" data-widget_type=\"text-editor.default\">\n\t\t\t\t\t\t\t\t\t<p><span style=\"font-weight: 400;\">Claiton Marques Correa (IF &#8211; Farroupilha) &#8211; <a href=\"mailto:claiton.correa@iffar.edu.br\">claiton.correa@iffar.edu.br<\/a><\/span><\/p><p><span style=\"font-weight: 400;\">Renan Vinicius Aranha (U F M T) &#8211; <a href=\"mailto:renan.aranha@ufmt.br\">renan.aranha@ufmt.br<\/a><\/span><\/p>\t\t\t\t\t\t\t\t<\/div>\n\t\t\t\t<div class=\"elementor-element elementor-element-9cb9f47 elementor-widget elementor-widget-heading\" data-id=\"9cb9f47\" data-element_type=\"widget\" data-e-type=\"widget\" data-widget_type=\"heading.default\">\n\t\t\t\t\t<h3 class=\"elementor-heading-title elementor-size-default\">Comit\u00ea de Programa<\/h3>\t\t\t\t<\/div>\n\t\t\t\t<div class=\"elementor-element elementor-element-35c996a elementor-widget elementor-widget-text-editor\" data-id=\"35c996a\" data-element_type=\"widget\" data-e-type=\"widget\" data-widget_type=\"text-editor.default\">\n\t\t\t\t\t\t\t\t\t<p>Em constru\u00e7\u00e3o<\/p>\t\t\t\t\t\t\t\t<\/div>\n\t\t\t\t<\/div>\n\t\t<div class=\"elementor-element elementor-element-29090bf e-con-full e-flex e-con e-child\" data-id=\"29090bf\" data-element_type=\"container\" data-e-type=\"container\">\n\t\t\t\t<div class=\"elementor-element elementor-element-0e7d73e elementor-widget elementor-widget-heading\" data-id=\"0e7d73e\" data-element_type=\"widget\" data-e-type=\"widget\" data-widget_type=\"heading.default\">\n\t\t\t\t\t<h2 class=\"elementor-heading-title elementor-size-default\">Datas Importantes<\/h2>\t\t\t\t<\/div>\n\t\t\t\t<div class=\"elementor-element elementor-element-b121028 elementor-widget elementor-widget-text-editor\" data-id=\"b121028\" data-element_type=\"widget\" data-e-type=\"widget\" data-widget_type=\"text-editor.default\">\n\t\t\t\t\t\t\t\t\t<ul><li><span style=\"font-weight: 400;\">Registro do artigo: <strong>10\/05\/2026<\/strong><\/span><\/li><li><span style=\"font-weight: 400;\">Submiss\u00e3o do artigo: <strong>17\/05\/2026<\/strong><\/span><\/li><li><span style=\"font-weight: 400;\">Notifica\u00e7\u00e3o de resultados: <strong>10\/07\/2026<\/strong><\/span><\/li><li><span style=\"font-weight: 400;\">Revis\u00e3o e Ressubmiss\u00e3o: <strong>31\/07\/2026<\/strong><\/span><span style=\"font-weight: 400;\"><br \/><\/span><span style=\"font-weight: 400;\">Notifica\u00e7\u00e3o final: <strong>21\/08\/2026<\/strong><\/span><\/li><li><span style=\"font-weight: 400;\">Envio da vers\u00e3o final: <strong>04\/09\/2026<\/strong><\/span><\/li><li><span style=\"font-weight: 400;\">Apresenta\u00e7\u00e3o: durante o I H C 2026<\/span><\/li><\/ul>\t\t\t\t\t\t\t\t<\/div>\n\t\t\t\t<div class=\"elementor-element elementor-element-78990ea elementor-align-left elementor-widget elementor-widget-button\" data-id=\"78990ea\" data-element_type=\"widget\" data-e-type=\"widget\" data-widget_type=\"button.default\">\n\t\t\t\t\t\t\t\t\t\t<a class=\"elementor-button elementor-button-link elementor-size-sm\" href=\"https:\/\/jems3.sbc.org.br\/events\/605\">\n\t\t\t\t\t\t<span class=\"elementor-button-content-wrapper\">\n\t\t\t\t\t\t<span class=\"elementor-button-icon\">\n\t\t\t\t<svg aria-hidden=\"true\" class=\"e-font-icon-svg e-fas-chevron-right\" viewBox=\"0 0 320 512\" xmlns=\"http:\/\/www.w3.org\/2000\/svg\"><path d=\"M285.476 272.971L91.132 467.314c-9.373 9.373-24.569 9.373-33.941 0l-22.667-22.667c-9.357-9.357-9.375-24.522-.04-33.901L188.505 256 34.484 101.255c-9.335-9.379-9.317-24.544.04-33.901l22.667-22.667c9.373-9.373 24.569-9.373 33.941 0L285.475 239.03c9.373 9.372 9.373 24.568.001 33.941z\"><\/path><\/svg>\t\t\t<\/span>\n\t\t\t\t\t\t\t\t\t<span class=\"elementor-button-text\">Submeter artigo pelo JEMS<\/span>\n\t\t\t\t\t<\/span>\n\t\t\t\t\t<\/a>\n\t\t\t\t\t\t\t\t<\/div>\n\t\t\t\t<\/div>\n\t\t\t\t\t<\/div>\n\t\t\t\t<\/div>\n\t\t\t\t<\/div>\n\t\t","protected":false},"excerpt":{"rendered":"<p>Trilha de Ideias Inovadoras e Resultados Emergentes A trilha de Ideias Inovadoras e Resultados Emergentes tem se consolidado no I H C como um espa\u00e7o para apresenta\u00e7\u00e3o e discuss\u00e3o de pesquisas in\u00e9ditas e instigantes na \u00e1rea de I H C, com o objetivo de acelerar a exposi\u00e7\u00e3o da comunidade cient\u00edfica a novas ideias, temas, teorias [&hellip;]<\/p>\n","protected":false},"author":2,"featured_media":0,"parent":0,"menu_order":0,"comment_status":"closed","ping_status":"closed","template":"","meta":{"footnotes":""},"class_list":["post-334","page","type-page","status-publish","hentry"],"_links":{"self":[{"href":"https:\/\/ihc.sbc.org.br\/2026\/index.php\/wp-json\/wp\/v2\/pages\/334","targetHints":{"allow":["GET"]}}],"collection":[{"href":"https:\/\/ihc.sbc.org.br\/2026\/index.php\/wp-json\/wp\/v2\/pages"}],"about":[{"href":"https:\/\/ihc.sbc.org.br\/2026\/index.php\/wp-json\/wp\/v2\/types\/page"}],"author":[{"embeddable":true,"href":"https:\/\/ihc.sbc.org.br\/2026\/index.php\/wp-json\/wp\/v2\/users\/2"}],"replies":[{"embeddable":true,"href":"https:\/\/ihc.sbc.org.br\/2026\/index.php\/wp-json\/wp\/v2\/comments?post=334"}],"version-history":[{"count":13,"href":"https:\/\/ihc.sbc.org.br\/2026\/index.php\/wp-json\/wp\/v2\/pages\/334\/revisions"}],"predecessor-version":[{"id":542,"href":"https:\/\/ihc.sbc.org.br\/2026\/index.php\/wp-json\/wp\/v2\/pages\/334\/revisions\/542"}],"wp:attachment":[{"href":"https:\/\/ihc.sbc.org.br\/2026\/index.php\/wp-json\/wp\/v2\/media?parent=334"}],"curies":[{"name":"wp","href":"https:\/\/api.w.org\/{rel}","templated":true}]}}