{"id":329,"date":"2026-04-08T21:20:33","date_gmt":"2026-04-09T00:20:33","guid":{"rendered":"https:\/\/ihc.sbc.org.br\/2026\/?page_id=329"},"modified":"2026-04-09T21:42:53","modified_gmt":"2026-04-10T00:42:53","slug":"trilha-de-relatos-de-experiencia","status":"publish","type":"page","link":"https:\/\/ihc.sbc.org.br\/2026\/index.php\/trilha-de-relatos-de-experiencia\/","title":{"rendered":"Trilha de Relatos de Experi\u00eancia"},"content":{"rendered":"\t\t<div data-elementor-type=\"wp-page\" data-elementor-id=\"329\" class=\"elementor elementor-329\">\n\t\t\t\t<div class=\"elementor-element elementor-element-a75ab82 e-flex e-con-boxed e-con e-parent\" data-id=\"a75ab82\" data-element_type=\"container\" data-e-type=\"container\" data-settings=\"{&quot;background_background&quot;:&quot;classic&quot;,&quot;shape_divider_bottom&quot;:&quot;opacity-tilt&quot;}\">\n\t\t\t\t\t<div class=\"e-con-inner\">\n\t\t\t\t<div class=\"elementor-shape elementor-shape-bottom\" aria-hidden=\"true\" data-negative=\"false\">\n\t\t\t<svg xmlns=\"http:\/\/www.w3.org\/2000\/svg\" viewBox=\"0 0 2600 131.1\" preserveAspectRatio=\"none\">\n\t<path class=\"elementor-shape-fill\" d=\"M0 0L2600 0 2600 69.1 0 0z\"\/>\n\t<path class=\"elementor-shape-fill\" style=\"opacity:0.5\" d=\"M0 0L2600 0 2600 69.1 0 69.1z\"\/>\n\t<path class=\"elementor-shape-fill\" style=\"opacity:0.25\" d=\"M2600 0L0 0 0 130.1 2600 69.1z\"\/>\n<\/svg>\t\t<\/div>\n\t\t\t\t<div class=\"elementor-element elementor-element-45ea6c1 elementor-widget elementor-widget-page-title\" data-id=\"45ea6c1\" data-element_type=\"widget\" data-e-type=\"widget\" data-widget_type=\"page-title.default\">\n\t\t\t\t<div class=\"elementor-widget-container\">\n\t\t\t\t\t\t\t\n\t\t<div class=\"hfe-page-title hfe-page-title-wrapper elementor-widget-heading\">\n\n\t\t\t\t\t\t\t\t\t\t\t<a href=\"https:\/\/ihc.sbc.org.br\/2026\">\n\t\t\t\t\t\t<h1 class=\"elementor-heading-title elementor-size-default\">\n\t\t\t\t\t\t\t\t\n\t\t\t\tTrilha de Relatos de Experi\u00eancia  \n\t\t\t<\/h1 > \n\t\t\t\t\t\t\t\t\t<\/a>\n\t\t\t\t\t<\/div>\n\t\t\t\t\t\t<\/div>\n\t\t\t\t<\/div>\n\t\t\t\t<div class=\"elementor-element elementor-element-8c9c39f elementor-widget-divider--view-line elementor-widget elementor-widget-divider\" data-id=\"8c9c39f\" data-element_type=\"widget\" data-e-type=\"widget\" data-widget_type=\"divider.default\">\n\t\t\t\t\t\t\t<div class=\"elementor-divider\">\n\t\t\t<span class=\"elementor-divider-separator\">\n\t\t\t\t\t\t<\/span>\n\t\t<\/div>\n\t\t\t\t\t\t<\/div>\n\t\t\t\t\t<\/div>\n\t\t\t\t<\/div>\n\t\t<div class=\"elementor-element elementor-element-170ae8d e-flex e-con-boxed e-con e-parent\" data-id=\"170ae8d\" data-element_type=\"container\" data-e-type=\"container\">\n\t\t\t\t\t<div class=\"e-con-inner\">\n\t\t\t\t<div class=\"elementor-element elementor-element-9be0b6b elementor-widget elementor-widget-spacer\" data-id=\"9be0b6b\" data-element_type=\"widget\" data-e-type=\"widget\" data-widget_type=\"spacer.default\">\n\t\t\t\t\t\t\t<div class=\"elementor-spacer\">\n\t\t\t<div class=\"elementor-spacer-inner\"><\/div>\n\t\t<\/div>\n\t\t\t\t\t\t<\/div>\n\t\t\t\t\t<\/div>\n\t\t\t\t<\/div>\n\t\t<div class=\"elementor-element elementor-element-465d97d e-flex e-con-boxed e-con e-parent\" data-id=\"465d97d\" data-element_type=\"container\" data-e-type=\"container\">\n\t\t\t\t\t<div class=\"e-con-inner\">\n\t\t<div class=\"elementor-element elementor-element-645474f e-con-full e-flex e-con e-child\" data-id=\"645474f\" data-element_type=\"container\" data-e-type=\"container\">\n\t\t\t\t<div class=\"elementor-element elementor-element-c7dc682 elementor-widget elementor-widget-text-editor\" data-id=\"c7dc682\" data-element_type=\"widget\" data-e-type=\"widget\" data-widget_type=\"text-editor.default\">\n\t\t\t\t\t\t\t\t\t<p><span style=\"font-weight: 400;\">Artigos da Trilha de Relatos de Experi\u00eancia devem descrever, de forma detalhada, <strong>experi\u00eancias relacionadas \u00e0 I H C<\/strong>, com embasamento te\u00f3rico e metodol\u00f3gico. Isso inclui pr\u00e1ticas no ensino de I H C, condu\u00e7\u00e3o de projetos de design e avalia\u00e7\u00e3o com pessoas usu\u00e1rias, aplica\u00e7\u00e3o de conceitos e m\u00e9todos de I H C em a\u00e7\u00f5es de extens\u00e3o universit\u00e1ria ou em viv\u00eancias na ind\u00fastria, seja p\u00fablica ou privada. Assim, convidamos docentes, extensionistas e profissionais da ind\u00fastria (setor p\u00fablico ou privado) que atuam na \u00e1rea de I H C a submeter artigos \u00e0 Trilha de Relatos de Experi\u00eancias.\u00a0<\/span><\/p><p><span style=\"font-weight: 400;\">Em seu relato de experi\u00eancia, as pessoas autoras devem caracterizar o contexto, as partes envolvidas e a relev\u00e2ncia da experi\u00eancia relatada; tamb\u00e9m devem estar atentas \u00e0 qualidade e ao detalhamento da apresenta\u00e7\u00e3o metodol\u00f3gica para apropria\u00e7\u00e3o por outras pessoas, al\u00e9m de possibilitar reflex\u00f5es significativas sobre essa experi\u00eancia a partir de uma adequada fundamenta\u00e7\u00e3o te\u00f3rico-metodol\u00f3gica. <\/span><\/p>\t\t\t\t\t\t\t\t<\/div>\n\t\t\t\t<div class=\"elementor-element elementor-element-e547be0 elementor-widget elementor-widget-heading\" data-id=\"e547be0\" data-element_type=\"widget\" data-e-type=\"widget\" data-widget_type=\"heading.default\">\n\t\t\t\t\t<h2 class=\"elementor-heading-title elementor-size-default\">Processo de Revis\u00e3o<\/h2>\t\t\t\t<\/div>\n\t\t\t\t<div class=\"elementor-element elementor-element-5456fe5 elementor-widget elementor-widget-text-editor\" data-id=\"5456fe5\" data-element_type=\"widget\" data-e-type=\"widget\" data-widget_type=\"text-editor.default\">\n\t\t\t\t\t\t\t\t\t<p><span style=\"font-weight: 400;\">As submiss\u00f5es ser\u00e3o rejeitadas sem revis\u00e3o se (1) n\u00e3o estiverem em conformidade com todas as instru\u00e7\u00f5es de submiss\u00e3o apresentadas aqui e na <\/span><strong><a href=\"https:\/\/ihc.sbc.org.br\/2026\/index.php\/artigos-completos\/\">CHAMADA GERAL DE ARTIGOS COMPLETOS<\/a><\/strong><span style=\"font-weight: 400;\">, (2) estiverem fora do escopo da Trilha de Relatos ou (3) tiverem sido enviadas ou publicadas em qualquer outro f\u00f3rum (confer\u00eancia ou peri\u00f3dico). Todos os demais trabalhos ser\u00e3o revisados por pelo menos tr\u00eas membros do comit\u00ea do programa. Se a submiss\u00e3o for aceita, as pessoas autoras devem considerar os coment\u00e1rios das revis\u00f5es ao prepararem a vers\u00e3o final do artigo.<\/span><\/p><p><span style=\"font-weight: 400;\">As pessoas revisoras ser\u00e3o orientadas a considerar, entre outros, os seguintes crit\u00e9rios para avalia\u00e7\u00e3o nesta trilha:<\/span><\/p><ul><li style=\"font-weight: 400;\" aria-level=\"1\"><span style=\"font-weight: 400;\"><strong>Ader\u00eancia \u00e0 trilha:<\/strong> o artigo \u00e9 aderente \u00e0 trilha de Relatos de Experi\u00eancia?\u00a0<\/span><\/li><li style=\"font-weight: 400;\" aria-level=\"1\"><span style=\"font-weight: 400;\"><strong>Contribui\u00e7\u00e3o \u00e0 comunidade:<\/strong> as discuss\u00f5es e contribui\u00e7\u00f5es apresentadas s\u00e3o significativas para a comunidade de I H C e para praticantes da \u00e1rea? Artigos submetidos a esta trilha n\u00e3o precisam necessariamente avan\u00e7ar o\/a estado de\/a conhecimento\/arte.<\/span><\/li><li style=\"font-weight: 400;\" aria-level=\"1\"><span style=\"font-weight: 400;\"><strong>Qualidade da apresenta\u00e7\u00e3o textual:<\/strong> o artigo est\u00e1 bem escrito e adequadamente apresentado quanto \u00e0 linguagem, conte\u00fado e forma, seguindo o modelo do evento?<\/span><\/li><li style=\"font-weight: 400;\" aria-level=\"1\"><span style=\"font-weight: 400;\"><strong>Caracteriza\u00e7\u00e3o do contexto:<\/strong> o contexto est\u00e1 bem caracterizado, situando a experi\u00eancia no tempo e no espa\u00e7o? A apresenta\u00e7\u00e3o do relato est\u00e1 bem justificada?<\/span><\/li><li style=\"font-weight: 400;\" aria-level=\"1\"><span style=\"font-weight: 400;\"><strong>Refer\u00eancia a trabalhos correlatos:<\/strong> s\u00e3o apresentadas refer\u00eancias que valorizem outras experi\u00eancias e contextualizem a experi\u00eancia relatada?\u00a0<\/span><\/li><li style=\"font-weight: 400;\" aria-level=\"1\"><span style=\"font-weight: 400;\"><strong>Fundamenta\u00e7\u00e3o te\u00f3rico-metodol\u00f3gica:<\/strong> a experi\u00eancia relatada possui uma base te\u00f3rico-metodol\u00f3gica adequada e s\u00f3lida? As decis\u00f5es sobre a escolha da aplica\u00e7\u00e3o de pr\u00e1ticas, m\u00e9todos e conceitos s\u00e3o adequadamente justificadas?<\/span><\/li><li style=\"font-weight: 400;\" aria-level=\"1\"><span style=\"font-weight: 400;\"><strong>Qualidade da apresenta\u00e7\u00e3o da experi\u00eancia:<\/strong> As partes envolvidas s\u00e3o apresentadas? Os materiais e m\u00e9todos s\u00e3o caracterizados adequadamente, de modo que outras pessoas ou grupos possam ressignific\u00e1-los?<\/span><\/li><li style=\"font-weight: 400;\" aria-level=\"1\"><span style=\"font-weight: 400;\"><strong>Reflex\u00f5es sobre a experi\u00eancia:<\/strong> as discuss\u00f5es s\u00e3o consistentes com a fundamenta\u00e7\u00e3o te\u00f3rico-metodol\u00f3gica apresentada? S\u00e3o significativas a ponto de provocar revis\u00f5es ou evolu\u00e7\u00e3o de pr\u00e1ticas locais e\/ou no \u00e2mbito da comunidade de I H C?<\/span><\/li><\/ul>\t\t\t\t\t\t\t\t<\/div>\n\t\t\t\t<div class=\"elementor-element elementor-element-cb406a6 elementor-widget elementor-widget-heading\" data-id=\"cb406a6\" data-element_type=\"widget\" data-e-type=\"widget\" data-widget_type=\"heading.default\">\n\t\t\t\t\t<h2 class=\"elementor-heading-title elementor-size-default\">Exemplos de Trabalhos\n<\/h2>\t\t\t\t<\/div>\n\t\t\t\t<div class=\"elementor-element elementor-element-aeddcf5 elementor-widget elementor-widget-text-editor\" data-id=\"aeddcf5\" data-element_type=\"widget\" data-e-type=\"widget\" data-widget_type=\"text-editor.default\">\n\t\t\t\t\t\t\t\t\t<p><span style=\"font-weight: 400;\">Alguns exemplos de trabalhos recentemente publicados na trilha de Relatos de Experi\u00eancia do IHC que exemplificam boas pr\u00e1ticas e atendem aos crit\u00e9rios descritos acima:<\/span><\/p><ul><li style=\"font-weight: 400;\" aria-level=\"1\"><a href=\"https:\/\/dl.acm.org\/doi\/10.1145\/3702038.3702043\"><span style=\"font-weight: 400;\">Empowering Elderly People for Disinformation Education in the Digital Age \u2013 An Activity Linked to University Extension<\/span><\/a><\/li><li style=\"font-weight: 400;\" aria-level=\"1\"><a href=\"https:\/\/dl.acm.org\/doi\/10.1145\/3702038.3702040\"><span style=\"font-weight: 400;\">Accessibility Inspections Using the Web Content Accessibility Guidelines by Novice Evaluators: an Experience Report<\/span><\/a><\/li><li style=\"font-weight: 400;\" aria-level=\"1\"><a href=\"https:\/\/dl.acm.org\/doi\/10.1145\/3702038.3702039\"><span style=\"font-weight: 400;\">Should I use my imagination?\u2019 An attempt at co-designing a game editor within an app for alternative communication with children with autism<\/span><\/a><\/li><\/ul>\t\t\t\t\t\t\t\t<\/div>\n\t\t\t\t<div class=\"elementor-element elementor-element-40accff elementor-widget elementor-widget-heading\" data-id=\"40accff\" data-element_type=\"widget\" data-e-type=\"widget\" data-widget_type=\"heading.default\">\n\t\t\t\t\t<h3 class=\"elementor-heading-title elementor-size-default\">Coordena\u00e7\u00e3o da Trilha<\/h3>\t\t\t\t<\/div>\n\t\t\t\t<div class=\"elementor-element elementor-element-c633e1d elementor-widget elementor-widget-text-editor\" data-id=\"c633e1d\" data-element_type=\"widget\" data-e-type=\"widget\" data-widget_type=\"text-editor.default\">\n\t\t\t\t\t\t\t\t\t<p><span style=\"font-weight: 400;\">Anna Beatriz Marques (U F C) \u2013 <a href=\"mailto:beatriz.marques@ufc.br\">beatriz.marques@ufc.br<\/a><\/span><\/p><p><span style=\"font-weight: 400;\">Sandra Souza Rodrigues (UFLA) \u2013 <a href=\"mailto:sandra.rodrigues@ufla.br\">sandra.rodrigues@ufla.br<\/a><\/span><\/p>\t\t\t\t\t\t\t\t<\/div>\n\t\t\t\t<div class=\"elementor-element elementor-element-9cb9f47 elementor-widget elementor-widget-heading\" data-id=\"9cb9f47\" data-element_type=\"widget\" data-e-type=\"widget\" data-widget_type=\"heading.default\">\n\t\t\t\t\t<h3 class=\"elementor-heading-title elementor-size-default\">Comit\u00ea de Programa<\/h3>\t\t\t\t<\/div>\n\t\t\t\t<div class=\"elementor-element elementor-element-35c996a elementor-widget elementor-widget-text-editor\" data-id=\"35c996a\" data-element_type=\"widget\" data-e-type=\"widget\" data-widget_type=\"text-editor.default\">\n\t\t\t\t\t\t\t\t\t<p>Em constru\u00e7\u00e3o<\/p>\t\t\t\t\t\t\t\t<\/div>\n\t\t\t\t<\/div>\n\t\t<div class=\"elementor-element elementor-element-29090bf e-con-full e-flex e-con e-child\" data-id=\"29090bf\" data-element_type=\"container\" data-e-type=\"container\">\n\t\t\t\t<div class=\"elementor-element elementor-element-0e7d73e elementor-widget elementor-widget-heading\" data-id=\"0e7d73e\" data-element_type=\"widget\" data-e-type=\"widget\" data-widget_type=\"heading.default\">\n\t\t\t\t\t<h2 class=\"elementor-heading-title elementor-size-default\">Datas Importantes<\/h2>\t\t\t\t<\/div>\n\t\t\t\t<div class=\"elementor-element elementor-element-b121028 elementor-widget elementor-widget-text-editor\" data-id=\"b121028\" data-element_type=\"widget\" data-e-type=\"widget\" data-widget_type=\"text-editor.default\">\n\t\t\t\t\t\t\t\t\t<ul><li><span style=\"font-weight: 400;\">Registro do artigo: <strong>10\/05\/2026<\/strong><\/span><\/li><li><span style=\"font-weight: 400;\">Submiss\u00e3o do artigo: <strong>17\/05\/2026<\/strong><\/span><\/li><li><span style=\"font-weight: 400;\">Notifica\u00e7\u00e3o de resultados: <strong>10\/07\/2026<\/strong><\/span><\/li><li><span style=\"font-weight: 400;\">Revis\u00e3o e Ressubmiss\u00e3o: <strong>31\/07\/2026<\/strong><\/span><span style=\"font-weight: 400;\"><br \/><\/span><span style=\"font-weight: 400;\">Notifica\u00e7\u00e3o final: <strong>21\/08\/2026<\/strong><\/span><\/li><li><span style=\"font-weight: 400;\">Envio da vers\u00e3o final: <strong>04\/09\/2026<\/strong><\/span><\/li><li><span style=\"font-weight: 400;\">Apresenta\u00e7\u00e3o: durante o I H C 2026<\/span><\/li><\/ul>\t\t\t\t\t\t\t\t<\/div>\n\t\t\t\t<div class=\"elementor-element elementor-element-78990ea elementor-align-left elementor-widget elementor-widget-button\" data-id=\"78990ea\" data-element_type=\"widget\" data-e-type=\"widget\" data-widget_type=\"button.default\">\n\t\t\t\t\t\t\t\t\t\t<a class=\"elementor-button elementor-button-link elementor-size-sm\" href=\"https:\/\/jems3.sbc.org.br\/events\/606\">\n\t\t\t\t\t\t<span class=\"elementor-button-content-wrapper\">\n\t\t\t\t\t\t<span class=\"elementor-button-icon\">\n\t\t\t\t<svg aria-hidden=\"true\" class=\"e-font-icon-svg e-fas-chevron-right\" viewBox=\"0 0 320 512\" xmlns=\"http:\/\/www.w3.org\/2000\/svg\"><path d=\"M285.476 272.971L91.132 467.314c-9.373 9.373-24.569 9.373-33.941 0l-22.667-22.667c-9.357-9.357-9.375-24.522-.04-33.901L188.505 256 34.484 101.255c-9.335-9.379-9.317-24.544.04-33.901l22.667-22.667c9.373-9.373 24.569-9.373 33.941 0L285.475 239.03c9.373 9.372 9.373 24.568.001 33.941z\"><\/path><\/svg>\t\t\t<\/span>\n\t\t\t\t\t\t\t\t\t<span class=\"elementor-button-text\">Submeter artigo pelo JEMS<\/span>\n\t\t\t\t\t<\/span>\n\t\t\t\t\t<\/a>\n\t\t\t\t\t\t\t\t<\/div>\n\t\t\t\t<\/div>\n\t\t\t\t\t<\/div>\n\t\t\t\t<\/div>\n\t\t\t\t<\/div>\n\t\t","protected":false},"excerpt":{"rendered":"<p>Trilha de Relatos de Experi\u00eancia Artigos da Trilha de Relatos de Experi\u00eancia devem descrever, de forma detalhada, experi\u00eancias relacionadas \u00e0 I H C, com embasamento te\u00f3rico e metodol\u00f3gico. Isso inclui pr\u00e1ticas no ensino de I H C, condu\u00e7\u00e3o de projetos de design e avalia\u00e7\u00e3o com pessoas usu\u00e1rias, aplica\u00e7\u00e3o de conceitos e m\u00e9todos de I H [&hellip;]<\/p>\n","protected":false},"author":2,"featured_media":0,"parent":0,"menu_order":0,"comment_status":"closed","ping_status":"closed","template":"","meta":{"footnotes":""},"class_list":["post-329","page","type-page","status-publish","hentry"],"_links":{"self":[{"href":"https:\/\/ihc.sbc.org.br\/2026\/index.php\/wp-json\/wp\/v2\/pages\/329","targetHints":{"allow":["GET"]}}],"collection":[{"href":"https:\/\/ihc.sbc.org.br\/2026\/index.php\/wp-json\/wp\/v2\/pages"}],"about":[{"href":"https:\/\/ihc.sbc.org.br\/2026\/index.php\/wp-json\/wp\/v2\/types\/page"}],"author":[{"embeddable":true,"href":"https:\/\/ihc.sbc.org.br\/2026\/index.php\/wp-json\/wp\/v2\/users\/2"}],"replies":[{"embeddable":true,"href":"https:\/\/ihc.sbc.org.br\/2026\/index.php\/wp-json\/wp\/v2\/comments?post=329"}],"version-history":[{"count":13,"href":"https:\/\/ihc.sbc.org.br\/2026\/index.php\/wp-json\/wp\/v2\/pages\/329\/revisions"}],"predecessor-version":[{"id":545,"href":"https:\/\/ihc.sbc.org.br\/2026\/index.php\/wp-json\/wp\/v2\/pages\/329\/revisions\/545"}],"wp:attachment":[{"href":"https:\/\/ihc.sbc.org.br\/2026\/index.php\/wp-json\/wp\/v2\/media?parent=329"}],"curies":[{"name":"wp","href":"https:\/\/api.w.org\/{rel}","templated":true}]}}