{"id":323,"date":"2026-04-08T21:18:17","date_gmt":"2026-04-09T00:18:17","guid":{"rendered":"https:\/\/ihc.sbc.org.br\/2026\/?page_id=323"},"modified":"2026-04-09T21:42:27","modified_gmt":"2026-04-10T00:42:27","slug":"trilha-de-pesquisa","status":"publish","type":"page","link":"https:\/\/ihc.sbc.org.br\/2026\/index.php\/trilha-de-pesquisa\/","title":{"rendered":"Trilha de Pesquisa"},"content":{"rendered":"\t\t<div data-elementor-type=\"wp-page\" data-elementor-id=\"323\" class=\"elementor elementor-323\">\n\t\t\t\t<div class=\"elementor-element elementor-element-a75ab82 e-flex e-con-boxed e-con e-parent\" data-id=\"a75ab82\" data-element_type=\"container\" data-e-type=\"container\" data-settings=\"{&quot;background_background&quot;:&quot;classic&quot;,&quot;shape_divider_bottom&quot;:&quot;opacity-tilt&quot;}\">\n\t\t\t\t\t<div class=\"e-con-inner\">\n\t\t\t\t<div class=\"elementor-shape elementor-shape-bottom\" aria-hidden=\"true\" data-negative=\"false\">\n\t\t\t<svg xmlns=\"http:\/\/www.w3.org\/2000\/svg\" viewBox=\"0 0 2600 131.1\" preserveAspectRatio=\"none\">\n\t<path class=\"elementor-shape-fill\" d=\"M0 0L2600 0 2600 69.1 0 0z\"\/>\n\t<path class=\"elementor-shape-fill\" style=\"opacity:0.5\" d=\"M0 0L2600 0 2600 69.1 0 69.1z\"\/>\n\t<path class=\"elementor-shape-fill\" style=\"opacity:0.25\" d=\"M2600 0L0 0 0 130.1 2600 69.1z\"\/>\n<\/svg>\t\t<\/div>\n\t\t\t\t<div class=\"elementor-element elementor-element-45ea6c1 elementor-widget elementor-widget-page-title\" data-id=\"45ea6c1\" data-element_type=\"widget\" data-e-type=\"widget\" data-widget_type=\"page-title.default\">\n\t\t\t\t<div class=\"elementor-widget-container\">\n\t\t\t\t\t\t\t\n\t\t<div class=\"hfe-page-title hfe-page-title-wrapper elementor-widget-heading\">\n\n\t\t\t\t\t\t\t\t\t\t\t<a href=\"https:\/\/ihc.sbc.org.br\/2026\">\n\t\t\t\t\t\t<h1 class=\"elementor-heading-title elementor-size-default\">\n\t\t\t\t\t\t\t\t\n\t\t\t\tTrilha de Pesquisa  \n\t\t\t<\/h1 > \n\t\t\t\t\t\t\t\t\t<\/a>\n\t\t\t\t\t<\/div>\n\t\t\t\t\t\t<\/div>\n\t\t\t\t<\/div>\n\t\t\t\t<div class=\"elementor-element elementor-element-8c9c39f elementor-widget-divider--view-line elementor-widget elementor-widget-divider\" data-id=\"8c9c39f\" data-element_type=\"widget\" data-e-type=\"widget\" data-widget_type=\"divider.default\">\n\t\t\t\t\t\t\t<div class=\"elementor-divider\">\n\t\t\t<span class=\"elementor-divider-separator\">\n\t\t\t\t\t\t<\/span>\n\t\t<\/div>\n\t\t\t\t\t\t<\/div>\n\t\t\t\t\t<\/div>\n\t\t\t\t<\/div>\n\t\t<div class=\"elementor-element elementor-element-170ae8d e-flex e-con-boxed e-con e-parent\" data-id=\"170ae8d\" data-element_type=\"container\" data-e-type=\"container\">\n\t\t\t\t\t<div class=\"e-con-inner\">\n\t\t\t\t<div class=\"elementor-element elementor-element-9be0b6b elementor-widget elementor-widget-spacer\" data-id=\"9be0b6b\" data-element_type=\"widget\" data-e-type=\"widget\" data-widget_type=\"spacer.default\">\n\t\t\t\t\t\t\t<div class=\"elementor-spacer\">\n\t\t\t<div class=\"elementor-spacer-inner\"><\/div>\n\t\t<\/div>\n\t\t\t\t\t\t<\/div>\n\t\t\t\t\t<\/div>\n\t\t\t\t<\/div>\n\t\t<div class=\"elementor-element elementor-element-465d97d e-flex e-con-boxed e-con e-parent\" data-id=\"465d97d\" data-element_type=\"container\" data-e-type=\"container\">\n\t\t\t\t\t<div class=\"e-con-inner\">\n\t\t<div class=\"elementor-element elementor-element-645474f e-con-full e-flex e-con e-child\" data-id=\"645474f\" data-element_type=\"container\" data-e-type=\"container\">\n\t\t\t\t<div class=\"elementor-element elementor-element-c7dc682 elementor-widget elementor-widget-text-editor\" data-id=\"c7dc682\" data-element_type=\"widget\" data-e-type=\"widget\" data-widget_type=\"text-editor.default\">\n\t\t\t\t\t\t\t\t\t<p><span style=\"font-weight: 400;\">A Trilha de Pesquisa acolhe artigos que descrevem investiga\u00e7\u00f5es originais em <\/span><b>Intera\u00e7\u00e3o Humano-Computador (I H C)<\/b><span style=\"font-weight: 400;\">. Os trabalhos devem apresentar resultados s\u00f3lidos, de alta qualidade acad\u00eamica, e oferecer contribui\u00e7\u00f5es claras e in\u00e9ditas para a \u00e1rea.As contribui\u00e7\u00f5es devem incluir resultados de estudos que fornecem novas evid\u00eancias sobre a pesquisa ou a aplica\u00e7\u00e3o de I H C. Na Trilha de Pesquisa, os artigos devem apresentar resultados in\u00e9ditos, com valida\u00e7\u00e3o adequada, conforme o m\u00e9todo de pesquisa empregado.<\/span><\/p>\t\t\t\t\t\t\t\t<\/div>\n\t\t\t\t<div class=\"elementor-element elementor-element-c6b3874 elementor-widget elementor-widget-heading\" data-id=\"c6b3874\" data-element_type=\"widget\" data-e-type=\"widget\" data-widget_type=\"heading.default\">\n\t\t\t\t\t<h2 class=\"elementor-heading-title elementor-size-default\">Pol\u00edtica de Responsabilidade de Revis\u00e3o <\/h2>\t\t\t\t<\/div>\n\t\t\t\t<div class=\"elementor-element elementor-element-b604038 elementor-widget elementor-widget-text-editor\" data-id=\"b604038\" data-element_type=\"widget\" data-e-type=\"widget\" data-widget_type=\"text-editor.default\">\n\t\t\t\t\t\t\t\t\t<p><span style=\"font-weight: 400;\">Alinhada \u00e0 pol\u00edtica de sustentabilidade da comunidade cient\u00edfica descrita na <\/span><strong><a href=\"https:\/\/ihc.sbc.org.br\/2026\/index.php\/artigos-completos\/\">CHAMADA GERAL DE ARTIGOS COMPLETOS<\/a><\/strong><span style=\"font-weight: 400;\">, a <\/span><b>autoria<\/b><span style=\"font-weight: 400;\"> dos trabalhos submetidos \u00e0 Trilha de Pesquisa deve contribuir ativamente para o processo de avalia\u00e7\u00e3o por pares.<\/span><\/p>\t\t\t\t\t\t\t\t<\/div>\n\t\t\t\t<div class=\"elementor-element elementor-element-e547be0 elementor-widget elementor-widget-heading\" data-id=\"e547be0\" data-element_type=\"widget\" data-e-type=\"widget\" data-widget_type=\"heading.default\">\n\t\t\t\t\t<h2 class=\"elementor-heading-title elementor-size-default\">Processo de Revis\u00e3o da Trilha<\/h2>\t\t\t\t<\/div>\n\t\t\t\t<div class=\"elementor-element elementor-element-5456fe5 elementor-widget elementor-widget-text-editor\" data-id=\"5456fe5\" data-element_type=\"widget\" data-e-type=\"widget\" data-widget_type=\"text-editor.default\">\n\t\t\t\t\t\t\t\t\t<p><span style=\"font-weight: 400;\">As submiss\u00f5es ser\u00e3o rejeitadas sem revis\u00e3o (Desk reject) caso:<\/span><\/p><ol><li style=\"font-weight: 400;\" aria-level=\"1\"><span style=\"font-weight: 400;\">N\u00e3o se conformem com as instru\u00e7\u00f5es desta chamada ou da<\/span> <strong><a href=\"https:\/\/ihc.sbc.org.br\/2026\/index.php\/artigos-completos\/\">CHAMADA GERAL DE ARTIGOS COMPLETOS<\/a><\/strong><span style=\"font-weight: 400;\">;<\/span><\/li><li style=\"font-weight: 400;\" aria-level=\"1\"><span style=\"font-weight: 400;\">Estejam fora do escopo da Trilha de Pesquisa;<\/span><\/li><li style=\"font-weight: 400;\" aria-level=\"1\">J\u00e1 tenham sido publicadas ou estejam em avalia\u00e7\u00e3o em outro f\u00f3rum (confer\u00eancia ou peri\u00f3dico).\u00a0<\/li><\/ol><p>\u00a0<\/p><p><span style=\"font-weight: 400;\">As demais submiss\u00f5es passar\u00e3o por uma revis\u00e3o por pares realizada por pelo menos tr\u00eas especialistas do Comit\u00ea de Programa, considerando, entre outros, os seguintes crit\u00e9rios para avalia\u00e7\u00e3o nesta trilha:<\/span><\/p><ul><li style=\"font-weight: 400;\" aria-level=\"1\"><span style=\"font-weight: 400;\"><strong>Ader\u00eancia \u00e0 trilha:<\/strong> o artigo \u00e9 aderente \u00e0 trilha de Pesquisa?\u00a0<\/span><\/li><li style=\"font-weight: 400;\" aria-level=\"1\"><span style=\"font-weight: 400;\"><strong>Contribui\u00e7\u00e3o \u00e0 \u00e1rea:<\/strong> as discuss\u00f5es e contribui\u00e7\u00f5es da pesquisa apresentadas s\u00e3o significativas para a comunidade de I H C e para praticantes da \u00e1rea? \u00c9 fundamental que o trabalho avance o <\/span><b>estado da arte ou do conhecimento<\/b><span style=\"font-weight: 400;\"> na \u00e1rea, com contribui\u00e7\u00f5es explicitamente descritas no corpo do texto<\/span><\/li><li style=\"font-weight: 400;\" aria-level=\"1\"><span style=\"font-weight: 400;\"><strong>Qualidade da apresenta\u00e7\u00e3o textual:<\/strong> o artigo est\u00e1 bem escrito e adequadamente apresentado quanto \u00e0 linguagem, conte\u00fado e forma, seguindo o modelo do evento?<\/span><\/li><li style=\"font-weight: 400;\" aria-level=\"1\"><span style=\"font-weight: 400;\"><strong>Caracteriza\u00e7\u00e3o do contexto:<\/strong> o contexto est\u00e1 bem caracterizado, situando a pesquisa no tempo e frente \u00e0 literatura? A apresenta\u00e7\u00e3o do problema de pesquisa tratado est\u00e1 bem justificada?<\/span><\/li><li style=\"font-weight: 400;\" aria-level=\"1\"><span style=\"font-weight: 400;\"><strong>Refer\u00eancia a trabalhos correlatos:<\/strong> s\u00e3o apresentadas refer\u00eancias que valorizem outras pesquisas similares? H\u00e1 reflex\u00e3o sobre os trabalhos correlatos <\/span><i><span style=\"font-weight: 400;\">em rela\u00e7\u00e3o<\/span><\/i><span style=\"font-weight: 400;\"> aos trabalhos em avalia\u00e7\u00e3o?<\/span><\/li><li style=\"font-weight: 400;\" aria-level=\"1\"><span style=\"font-weight: 400;\"><strong>Fundamenta\u00e7\u00e3o te\u00f3rico-metodol\u00f3gica:<\/strong> a pesquisa e as contribui\u00e7\u00f5es relatadas t\u00eam base te\u00f3rico-metodol\u00f3gica adequada e s\u00f3lida? A metodologia e suas etapas s\u00e3o bem descritas? O texto fornece recursos suficientes para a poss\u00edvel replica\u00e7\u00e3o da metodologia por outras pessoas da comunidade cient\u00edfica?<\/span><\/li><li style=\"font-weight: 400;\" aria-level=\"1\"><span style=\"font-weight: 400;\"><strong>Reflex\u00f5es sobre a pesquisa:<\/strong> as discuss\u00f5es s\u00e3o consistentes com a fundamenta\u00e7\u00e3o te\u00f3rico-metodol\u00f3gica apresentada? S\u00e3o significativas a ponto de provocar revis\u00f5es ou evolu\u00e7\u00e3o de pr\u00e1ticas locais e\/ou no \u00e2mbito da comunidade de I H C?<\/span><\/li><li style=\"font-weight: 400;\" aria-level=\"1\"><span style=\"font-weight: 400;\"><strong>Qualidade da apresenta\u00e7\u00e3o dos resultados da pesquisa:<\/strong> os resultados est\u00e3o bem descritos? H\u00e1 alinhamento entre a pesquisa, os resultados apresentados e a fundamenta\u00e7\u00e3o te\u00f3rico-metodol\u00f3gica? As partes envolvidas s\u00e3o apresentadas (anonimizadas)?<\/span><\/li><li style=\"font-weight: 400;\" aria-level=\"1\"><span style=\"font-weight: 400;\">Se o trabalho \u00e9 uma<strong> revis\u00e3o da literatura<\/strong>, o texto deixa expl\u00edcito o tipo de t\u00e9cnica sistem\u00e1tica empregada? O texto descreve o protocolo da pesquisa, com todas as etapas,\u00a0 de modo que outras pessoas da comunidade cient\u00edfica possam ressignific\u00e1-lo? O texto descreve os recursos e as ferramentas utilizados nas etapas? Est\u00e1 expl\u00edcita a quantidade de pessoas (ju\u00edzes) que participaram das etapas de sele\u00e7\u00e3o dos estudos da literatura? Os resultados apresentados trazem contribui\u00e7\u00f5es para a comunidade de I H C e para o estado da arte? Destaca-se que esta n\u00e3o \u00e9 uma trilha de relatos apenas.<\/span><\/li><\/ul><p>\u00a0<\/p><p><span style=\"font-weight: 400;\">As submiss\u00f5es aceitas dever\u00e3o, obrigatoriamente, incluir os ajustes indicados nas revis\u00f5es recebidas durante a prepara\u00e7\u00e3o da vers\u00e3o final.<\/span><\/p>\t\t\t\t\t\t\t\t<\/div>\n\t\t\t\t<div class=\"elementor-element elementor-element-cb406a6 elementor-widget elementor-widget-heading\" data-id=\"cb406a6\" data-element_type=\"widget\" data-e-type=\"widget\" data-widget_type=\"heading.default\">\n\t\t\t\t\t<h2 class=\"elementor-heading-title elementor-size-default\">Exemplos de Trabalhos\n<\/h2>\t\t\t\t<\/div>\n\t\t\t\t<div class=\"elementor-element elementor-element-aeddcf5 elementor-widget elementor-widget-text-editor\" data-id=\"aeddcf5\" data-element_type=\"widget\" data-e-type=\"widget\" data-widget_type=\"text-editor.default\">\n\t\t\t\t\t\t\t\t\t<p><span style=\"font-weight: 400;\">Alguns exemplos de trabalhos recentemente publicados na trilha de Pesquisa do I H C que exemplificam boas pr\u00e1ticas e atendem aos crit\u00e9rios descritos acima:<\/span><\/p><ul><li style=\"font-weight: 400;\" aria-level=\"1\"><a href=\"https:\/\/dl.acm.org\/doi\/abs\/10.1145\/3702038.3702099\"><span style=\"font-weight: 400;\">Investigating Difficulties and Decisions in Information Visualization Design<\/span><\/a><\/li><li style=\"font-weight: 400;\" aria-level=\"1\"><a href=\"https:\/\/dl.acm.org\/doi\/10.1145\/3638067.3638081\"><span style=\"font-weight: 400;\">Evolution may come with a price: analyzing user reviews to understand the impact of updates on mobile apps accessibility<\/span><\/a><\/li><li style=\"font-weight: 400;\" aria-level=\"1\"><a href=\"https:\/\/dl.acm.org\/doi\/10.1145\/3638067.3638076\"><span style=\"font-weight: 400;\">Understanding the Accessibility Barriers Faced by Learners with Visual Impairments in Computer Programming<\/span><\/a><\/li><li style=\"font-weight: 400;\" aria-level=\"1\"><a href=\"https:\/\/dl.acm.org\/doi\/10.1145\/3554364.3559122\"><span style=\"font-weight: 400;\">A systematic mapping study on digital game adaptation dimensions<\/span><\/a><\/li><li style=\"font-weight: 400;\" aria-level=\"1\"><a href=\"https:\/\/dl.acm.org\/doi\/10.1145\/3702038.3702104\"><span style=\"font-weight: 400;\">Reflections on the Applicability of the Semiotic Engineering Ontology Extended to the HInt Paradigm<\/span><\/a><\/li><li style=\"font-weight: 400;\" aria-level=\"1\"><a href=\"https:\/\/doi.org\/10.5753\/ihc.2025.10788\"><span style=\"font-weight: 400;\">Usability, Accessibility and User Experience Evaluation of ADA Blocks by HCI Experts<\/span><\/a><\/li><li style=\"font-weight: 400;\" aria-level=\"1\"><a href=\"https:\/\/doi.org\/10.5753\/ihc.2025.10876\"><span style=\"font-weight: 400;\">Acessibilidade para Pessoas com Defici\u00eancia em Redes Sociais: Avalia\u00e7\u00e3o com Base na NBR 17060<\/span><\/a><\/li><\/ul>\t\t\t\t\t\t\t\t<\/div>\n\t\t\t\t<div class=\"elementor-element elementor-element-1443800 elementor-widget elementor-widget-spacer\" data-id=\"1443800\" data-element_type=\"widget\" data-e-type=\"widget\" data-widget_type=\"spacer.default\">\n\t\t\t\t\t\t\t<div class=\"elementor-spacer\">\n\t\t\t<div class=\"elementor-spacer-inner\"><\/div>\n\t\t<\/div>\n\t\t\t\t\t\t<\/div>\n\t\t\t\t<div class=\"elementor-element elementor-element-40accff elementor-widget elementor-widget-heading\" data-id=\"40accff\" data-element_type=\"widget\" data-e-type=\"widget\" data-widget_type=\"heading.default\">\n\t\t\t\t\t<h3 class=\"elementor-heading-title elementor-size-default\">Coordena\u00e7\u00e3o da Trilha\n<\/h3>\t\t\t\t<\/div>\n\t\t\t\t<div class=\"elementor-element elementor-element-c633e1d elementor-widget elementor-widget-text-editor\" data-id=\"c633e1d\" data-element_type=\"widget\" data-e-type=\"widget\" data-widget_type=\"text-editor.default\">\n\t\t\t\t\t\t\t\t\t<p><span style=\"font-weight: 400;\">Saul Delabrida (UFOP) \u2013 <a href=\"mailto:saul.delabrida@ufop.edu.br\">saul.delabrida@ufop.edu.br<\/a><\/span><\/p><p><span style=\"font-weight: 400;\">Ticianne Darin (U F C) \u2013 <a href=\"mailto:ticianne@virtual.ufc.br\">ticianne@virtual.ufc.br<\/a><\/span><\/p>\t\t\t\t\t\t\t\t<\/div>\n\t\t\t\t<div class=\"elementor-element elementor-element-1efef39 elementor-widget elementor-widget-heading\" data-id=\"1efef39\" data-element_type=\"widget\" data-e-type=\"widget\" data-widget_type=\"heading.default\">\n\t\t\t\t\t<h3 class=\"elementor-heading-title elementor-size-default\">Comit\u00ea de Programa<\/h3>\t\t\t\t<\/div>\n\t\t\t\t<div class=\"elementor-element elementor-element-6e47bc4 elementor-widget elementor-widget-text-editor\" data-id=\"6e47bc4\" data-element_type=\"widget\" data-e-type=\"widget\" data-widget_type=\"text-editor.default\">\n\t\t\t\t\t\t\t\t\t<p>Em constru\u00e7\u00e3o<\/p>\t\t\t\t\t\t\t\t<\/div>\n\t\t\t\t<\/div>\n\t\t<div class=\"elementor-element elementor-element-29090bf e-con-full e-flex e-con e-child\" data-id=\"29090bf\" data-element_type=\"container\" data-e-type=\"container\">\n\t\t\t\t<div class=\"elementor-element elementor-element-0e7d73e elementor-widget elementor-widget-heading\" data-id=\"0e7d73e\" data-element_type=\"widget\" data-e-type=\"widget\" data-widget_type=\"heading.default\">\n\t\t\t\t\t<h2 class=\"elementor-heading-title elementor-size-default\">Datas Importantes<\/h2>\t\t\t\t<\/div>\n\t\t\t\t<div class=\"elementor-element elementor-element-b121028 elementor-widget elementor-widget-text-editor\" data-id=\"b121028\" data-element_type=\"widget\" data-e-type=\"widget\" data-widget_type=\"text-editor.default\">\n\t\t\t\t\t\t\t\t\t<ul><li><span style=\"font-weight: 400;\">Registro do artigo: <strong>10\/05\/2026<\/strong><\/span><\/li><li><span style=\"font-weight: 400;\">Submiss\u00e3o do artigo: <strong>17\/05\/2026<\/strong><\/span><\/li><li><span style=\"font-weight: 400;\">Notifica\u00e7\u00e3o de resultados: <strong>10\/07\/2026<\/strong><\/span><\/li><li><span style=\"font-weight: 400;\">Revis\u00e3o e Ressubmiss\u00e3o: <strong>31\/07\/2026<\/strong><\/span><span style=\"font-weight: 400;\"><br \/><\/span><span style=\"font-weight: 400;\">Notifica\u00e7\u00e3o final: <strong>21\/08\/2026<\/strong><\/span><\/li><li><span style=\"font-weight: 400;\">Envio da vers\u00e3o final: <strong>04\/09\/2026<\/strong><\/span><\/li><li><span style=\"font-weight: 400;\">Apresenta\u00e7\u00e3o: durante o I H C 2026<\/span><\/li><\/ul>\t\t\t\t\t\t\t\t<\/div>\n\t\t\t\t<div class=\"elementor-element elementor-element-78990ea elementor-align-left elementor-widget elementor-widget-button\" data-id=\"78990ea\" data-element_type=\"widget\" data-e-type=\"widget\" data-widget_type=\"button.default\">\n\t\t\t\t\t\t\t\t\t\t<a class=\"elementor-button elementor-button-link elementor-size-sm\" href=\"https:\/\/jems3.sbc.org.br\/events\/604\">\n\t\t\t\t\t\t<span class=\"elementor-button-content-wrapper\">\n\t\t\t\t\t\t<span class=\"elementor-button-icon\">\n\t\t\t\t<svg aria-hidden=\"true\" class=\"e-font-icon-svg e-fas-chevron-right\" viewBox=\"0 0 320 512\" xmlns=\"http:\/\/www.w3.org\/2000\/svg\"><path d=\"M285.476 272.971L91.132 467.314c-9.373 9.373-24.569 9.373-33.941 0l-22.667-22.667c-9.357-9.357-9.375-24.522-.04-33.901L188.505 256 34.484 101.255c-9.335-9.379-9.317-24.544.04-33.901l22.667-22.667c9.373-9.373 24.569-9.373 33.941 0L285.475 239.03c9.373 9.372 9.373 24.568.001 33.941z\"><\/path><\/svg>\t\t\t<\/span>\n\t\t\t\t\t\t\t\t\t<span class=\"elementor-button-text\">Submeter artigo pelo JEMS<\/span>\n\t\t\t\t\t<\/span>\n\t\t\t\t\t<\/a>\n\t\t\t\t\t\t\t\t<\/div>\n\t\t\t\t<\/div>\n\t\t\t\t\t<\/div>\n\t\t\t\t<\/div>\n\t\t\t\t<\/div>\n\t\t","protected":false},"excerpt":{"rendered":"<p>Trilha de Pesquisa A Trilha de Pesquisa acolhe artigos que descrevem investiga\u00e7\u00f5es originais em Intera\u00e7\u00e3o Humano-Computador (I H C). Os trabalhos devem apresentar resultados s\u00f3lidos, de alta qualidade acad\u00eamica, e oferecer contribui\u00e7\u00f5es claras e in\u00e9ditas para a \u00e1rea.As contribui\u00e7\u00f5es devem incluir resultados de estudos que fornecem novas evid\u00eancias sobre a pesquisa ou a aplica\u00e7\u00e3o de [&hellip;]<\/p>\n","protected":false},"author":2,"featured_media":0,"parent":0,"menu_order":0,"comment_status":"closed","ping_status":"closed","template":"","meta":{"footnotes":""},"class_list":["post-323","page","type-page","status-publish","hentry"],"_links":{"self":[{"href":"https:\/\/ihc.sbc.org.br\/2026\/index.php\/wp-json\/wp\/v2\/pages\/323","targetHints":{"allow":["GET"]}}],"collection":[{"href":"https:\/\/ihc.sbc.org.br\/2026\/index.php\/wp-json\/wp\/v2\/pages"}],"about":[{"href":"https:\/\/ihc.sbc.org.br\/2026\/index.php\/wp-json\/wp\/v2\/types\/page"}],"author":[{"embeddable":true,"href":"https:\/\/ihc.sbc.org.br\/2026\/index.php\/wp-json\/wp\/v2\/users\/2"}],"replies":[{"embeddable":true,"href":"https:\/\/ihc.sbc.org.br\/2026\/index.php\/wp-json\/wp\/v2\/comments?post=323"}],"version-history":[{"count":13,"href":"https:\/\/ihc.sbc.org.br\/2026\/index.php\/wp-json\/wp\/v2\/pages\/323\/revisions"}],"predecessor-version":[{"id":539,"href":"https:\/\/ihc.sbc.org.br\/2026\/index.php\/wp-json\/wp\/v2\/pages\/323\/revisions\/539"}],"wp:attachment":[{"href":"https:\/\/ihc.sbc.org.br\/2026\/index.php\/wp-json\/wp\/v2\/media?parent=323"}],"curies":[{"name":"wp","href":"https:\/\/api.w.org\/{rel}","templated":true}]}}