{"id":126,"date":"2026-02-24T22:26:26","date_gmt":"2026-02-25T01:26:26","guid":{"rendered":"https:\/\/ihc.sbc.org.br\/2026\/?page_id=126"},"modified":"2026-04-09T22:24:17","modified_gmt":"2026-04-10T01:24:17","slug":"comites","status":"publish","type":"page","link":"https:\/\/ihc.sbc.org.br\/2026\/index.php\/comites\/","title":{"rendered":"Comit\u00eas"},"content":{"rendered":"\t\t<div data-elementor-type=\"wp-page\" data-elementor-id=\"126\" class=\"elementor elementor-126\">\n\t\t\t\t<div class=\"elementor-element elementor-element-d1b69aa e-flex e-con-boxed e-con e-parent\" data-id=\"d1b69aa\" data-element_type=\"container\" data-e-type=\"container\" data-settings=\"{&quot;background_background&quot;:&quot;classic&quot;,&quot;shape_divider_bottom&quot;:&quot;opacity-tilt&quot;}\">\n\t\t\t\t\t<div class=\"e-con-inner\">\n\t\t\t\t<div class=\"elementor-shape elementor-shape-bottom\" aria-hidden=\"true\" data-negative=\"false\">\n\t\t\t<svg xmlns=\"http:\/\/www.w3.org\/2000\/svg\" viewBox=\"0 0 2600 131.1\" preserveAspectRatio=\"none\">\n\t<path class=\"elementor-shape-fill\" d=\"M0 0L2600 0 2600 69.1 0 0z\"\/>\n\t<path class=\"elementor-shape-fill\" style=\"opacity:0.5\" d=\"M0 0L2600 0 2600 69.1 0 69.1z\"\/>\n\t<path class=\"elementor-shape-fill\" style=\"opacity:0.25\" d=\"M2600 0L0 0 0 130.1 2600 69.1z\"\/>\n<\/svg>\t\t<\/div>\n\t\t\t\t<div class=\"elementor-element elementor-element-6d05364 elementor-widget elementor-widget-page-title\" data-id=\"6d05364\" data-element_type=\"widget\" data-e-type=\"widget\" data-widget_type=\"page-title.default\">\n\t\t\t\t<div class=\"elementor-widget-container\">\n\t\t\t\t\t\t\t\n\t\t<div class=\"hfe-page-title hfe-page-title-wrapper elementor-widget-heading\">\n\n\t\t\t\t\t\t\t\t\t\t\t<a href=\"https:\/\/ihc.sbc.org.br\/2026\">\n\t\t\t\t\t\t<h1 class=\"elementor-heading-title elementor-size-default\">\n\t\t\t\t\t\t\t\t\n\t\t\t\tComit\u00eas  \n\t\t\t<\/h1 > \n\t\t\t\t\t\t\t\t\t<\/a>\n\t\t\t\t\t<\/div>\n\t\t\t\t\t\t<\/div>\n\t\t\t\t<\/div>\n\t\t\t\t<div class=\"elementor-element elementor-element-9f2c160 elementor-widget-divider--view-line elementor-widget elementor-widget-divider\" data-id=\"9f2c160\" data-element_type=\"widget\" data-e-type=\"widget\" data-widget_type=\"divider.default\">\n\t\t\t\t\t\t\t<div class=\"elementor-divider\">\n\t\t\t<span class=\"elementor-divider-separator\">\n\t\t\t\t\t\t<\/span>\n\t\t<\/div>\n\t\t\t\t\t\t<\/div>\n\t\t\t\t\t<\/div>\n\t\t\t\t<\/div>\n\t\t<div class=\"elementor-element elementor-element-e46e49a e-flex e-con-boxed e-con e-parent\" data-id=\"e46e49a\" data-element_type=\"container\" data-e-type=\"container\">\n\t\t\t\t\t<div class=\"e-con-inner\">\n\t\t\t\t<div class=\"elementor-element elementor-element-4695070 elementor-widget elementor-widget-spacer\" data-id=\"4695070\" data-element_type=\"widget\" data-e-type=\"widget\" data-widget_type=\"spacer.default\">\n\t\t\t\t\t\t\t<div class=\"elementor-spacer\">\n\t\t\t<div class=\"elementor-spacer-inner\"><\/div>\n\t\t<\/div>\n\t\t\t\t\t\t<\/div>\n\t\t\t\t\t<\/div>\n\t\t\t\t<\/div>\n\t\t<div class=\"elementor-element elementor-element-d1aeb15 e-flex e-con-boxed e-con e-parent\" data-id=\"d1aeb15\" data-element_type=\"container\" data-e-type=\"container\">\n\t\t\t\t\t<div class=\"e-con-inner\">\n\t\t<div class=\"elementor-element elementor-element-3ea77dc e-con-full e-flex e-con e-child\" data-id=\"3ea77dc\" data-element_type=\"container\" data-e-type=\"container\">\n\t\t\t\t<div class=\"elementor-element elementor-element-c8449e7 elementor-widget elementor-widget-heading\" data-id=\"c8449e7\" data-element_type=\"widget\" data-e-type=\"widget\" data-widget_type=\"heading.default\">\n\t\t\t\t\t<h3 class=\"elementor-heading-title elementor-size-default\">Coordena\u00e7\u00e3o Geral<\/h3>\t\t\t\t<\/div>\n\t\t\t\t<div class=\"elementor-element elementor-element-dd06c4b elementor-widget elementor-widget-text-editor\" data-id=\"dd06c4b\" data-element_type=\"widget\" data-e-type=\"widget\" data-widget_type=\"text-editor.default\">\n\t\t\t\t\t\t\t\t\t<p>Ingrid Teixeira Monteiro (UFC) &#8211; <a href=\"mailto:ingrid@ufc.br\">ingrid@ufc.br<\/a><\/p><p>Andr\u00e9ia Lib\u00f3rio Sampaio (UFC) &#8211; <a href=\"mailto:andreia.ufc@gmail.com\" target=\"_blank\" rel=\"noopener noreferrer\">andreia.ufc@gmail.com<\/a>\u00a0<\/p>\t\t\t\t\t\t\t\t<\/div>\n\t\t\t\t<\/div>\n\t\t<div class=\"elementor-element elementor-element-fbbad2e e-con-full e-flex e-con e-child\" data-id=\"fbbad2e\" data-element_type=\"container\" data-e-type=\"container\">\n\t\t\t\t<div class=\"elementor-element elementor-element-d43b20b elementor-widget elementor-widget-heading\" data-id=\"d43b20b\" data-element_type=\"widget\" data-e-type=\"widget\" data-widget_type=\"heading.default\">\n\t\t\t\t\t<h3 class=\"elementor-heading-title elementor-size-default\">Coordena\u00e7\u00e3o de Programa<\/h3>\t\t\t\t<\/div>\n\t\t\t\t<div class=\"elementor-element elementor-element-cac004e elementor-widget elementor-widget-text-editor\" data-id=\"cac004e\" data-element_type=\"widget\" data-e-type=\"widget\" data-widget_type=\"text-editor.default\">\n\t\t\t\t\t\t\t\t\t<p><strong>Emanuel Duarte<\/strong> (UNICAMP) &#8211; <a href=\"mailto:emanuel@ic.unicamp.br\">emanuel@ic.unicamp.br<\/a><\/p><p><strong>Marcelo Eller<\/strong> (USP Leste) &#8211; <a href=\"mailto:marceloeler@usp.br\">marceloeler@usp.br<\/a><\/p>\t\t\t\t\t\t\t\t<\/div>\n\t\t\t\t<\/div>\n\t\t\t\t\t<\/div>\n\t\t\t\t<\/div>\n\t\t<div class=\"elementor-element elementor-element-eaff31a e-flex e-con-boxed e-con e-parent\" data-id=\"eaff31a\" data-element_type=\"container\" data-e-type=\"container\">\n\t\t\t\t\t<div class=\"e-con-inner\">\n\t\t\t\t<div class=\"elementor-element elementor-element-13e75c1 elementor-widget elementor-widget-heading\" data-id=\"13e75c1\" data-element_type=\"widget\" data-e-type=\"widget\" data-widget_type=\"heading.default\">\n\t\t\t\t\t<h3 class=\"elementor-heading-title elementor-size-default\">Coordena\u00e7\u00e3o das Trilhas<\/h3>\t\t\t\t<\/div>\n\t\t<div class=\"elementor-element elementor-element-378fff6 e-con-full e-flex e-con e-child\" data-id=\"378fff6\" data-element_type=\"container\" data-e-type=\"container\">\n\t\t<div class=\"elementor-element elementor-element-4b3d5da e-con-full e-flex e-con e-child\" data-id=\"4b3d5da\" data-element_type=\"container\" data-e-type=\"container\">\n\t\t\t\t<div class=\"elementor-element elementor-element-617bb27 elementor-widget elementor-widget-heading\" data-id=\"617bb27\" data-element_type=\"widget\" data-e-type=\"widget\" data-widget_type=\"heading.default\">\n\t\t\t\t\t<h4 class=\"elementor-heading-title elementor-size-default\">Pesquisa<\/h4>\t\t\t\t<\/div>\n\t\t\t\t<div class=\"elementor-element elementor-element-82eb212 elementor-widget elementor-widget-text-editor\" data-id=\"82eb212\" data-element_type=\"widget\" data-e-type=\"widget\" data-widget_type=\"text-editor.default\">\n\t\t\t\t\t\t\t\t\t<p><span style=\"font-weight: 400;\">Saul Delabrida (UFOP) \u2013 <a href=\"mailto:saul.delabrida@ufop.edu.br\">saul.delabrida@ufop.edu.br<\/a><\/span><\/p><p><span style=\"font-weight: 400;\">Ticianne Darin (U F C) \u2013 <a href=\"mailto:ticianne@virtual.ufc.br\">ticianne@virtual.ufc.br<\/a><\/span><\/p>\t\t\t\t\t\t\t\t<\/div>\n\t\t\t\t<div class=\"elementor-element elementor-element-0e7f66f elementor-widget elementor-widget-heading\" data-id=\"0e7f66f\" data-element_type=\"widget\" data-e-type=\"widget\" data-widget_type=\"heading.default\">\n\t\t\t\t\t<h4 class=\"elementor-heading-title elementor-size-default\">Relatos de Experi\u00eancia<\/h4>\t\t\t\t<\/div>\n\t\t\t\t<div class=\"elementor-element elementor-element-f9800f4 elementor-widget elementor-widget-text-editor\" data-id=\"f9800f4\" data-element_type=\"widget\" data-e-type=\"widget\" data-widget_type=\"text-editor.default\">\n\t\t\t\t\t\t\t\t\t<p><span style=\"font-weight: 400;\">Anna Beatriz Marques (U F C) \u2013 <a href=\"mailto:beatriz.marques@ufc.br\">beatriz.marques@ufc.br<\/a><\/span><\/p><p><span style=\"font-weight: 400;\">Sandra Souza Rodrigues (UFLA) \u2013 <a href=\"mailto:sandra.rodrigues@ufla.br\">sandra.rodrigues@ufla.br<\/a><\/span><\/p>\t\t\t\t\t\t\t\t<\/div>\n\t\t\t\t<\/div>\n\t\t<div class=\"elementor-element elementor-element-e193f27 e-con-full e-flex e-con e-child\" data-id=\"e193f27\" data-element_type=\"container\" data-e-type=\"container\">\n\t\t\t\t<div class=\"elementor-element elementor-element-efb09ad elementor-widget elementor-widget-heading\" data-id=\"efb09ad\" data-element_type=\"widget\" data-e-type=\"widget\" data-widget_type=\"heading.default\">\n\t\t\t\t\t<h4 class=\"elementor-heading-title elementor-size-default\">Ideias Inovadoras e Resultados Emergentes<\/h4>\t\t\t\t<\/div>\n\t\t\t\t<div class=\"elementor-element elementor-element-c01e6b5 elementor-widget elementor-widget-text-editor\" data-id=\"c01e6b5\" data-element_type=\"widget\" data-e-type=\"widget\" data-widget_type=\"text-editor.default\">\n\t\t\t\t\t\t\t\t\t<p><span style=\"font-weight: 400;\">Claiton Correa (IFFar) \u2013 <a href=\"mailto:claiton.correa@iffarroupilha.edu.br\">claiton.correa@iffarroupilha.edu.br<\/a><\/span><\/p><p><span style=\"font-weight: 400;\">Renan Aranha (U F M T) \u2013 <a href=\"mailto:renan.aranha@ufmt.br\">renan.aranha@ufmt.br<\/a><\/span><\/p>\t\t\t\t\t\t\t\t<\/div>\n\t\t\t\t<div class=\"elementor-element elementor-element-7f20c25 elementor-widget elementor-widget-heading\" data-id=\"7f20c25\" data-element_type=\"widget\" data-e-type=\"widget\" data-widget_type=\"heading.default\">\n\t\t\t\t\t<h4 class=\"elementor-heading-title elementor-size-default\">Pr\u00eamio Junia Coutinho Anacleto<\/h4>\t\t\t\t<\/div>\n\t\t\t\t<div class=\"elementor-element elementor-element-aac4645 elementor-widget elementor-widget-text-editor\" data-id=\"aac4645\" data-element_type=\"widget\" data-e-type=\"widget\" data-widget_type=\"text-editor.default\">\n\t\t\t\t\t\t\t\t\t<p>Andr\u00e9 Freire (UFLA) \u2013\u00a0<a href=\"mailto:apfreire@dcc.ufla.br\">apfreire@dcc.ufla.br<\/a><\/p><p>Carla Rodriguez (U F A B C) \u2013\u00a0<a title=\"Email\" href=\"mailto:c.rodriguez@ufabc.edu.br\">c.rodriguez@ufabc.edu.br<\/a><\/p><p>Vania Neris (UFSCar) \u2013\u00a0<a href=\"mailto:vania.neris@ufscar.br\">vania.neris@ufscar.br<\/a><\/p>\t\t\t\t\t\t\t\t<\/div>\n\t\t\t\t<\/div>\n\t\t\t\t<\/div>\n\t\t\t\t\t<\/div>\n\t\t\t\t<\/div>\n\t\t<div class=\"elementor-element elementor-element-a534e37 e-flex e-con-boxed e-con e-parent\" data-id=\"a534e37\" data-element_type=\"container\" data-e-type=\"container\">\n\t\t\t\t\t<div class=\"e-con-inner\">\n\t\t\t\t\t<\/div>\n\t\t\t\t<\/div>\n\t\t<div class=\"elementor-element elementor-element-b1922f0 e-flex e-con-boxed e-con e-parent\" data-id=\"b1922f0\" data-element_type=\"container\" data-e-type=\"container\">\n\t\t\t\t\t<div class=\"e-con-inner\">\n\t\t\t\t<div class=\"elementor-element elementor-element-d2c1ddd elementor-widget elementor-widget-spacer\" data-id=\"d2c1ddd\" data-element_type=\"widget\" data-e-type=\"widget\" data-widget_type=\"spacer.default\">\n\t\t\t\t\t\t\t<div class=\"elementor-spacer\">\n\t\t\t<div class=\"elementor-spacer-inner\"><\/div>\n\t\t<\/div>\n\t\t\t\t\t\t<\/div>\n\t\t\t\t\t<\/div>\n\t\t\t\t<\/div>\n\t\t\t\t<\/div>\n\t\t","protected":false},"excerpt":{"rendered":"<p>Comit\u00eas Coordena\u00e7\u00e3o Geral Ingrid Teixeira Monteiro (UFC) &#8211; ingrid@ufc.br Andr\u00e9ia Lib\u00f3rio Sampaio (UFC) &#8211; andreia.ufc@gmail.com\u00a0 Coordena\u00e7\u00e3o de Programa Emanuel Duarte (UNICAMP) &#8211; emanuel@ic.unicamp.br Marcelo Eller (USP Leste) &#8211; marceloeler@usp.br Coordena\u00e7\u00e3o das Trilhas Pesquisa Saul Delabrida (UFOP) \u2013 saul.delabrida@ufop.edu.br Ticianne Darin (U F C) \u2013 ticianne@virtual.ufc.br Relatos de Experi\u00eancia Anna Beatriz Marques (U F C) \u2013 [&hellip;]<\/p>\n","protected":false},"author":2,"featured_media":0,"parent":0,"menu_order":0,"comment_status":"closed","ping_status":"closed","template":"","meta":{"footnotes":""},"class_list":["post-126","page","type-page","status-publish","hentry"],"_links":{"self":[{"href":"https:\/\/ihc.sbc.org.br\/2026\/index.php\/wp-json\/wp\/v2\/pages\/126","targetHints":{"allow":["GET"]}}],"collection":[{"href":"https:\/\/ihc.sbc.org.br\/2026\/index.php\/wp-json\/wp\/v2\/pages"}],"about":[{"href":"https:\/\/ihc.sbc.org.br\/2026\/index.php\/wp-json\/wp\/v2\/types\/page"}],"author":[{"embeddable":true,"href":"https:\/\/ihc.sbc.org.br\/2026\/index.php\/wp-json\/wp\/v2\/users\/2"}],"replies":[{"embeddable":true,"href":"https:\/\/ihc.sbc.org.br\/2026\/index.php\/wp-json\/wp\/v2\/comments?post=126"}],"version-history":[{"count":30,"href":"https:\/\/ihc.sbc.org.br\/2026\/index.php\/wp-json\/wp\/v2\/pages\/126\/revisions"}],"predecessor-version":[{"id":417,"href":"https:\/\/ihc.sbc.org.br\/2026\/index.php\/wp-json\/wp\/v2\/pages\/126\/revisions\/417"}],"wp:attachment":[{"href":"https:\/\/ihc.sbc.org.br\/2026\/index.php\/wp-json\/wp\/v2\/media?parent=126"}],"curies":[{"name":"wp","href":"https:\/\/api.w.org\/{rel}","templated":true}]}}