{"id":518,"date":"2025-02-25T16:18:10","date_gmt":"2025-02-25T19:18:10","guid":{"rendered":"https:\/\/ihc.sbc.org.br\/2025\/?page_id=518"},"modified":"2025-04-17T17:33:25","modified_gmt":"2025-04-17T20:33:25","slug":"topicos","status":"publish","type":"page","link":"https:\/\/ihc.sbc.org.br\/2025\/index.php\/topicos\/","title":{"rendered":"T\u00f3picos"},"content":{"rendered":"\t\t<div data-elementor-type=\"wp-page\" data-elementor-id=\"518\" class=\"elementor elementor-518\">\n\t\t\t\t<div class=\"elementor-element elementor-element-85ff731 e-flex e-con-boxed wpr-particle-no wpr-jarallax-no wpr-parallax-no wpr-sticky-section-no wpr-equal-height-no e-con e-parent\" data-id=\"85ff731\" data-element_type=\"container\" data-e-type=\"container\" data-settings=\"{&quot;background_background&quot;:&quot;classic&quot;}\">\n\t\t\t\t\t<div class=\"e-con-inner\">\n\t\t\t\t<div class=\"elementor-element elementor-element-c9514e5 elementor-widget elementor-widget-page-title\" data-id=\"c9514e5\" data-element_type=\"widget\" data-e-type=\"widget\" data-widget_type=\"page-title.default\">\n\t\t\t\t<div class=\"elementor-widget-container\">\n\t\t\t\t\t\t\t\n\t\t<div class=\"hfe-page-title hfe-page-title-wrapper elementor-widget-heading\">\n\n\t\t\t\t\t\t\t\t\t\t\t<a href=\"https:\/\/ihc.sbc.org.br\/2025\">\n\t\t\t\t\t\t<h2 class=\"elementor-heading-title elementor-size-default\">\n\t\t\t\t\t\t\t\t\n\t\t\t\tT\u00f3picos  \n\t\t\t<\/h2 > \n\t\t\t\t\t\t\t\t\t<\/a>\n\t\t\t\t\t<\/div>\n\t\t\t\t\t\t<\/div>\n\t\t\t\t<\/div>\n\t\t\t\t\t<\/div>\n\t\t\t\t<\/div>\n\t\t<div class=\"elementor-element elementor-element-f851b5b e-flex e-con-boxed wpr-particle-no wpr-jarallax-no wpr-parallax-no wpr-sticky-section-no wpr-equal-height-no e-con e-parent\" data-id=\"f851b5b\" data-element_type=\"container\" data-e-type=\"container\">\n\t\t\t\t\t<div class=\"e-con-inner\">\n\t\t\t\t<div class=\"elementor-element elementor-element-b8bd29a elementor-widget elementor-widget-spacer\" data-id=\"b8bd29a\" data-element_type=\"widget\" data-e-type=\"widget\" data-widget_type=\"spacer.default\">\n\t\t\t\t<div class=\"elementor-widget-container\">\n\t\t\t\t\t\t\t<div class=\"elementor-spacer\">\n\t\t\t<div class=\"elementor-spacer-inner\"><\/div>\n\t\t<\/div>\n\t\t\t\t\t\t<\/div>\n\t\t\t\t<\/div>\n\t\t\t\t\t<\/div>\n\t\t\t\t<\/div>\n\t\t<div class=\"elementor-element elementor-element-6c0113c e-flex e-con-boxed wpr-particle-no wpr-jarallax-no wpr-parallax-no wpr-sticky-section-no wpr-equal-height-no e-con e-parent\" data-id=\"6c0113c\" data-element_type=\"container\" data-e-type=\"container\">\n\t\t\t\t\t<div class=\"e-con-inner\">\n\t\t\t\t<div class=\"elementor-element elementor-element-a17c879 elementor-widget elementor-widget-text-editor\" data-id=\"a17c879\" data-element_type=\"widget\" data-e-type=\"widget\" data-widget_type=\"text-editor.default\">\n\t\t\t\t<div class=\"elementor-widget-container\">\n\t\t\t\t\t\t\t\t\t<p><span style=\"font-weight: 400;\">Os t\u00f3picos de interesse do IHC 2025 incluem, mas n\u00e3o est\u00e3o limitados a:<\/span><\/p>\t\t\t\t\t\t\t\t<\/div>\n\t\t\t\t<\/div>\n\t\t\t\t\t<\/div>\n\t\t\t\t<\/div>\n\t\t<div class=\"elementor-element elementor-element-f2e3123 e-flex e-con-boxed wpr-particle-no wpr-jarallax-no wpr-parallax-no wpr-sticky-section-no wpr-equal-height-no e-con e-parent\" data-id=\"f2e3123\" data-element_type=\"container\" data-e-type=\"container\">\n\t\t\t\t\t<div class=\"e-con-inner\">\n\t\t<div class=\"elementor-element elementor-element-5c90097 e-con-full e-flex wpr-particle-no wpr-jarallax-no wpr-parallax-no wpr-sticky-section-no wpr-equal-height-no e-con e-child\" data-id=\"5c90097\" data-element_type=\"container\" data-e-type=\"container\">\n\t\t\t\t<div class=\"elementor-element elementor-element-cd1df34 elementor-widget elementor-widget-heading\" data-id=\"cd1df34\" data-element_type=\"widget\" data-e-type=\"widget\" data-widget_type=\"heading.default\">\n\t\t\t\t<div class=\"elementor-widget-container\">\n\t\t\t\t\t<h3 class=\"elementor-heading-title elementor-size-default\">IHC na Sociedade<\/h3>\t\t\t\t<\/div>\n\t\t\t\t<\/div>\n\t\t\t\t<div class=\"elementor-element elementor-element-366d67c elementor-widget elementor-widget-text-editor\" data-id=\"366d67c\" data-element_type=\"widget\" data-e-type=\"widget\" data-widget_type=\"text-editor.default\">\n\t\t\t\t<div class=\"elementor-widget-container\">\n\t\t\t\t\t\t\t\t\t<div class=\"toUqff DbpAnb mARxl AL18ce HRaT6d\" data-hovercard-id=\"rprates@dcc.ufmg.br\" data-hovercard-keyboard-triggering=\"enabled\" data-hovercard-owner-id=\"24\"><div class=\"OtJRb bgOWSb\"><div class=\"UfeRlc\"><div class=\"LUPZee\"><ul><li><span style=\"font-weight: 400;\">Acessibilidade e tecnologias assistivas<\/span><\/li><li><span style=\"font-weight: 400;\">Aspectos legais e \u00e9ticos em IHC<\/span><\/li><li><span style=\"font-weight: 400;\">Aspectos sociais da IHC<\/span><\/li><li><span style=\"font-weight: 400;\">Atua\u00e7\u00e3o do profissional em IHC no mercado e na ind\u00fastria\u00a0<\/span><\/li><li><span style=\"font-weight: 400;\">Cultura e IHC<\/span><\/li><li><span style=\"font-weight: 400;\">Ensino de IHC<\/span><\/li><li><span style=\"font-weight: 400;\">G\u00eanero e minorias<\/span><\/li><li><span style=\"font-weight: 400;\">Governo eletr\u00f4nico e cidadania<\/span><\/li><li><span style=\"font-weight: 400;\">Intera\u00e7\u00e3o de pessoas idosas<\/span><\/li><li><span style=\"font-weight: 400;\">Letramento digital e pensamento computacional<\/span><\/li><li><span style=\"font-weight: 400;\">Valores humanos<\/span><\/li><\/ul><\/div><\/div><\/div><\/div>\t\t\t\t\t\t\t\t<\/div>\n\t\t\t\t<\/div>\n\t\t\t\t<div class=\"elementor-element elementor-element-46c305a elementor-widget elementor-widget-heading\" data-id=\"46c305a\" data-element_type=\"widget\" data-e-type=\"widget\" data-widget_type=\"heading.default\">\n\t\t\t\t<div class=\"elementor-widget-container\">\n\t\t\t\t\t<h3 class=\"elementor-heading-title elementor-size-default\">Design e Avalia\u00e7\u00e3o de Sistemas Interativos<\/h3>\t\t\t\t<\/div>\n\t\t\t\t<\/div>\n\t\t\t\t<div class=\"elementor-element elementor-element-5fb1471 elementor-widget elementor-widget-text-editor\" data-id=\"5fb1471\" data-element_type=\"widget\" data-e-type=\"widget\" data-widget_type=\"text-editor.default\">\n\t\t\t\t<div class=\"elementor-widget-container\">\n\t\t\t\t\t\t\t\t\t<ul><li><span style=\"font-weight: 400;\">An\u00e1lise de dom\u00ednio, tarefas e usu\u00e1rios<\/span><\/li><li><span style=\"font-weight: 400;\">Computa\u00e7\u00e3o afetiva e aspectos emocionais em IHC<\/span><\/li><li><span style=\"font-weight: 400;\">Design participativo<\/span><\/li><li><span style=\"font-weight: 400;\">Design de intera\u00e7\u00e3o e experi\u00eancia do usu\u00e1rio<\/span><\/li><li><span style=\"font-weight: 400;\">Estudos emp\u00edricos sobre experi\u00eancia ou impacto do uso de tecnologia<\/span><\/li><li><span style=\"font-weight: 400;\">Sistemas de ajuda e tutoriais em IHC<\/span><\/li><li><span style=\"font-weight: 400;\">Modelos, m\u00e9todos e formalismos para o design de interface e de intera\u00e7\u00e3o<\/span><\/li><li><span style=\"font-weight: 400;\">Ferramentas e t\u00e9cnicas para o design de interface e de intera\u00e7\u00e3o<\/span><\/li><li><span style=\"font-weight: 400;\">Modelos, m\u00e9todos e formalismos para a avalia\u00e7\u00e3o de interfaces de usu\u00e1rio<\/span><\/li><li><span style=\"font-weight: 400;\">Ferramentas e t\u00e9cnicas para a avalia\u00e7\u00e3o de interfaces de usu\u00e1rio<\/span><\/li><li><span style=\"font-weight: 400;\">Programa\u00e7\u00e3o e desenvolvimento pelo usu\u00e1rio final<\/span><\/li><\/ul>\t\t\t\t\t\t\t\t<\/div>\n\t\t\t\t<\/div>\n\t\t\t\t<div class=\"elementor-element elementor-element-347b18c elementor-widget elementor-widget-heading\" data-id=\"347b18c\" data-element_type=\"widget\" data-e-type=\"widget\" data-widget_type=\"heading.default\">\n\t\t\t\t<div class=\"elementor-widget-container\">\n\t\t\t\t\t<h3 class=\"elementor-heading-title elementor-size-default\">GRANDIHC-BR: GRANDES DESAFIOS DE PESQUISA EM IHC NO BRASIL (2025-2035)\n<\/h3>\t\t\t\t<\/div>\n\t\t\t\t<\/div>\n\t\t\t\t<div class=\"elementor-element elementor-element-ede2376 elementor-widget elementor-widget-text-editor\" data-id=\"ede2376\" data-element_type=\"widget\" data-e-type=\"widget\" data-widget_type=\"text-editor.default\">\n\t\t\t\t<div class=\"elementor-widget-container\">\n\t\t\t\t\t\t\t\t\t<ul><li><p><span style=\"font-weight: 400;\">GC1: Novas Abordagens Te\u00f3ricas e Metodol\u00f3gicas em IHC<\/span><\/p><\/li><li><p><span style=\"font-weight: 400;\">GC2: \u00c9tica e Responsabilidade: Princ\u00edpios, Normas e Implica\u00e7\u00f5es Sociais da Participa\u00e7\u00e3o Humana em Pesquisa em IHC<\/span><\/p><\/li><li><p><span style=\"font-weight: 400;\">GC3: Pluralidade e Descolonialidade em IHC<\/span><\/p><\/li><li><p><span style=\"font-weight: 400;\">GC4: Aspectos Socioculturais na Intera\u00e7\u00e3o Humano-Computador<\/span><\/p><\/li><li><p><span style=\"font-weight: 400;\">GC5: Intera\u00e7\u00e3o Humano-Dados, Alfabetiza\u00e7\u00e3o em Dados e Privacidade Utiliz\u00e1vel<\/span><\/p><\/li><li><p><span style=\"font-weight: 400;\">GC6: Implica\u00e7\u00f5es da Intelig\u00eancia Artificial em IHC: Uma Discuss\u00e3o sobre Paradigmas, \u00c9tica e Diversidade, Equidade e Inclus\u00e3o<\/span><\/p><\/li><li><p><span style=\"font-weight: 400;\">GC7: Intera\u00e7\u00e3o com Tecnologias Emergentes: Um Ecossistema que Integra Humanos, Tecnologias e Contextos<\/span><\/p><\/li><\/ul>\t\t\t\t\t\t\t\t<\/div>\n\t\t\t\t<\/div>\n\t\t\t\t<\/div>\n\t\t<div class=\"elementor-element elementor-element-1749ef2 e-con-full e-flex wpr-particle-no wpr-jarallax-no wpr-parallax-no wpr-sticky-section-no wpr-equal-height-no e-con e-child\" data-id=\"1749ef2\" data-element_type=\"container\" data-e-type=\"container\">\n\t\t\t\t<div class=\"elementor-element elementor-element-b2c22f0 elementor-widget elementor-widget-heading\" data-id=\"b2c22f0\" data-element_type=\"widget\" data-e-type=\"widget\" data-widget_type=\"heading.default\">\n\t\t\t\t<div class=\"elementor-widget-container\">\n\t\t\t\t\t<h3 class=\"elementor-heading-title elementor-size-default\">\u00c1reas Espec\u00edficas de Aplica\u00e7\u00e3o<\/h3>\t\t\t\t<\/div>\n\t\t\t\t<\/div>\n\t\t\t\t<div class=\"elementor-element elementor-element-b735118 elementor-widget elementor-widget-text-editor\" data-id=\"b735118\" data-element_type=\"widget\" data-e-type=\"widget\" data-widget_type=\"text-editor.default\">\n\t\t\t\t<div class=\"elementor-widget-container\">\n\t\t\t\t\t\t\t\t\t<div class=\"toUqff DbpAnb mARxl AL18ce HRaT6d\" data-hovercard-id=\"rprates@dcc.ufmg.br\" data-hovercard-keyboard-triggering=\"enabled\" data-hovercard-owner-id=\"24\"><div class=\"OtJRb bgOWSb\"><div class=\"UfeRlc\"><div class=\"LUPZee\"><ul><li><span style=\"font-weight: 400;\">Cidades e ambientes inteligentes<\/span><\/li><li><span style=\"font-weight: 400;\">Design de intera\u00e7\u00e3o e crian\u00e7as<\/span><\/li><li><span style=\"font-weight: 400;\">Design e avalia\u00e7\u00e3o de jogos digitais<\/span><\/li><li><span style=\"font-weight: 400;\">Ecodesign<\/span><\/li><li><span style=\"font-weight: 400;\">Entretenimento digital<\/span><\/li><li><span style=\"font-weight: 400;\">IHC e sa\u00fade e bem-estar<\/span><\/li><li><span style=\"font-weight: 400;\">IHC para o trabalho<\/span><\/li><li><span style=\"font-weight: 400;\">Legado digital<\/span><\/li><li><span style=\"font-weight: 400;\">Comunidades online, m\u00eddias sociais, redes e softwares sociais\u00a0<\/span><\/li><li><span style=\"font-weight: 400;\">IHC em ambientes virtuais de aprendizagem e MOOCs<\/span><\/li><li><span style=\"font-weight: 400;\">Visualiza\u00e7\u00e3o de informa\u00e7\u00e3o<\/span><\/li><\/ul><\/div><\/div><\/div><\/div>\t\t\t\t\t\t\t\t<\/div>\n\t\t\t\t<\/div>\n\t\t\t\t<div class=\"elementor-element elementor-element-505e006 elementor-widget elementor-widget-heading\" data-id=\"505e006\" data-element_type=\"widget\" data-e-type=\"widget\" data-widget_type=\"heading.default\">\n\t\t\t\t<div class=\"elementor-widget-container\">\n\t\t\t\t\t<h3 class=\"elementor-heading-title elementor-size-default\">Intera\u00e7\u00e3o entre \u00c1reas<\/h3>\t\t\t\t<\/div>\n\t\t\t\t<\/div>\n\t\t\t\t<div class=\"elementor-element elementor-element-92baa18 elementor-widget elementor-widget-text-editor\" data-id=\"92baa18\" data-element_type=\"widget\" data-e-type=\"widget\" data-widget_type=\"text-editor.default\">\n\t\t\t\t<div class=\"elementor-widget-container\">\n\t\t\t\t\t\t\t\t\t<ul><li><span style=\"font-weight: 400;\">Intelig\u00eancia artificial, aprendizado de m\u00e1quina e IHC<\/span><\/li><li><span style=\"font-weight: 400;\">Computa\u00e7\u00e3o ub\u00edqua e IHC<\/span><\/li><li><span style=\"font-weight: 400;\">Educa\u00e7\u00e3o e IHC<\/span><\/li><li><span style=\"font-weight: 400;\">Engenharia de Software e IHC<\/span><\/li><li><span style=\"font-weight: 400;\">Ergonomia e IHC<\/span><\/li><li><span style=\"font-weight: 400;\">Sistemas colaborativos e IHC<\/span><\/li><li><span style=\"font-weight: 400;\">Sustentabilidade e IHC<\/span><\/li><li><span style=\"font-weight: 400;\">Arte digital e IHC<\/span><\/li><\/ul>\t\t\t\t\t\t\t\t<\/div>\n\t\t\t\t<\/div>\n\t\t\t\t<div class=\"elementor-element elementor-element-dea3abd elementor-widget elementor-widget-heading\" data-id=\"dea3abd\" data-element_type=\"widget\" data-e-type=\"widget\" data-widget_type=\"heading.default\">\n\t\t\t\t<div class=\"elementor-widget-container\">\n\t\t\t\t\t<h3 class=\"elementor-heading-title elementor-size-default\">Teorias e Abordagens Te\u00f3ricas de IHC<\/h3>\t\t\t\t<\/div>\n\t\t\t\t<\/div>\n\t\t\t\t<div class=\"elementor-element elementor-element-6f80205 elementor-widget elementor-widget-text-editor\" data-id=\"6f80205\" data-element_type=\"widget\" data-e-type=\"widget\" data-widget_type=\"text-editor.default\">\n\t\t\t\t<div class=\"elementor-widget-container\">\n\t\t\t\t\t\t\t\t\t<ul><li><span style=\"font-weight: 400;\">Abordagens cognitivas<\/span><\/li><li><span style=\"font-weight: 400;\">Abordagens semi\u00f3ticas<\/span><\/li><li><span style=\"font-weight: 400;\">Engenharia cognitiva e cogni\u00e7\u00e3o distribu\u00edda<\/span><\/li><li><span style=\"font-weight: 400;\">Engenharia semi\u00f3tica<\/span><\/li><li><span style=\"font-weight: 400;\">Semi\u00f3tica organizacional<\/span><\/li><li><span style=\"font-weight: 400;\">Teoria da atividade<\/span><\/li><li><span style=\"font-weight: 400;\">Teorias de comunica\u00e7\u00e3o ou colabora\u00e7\u00e3o<\/span><\/li><li><span style=\"font-weight: 400;\">Outras abordagens te\u00f3ricas<\/span><\/li><\/ul>\t\t\t\t\t\t\t\t<\/div>\n\t\t\t\t<\/div>\n\t\t\t\t<div class=\"elementor-element elementor-element-62e6f6c elementor-widget elementor-widget-heading\" data-id=\"62e6f6c\" data-element_type=\"widget\" data-e-type=\"widget\" data-widget_type=\"heading.default\">\n\t\t\t\t<div class=\"elementor-widget-container\">\n\t\t\t\t\t<h3 class=\"elementor-heading-title elementor-size-default\">Formas de Intera\u00e7\u00e3o<\/h3>\t\t\t\t<\/div>\n\t\t\t\t<\/div>\n\t\t\t\t<div class=\"elementor-element elementor-element-d42519a elementor-widget elementor-widget-text-editor\" data-id=\"d42519a\" data-element_type=\"widget\" data-e-type=\"widget\" data-widget_type=\"text-editor.default\">\n\t\t\t\t<div class=\"elementor-widget-container\">\n\t\t\t\t\t\t\t\t\t<ul><li><span style=\"font-weight: 400;\">Interfaces 3D<\/span><\/li><li><span style=\"font-weight: 400;\">Interfaces inteligentes, adapt\u00e1veis e adaptativas<\/span><\/li><li><span style=\"font-weight: 400;\">Interfaces de usu\u00e1rio naturais\u00a0<\/span><\/li><li><span style=\"font-weight: 400;\">Interfaces de usu\u00e1rio tang\u00edveis<\/span><\/li><li><span style=\"font-weight: 400;\">Interfaces multimodais<\/span><\/li><li><span style=\"font-weight: 400;\">Realidade virtual e realidade aumentada<\/span><\/li><li><span style=\"font-weight: 400;\">Internet das coisas<\/span><\/li><li><span style=\"font-weight: 400;\">Intera\u00e7\u00e3o sens\u00edvel ao contexto<\/span><\/li><li><span style=\"font-weight: 400;\">Intera\u00e7\u00e3o em dispositivos m\u00f3veis<\/span><\/li><li><span style=\"font-weight: 400;\">Paradigmas emergentes de intera\u00e7\u00e3o<\/span><\/li><\/ul>\t\t\t\t\t\t\t\t<\/div>\n\t\t\t\t<\/div>\n\t\t\t\t<\/div>\n\t\t\t\t\t<\/div>\n\t\t\t\t<\/div>\n\t\t<div class=\"elementor-element elementor-element-b61c6e8 e-flex e-con-boxed wpr-particle-no wpr-jarallax-no wpr-parallax-no wpr-sticky-section-no wpr-equal-height-no e-con e-parent\" data-id=\"b61c6e8\" data-element_type=\"container\" data-e-type=\"container\">\n\t\t\t\t\t<div class=\"e-con-inner\">\n\t\t\t\t<div class=\"elementor-element elementor-element-c6a59c0 elementor-widget elementor-widget-spacer\" data-id=\"c6a59c0\" data-element_type=\"widget\" data-e-type=\"widget\" data-widget_type=\"spacer.default\">\n\t\t\t\t<div class=\"elementor-widget-container\">\n\t\t\t\t\t\t\t<div class=\"elementor-spacer\">\n\t\t\t<div class=\"elementor-spacer-inner\"><\/div>\n\t\t<\/div>\n\t\t\t\t\t\t<\/div>\n\t\t\t\t<\/div>\n\t\t\t\t\t<\/div>\n\t\t\t\t<\/div>\n\t\t\t\t<\/div>\n\t\t","protected":false},"excerpt":{"rendered":"<p>T\u00f3picos Os t\u00f3picos de interesse do IHC 2025 incluem, mas n\u00e3o est\u00e3o limitados a: IHC na Sociedade Acessibilidade e tecnologias assistivas Aspectos legais e \u00e9ticos em IHC Aspectos sociais da IHC Atua\u00e7\u00e3o do profissional em IHC no mercado e na ind\u00fastria\u00a0 Cultura e IHC Ensino de IHC G\u00eanero e minorias Governo eletr\u00f4nico e cidadania Intera\u00e7\u00e3o de pessoas idosas Letramento digital e pensamento computacional Valores humanos Design e Avalia\u00e7\u00e3o de Sistemas Interativos An\u00e1lise de dom\u00ednio, tarefas e usu\u00e1rios Computa\u00e7\u00e3o afetiva e aspectos emocionais em IHC Design participativo Design de intera\u00e7\u00e3o e experi\u00eancia do usu\u00e1rio Estudos emp\u00edricos sobre experi\u00eancia ou impacto do uso de tecnologia Sistemas de ajuda e tutoriais em IHC Modelos, m\u00e9todos e formalismos para o design de interface e de intera\u00e7\u00e3o Ferramentas e t\u00e9cnicas para o design de interface e de intera\u00e7\u00e3o Modelos, m\u00e9todos e formalismos para a avalia\u00e7\u00e3o de interfaces de usu\u00e1rio Ferramentas e t\u00e9cnicas para a avalia\u00e7\u00e3o de interfaces de usu\u00e1rio Programa\u00e7\u00e3o e desenvolvimento pelo usu\u00e1rio final GRANDIHC-BR: GRANDES DESAFIOS DE PESQUISA EM IHC NO BRASIL (2025-2035) GC1: Novas Abordagens Te\u00f3ricas e Metodol\u00f3gicas em IHC GC2: \u00c9tica e Responsabilidade: Princ\u00edpios, Normas e Implica\u00e7\u00f5es Sociais da Participa\u00e7\u00e3o Humana em Pesquisa em IHC GC3: Pluralidade e Descolonialidade em IHC GC4: Aspectos Socioculturais na Intera\u00e7\u00e3o Humano-Computador GC5: Intera\u00e7\u00e3o Humano-Dados, Alfabetiza\u00e7\u00e3o em Dados e Privacidade Utiliz\u00e1vel GC6: Implica\u00e7\u00f5es da Intelig\u00eancia Artificial em IHC: Uma Discuss\u00e3o sobre Paradigmas, \u00c9tica e Diversidade, Equidade e Inclus\u00e3o GC7: Intera\u00e7\u00e3o com Tecnologias Emergentes: Um Ecossistema que Integra Humanos, Tecnologias e Contextos \u00c1reas Espec\u00edficas de Aplica\u00e7\u00e3o Cidades e ambientes inteligentes Design de intera\u00e7\u00e3o e crian\u00e7as Design e avalia\u00e7\u00e3o de jogos digitais Ecodesign Entretenimento digital IHC e sa\u00fade e bem-estar IHC para o trabalho Legado digital Comunidades online, m\u00eddias sociais, redes e softwares sociais\u00a0 IHC em ambientes virtuais de aprendizagem e MOOCs Visualiza\u00e7\u00e3o de informa\u00e7\u00e3o Intera\u00e7\u00e3o entre \u00c1reas Intelig\u00eancia artificial, aprendizado de m\u00e1quina e IHC Computa\u00e7\u00e3o ub\u00edqua e IHC Educa\u00e7\u00e3o e IHC Engenharia de Software e IHC Ergonomia e IHC Sistemas colaborativos e IHC Sustentabilidade e IHC Arte digital e IHC Teorias e Abordagens Te\u00f3ricas de IHC Abordagens cognitivas Abordagens semi\u00f3ticas Engenharia cognitiva e cogni\u00e7\u00e3o distribu\u00edda Engenharia semi\u00f3tica Semi\u00f3tica organizacional Teoria da atividade Teorias de comunica\u00e7\u00e3o ou colabora\u00e7\u00e3o Outras abordagens te\u00f3ricas Formas de Intera\u00e7\u00e3o Interfaces 3D Interfaces inteligentes, adapt\u00e1veis e adaptativas Interfaces de usu\u00e1rio naturais\u00a0 Interfaces de usu\u00e1rio tang\u00edveis Interfaces multimodais Realidade virtual e realidade aumentada Internet das coisas Intera\u00e7\u00e3o sens\u00edvel ao contexto Intera\u00e7\u00e3o em dispositivos m\u00f3veis Paradigmas emergentes de intera\u00e7\u00e3o<\/p>\n","protected":false},"author":4,"featured_media":0,"parent":0,"menu_order":0,"comment_status":"closed","ping_status":"closed","template":"elementor_canvas","meta":{"footnotes":""},"class_list":["post-518","page","type-page","status-publish","hentry"],"_links":{"self":[{"href":"https:\/\/ihc.sbc.org.br\/2025\/index.php\/wp-json\/wp\/v2\/pages\/518","targetHints":{"allow":["GET"]}}],"collection":[{"href":"https:\/\/ihc.sbc.org.br\/2025\/index.php\/wp-json\/wp\/v2\/pages"}],"about":[{"href":"https:\/\/ihc.sbc.org.br\/2025\/index.php\/wp-json\/wp\/v2\/types\/page"}],"author":[{"embeddable":true,"href":"https:\/\/ihc.sbc.org.br\/2025\/index.php\/wp-json\/wp\/v2\/users\/4"}],"replies":[{"embeddable":true,"href":"https:\/\/ihc.sbc.org.br\/2025\/index.php\/wp-json\/wp\/v2\/comments?post=518"}],"version-history":[{"count":7,"href":"https:\/\/ihc.sbc.org.br\/2025\/index.php\/wp-json\/wp\/v2\/pages\/518\/revisions"}],"predecessor-version":[{"id":905,"href":"https:\/\/ihc.sbc.org.br\/2025\/index.php\/wp-json\/wp\/v2\/pages\/518\/revisions\/905"}],"wp:attachment":[{"href":"https:\/\/ihc.sbc.org.br\/2025\/index.php\/wp-json\/wp\/v2\/media?parent=518"}],"curies":[{"name":"wp","href":"https:\/\/api.w.org\/{rel}","templated":true}]}}