{"id":1211,"date":"2025-06-12T20:32:11","date_gmt":"2025-06-12T23:32:11","guid":{"rendered":"https:\/\/ihc.sbc.org.br\/2025\/?page_id=1211"},"modified":"2025-06-12T20:41:33","modified_gmt":"2025-06-12T23:41:33","slug":"chamada-de-isencao-de-inscricoes","status":"publish","type":"page","link":"https:\/\/ihc.sbc.org.br\/2025\/index.php\/chamada-de-isencao-de-inscricoes\/","title":{"rendered":"Chamada de Isen\u00e7\u00e3o de Inscri\u00e7\u00f5es"},"content":{"rendered":"\t\t<div data-elementor-type=\"wp-page\" data-elementor-id=\"1211\" class=\"elementor elementor-1211\">\n\t\t\t\t<div class=\"elementor-element elementor-element-1ed6192 e-flex e-con-boxed wpr-particle-no wpr-jarallax-no wpr-parallax-no wpr-sticky-section-no wpr-equal-height-no e-con e-parent\" data-id=\"1ed6192\" data-element_type=\"container\" data-e-type=\"container\" data-settings=\"{&quot;background_background&quot;:&quot;classic&quot;}\">\n\t\t\t\t\t<div class=\"e-con-inner\">\n\t\t\t\t<div class=\"elementor-element elementor-element-08f2f2a elementor-widget elementor-widget-page-title\" data-id=\"08f2f2a\" data-element_type=\"widget\" data-e-type=\"widget\" data-widget_type=\"page-title.default\">\n\t\t\t\t<div class=\"elementor-widget-container\">\n\t\t\t\t\t\t\t\n\t\t<div class=\"hfe-page-title hfe-page-title-wrapper elementor-widget-heading\">\n\n\t\t\t\t\t\t\t\t\t\t\t<a href=\"https:\/\/ihc.sbc.org.br\/2025\">\n\t\t\t\t\t\t<h2 class=\"elementor-heading-title elementor-size-default\">\n\t\t\t\t\t\t\t\t\n\t\t\t\tChamada de Isen\u00e7\u00e3o de Inscri\u00e7\u00f5es  \n\t\t\t<\/h2 > \n\t\t\t\t\t\t\t\t\t<\/a>\n\t\t\t\t\t<\/div>\n\t\t\t\t\t\t<\/div>\n\t\t\t\t<\/div>\n\t\t\t\t\t<\/div>\n\t\t\t\t<\/div>\n\t\t<div class=\"elementor-element elementor-element-87f890e e-flex e-con-boxed wpr-particle-no wpr-jarallax-no wpr-parallax-no wpr-sticky-section-no wpr-equal-height-no e-con e-parent\" data-id=\"87f890e\" data-element_type=\"container\" data-e-type=\"container\">\n\t\t\t\t\t<div class=\"e-con-inner\">\n\t\t\t\t<div class=\"elementor-element elementor-element-baaa4f0 elementor-widget elementor-widget-spacer\" data-id=\"baaa4f0\" data-element_type=\"widget\" data-e-type=\"widget\" data-widget_type=\"spacer.default\">\n\t\t\t\t<div class=\"elementor-widget-container\">\n\t\t\t\t\t\t\t<div class=\"elementor-spacer\">\n\t\t\t<div class=\"elementor-spacer-inner\"><\/div>\n\t\t<\/div>\n\t\t\t\t\t\t<\/div>\n\t\t\t\t<\/div>\n\t\t\t\t<div class=\"elementor-element elementor-element-1db1913 elementor-widget elementor-widget-heading\" data-id=\"1db1913\" data-element_type=\"widget\" data-e-type=\"widget\" data-widget_type=\"heading.default\">\n\t\t\t\t<div class=\"elementor-widget-container\">\n\t\t\t\t\t<h4 class=\"elementor-heading-title elementor-size-default\">Isen\u00e7\u00e3o de taxa de inscri\u00e7\u00e3o para Pessoas com Defici\u00eancia<\/h4>\t\t\t\t<\/div>\n\t\t\t\t<\/div>\n\t\t\t\t<div class=\"elementor-element elementor-element-57c3f07 elementor-widget elementor-widget-text-editor\" data-id=\"57c3f07\" data-element_type=\"widget\" data-e-type=\"widget\" data-widget_type=\"text-editor.default\">\n\t\t\t\t<div class=\"elementor-widget-container\">\n\t\t\t\t\t\t\t\t\t<div class=\"elementor-element elementor-element-e1de03d elementor-widget elementor-widget-heading\" data-id=\"e1de03d\" data-element_type=\"widget\" data-widget_type=\"heading.default\"><div class=\"elementor-widget-container\"><span style=\"font-size: 16px;\">Em sua vig\u00e9sima quarta edi\u00e7\u00e3o, este \u00e9 o quinto ano em que o <\/span><a style=\"font-size: 16px;\" href=\"https:\/\/ihc.sbc.org.br\/2025\">Simp\u00f3sio Brasileiro sobre Fatores Humanos em Sistemas Computacionais (IHC)<\/a><span style=\"font-size: 16px;\">\u00a0conta com uma Coordena\u00e7\u00e3o de Acessibilidade para auxiliar a organiza\u00e7\u00e3o geral a pensar oficial e sistematicamente em recursos de acessibilidade para o evento.<\/span><\/div><div>\u00a0<\/div><\/div><div class=\"elementor-element elementor-element-c9b159e elementor-widget elementor-widget-text-editor\" data-id=\"c9b159e\" data-element_type=\"widget\" data-widget_type=\"text-editor.default\"><div class=\"elementor-widget-container\">A ideia \u00e9 que possamos melhorar continuamente, para que as pr\u00f3ximas edi\u00e7\u00f5es do IHC sejam cada vez mais acess\u00edveis e inclusivas para a Comunidade interessada em temas de estudos sobre Intera\u00e7\u00e3o Humano-Computador. Com essa inten\u00e7\u00e3o em mente, estamos abrindo esta chamada para solicita\u00e7\u00e3o de isen\u00e7\u00e3o de inscri\u00e7\u00f5es no IHC 2025 para Pessoas com Defici\u00eancia. O total de inscri\u00e7\u00f5es a serem isentas s\u00e3o<b> 4 (quatro),<\/b>\u00a0independente da\u00a0<a href=\"https:\/\/ihc.sbc.org.br\/2025\/inscricoes\/\">categoria de inscri\u00e7\u00e3o<\/a>\u00a0(estudante de ensino m\u00e9dio, gradua\u00e7\u00e3o, p\u00f3s-gradua\u00e7\u00e3o, professor da educa\u00e7\u00e3o b\u00e1sica ou profissional). Os crit\u00e9rios para sele\u00e7\u00e3o das pessoas com direito \u00e0 isen\u00e7\u00e3o ser\u00e3o os seguintes:<\/div><div>\u00a0<\/div><div class=\"elementor-widget-container\"><ul><li aria-level=\"1\">Informa\u00e7\u00e3o sobre tipo de defici\u00eancia (at\u00e9 duas pessoas com o mesmo tipo ser\u00e3o inclu\u00eddas, no caso de haver excesso de demanda);<\/li><li aria-level=\"1\">Justificativa de interesse em participar do IHC 2025;<\/li><li aria-level=\"1\">Previs\u00e3o de disponibilidade para se deslocar para Belo Horizonte para participar presencialmente do evento, durante os dias 08 a 10 de Setembro de 2025;<\/li><li aria-level=\"1\">Disponibilidade de Recursos Financeiros para arcar com os custos de transporte, alimenta\u00e7\u00e3o e hospedagem em Belo Horizonte &#8211; Minas Gerais.<\/li><\/ul><\/div><div>\u00a0<\/div><div class=\"elementor-widget-container\">Aos interessados, favor enviar as respostas aos crit\u00e9rios acima em e-mail \u00fanico para o endere\u00e7o eletr\u00f4nico <a href=\"mailto:apfreire@ufla.br\"><strong>apfreire@ufla.br<\/strong><\/a> <b>at\u00e9 dia 08\/08\/2025<\/b>. No ato da notifica\u00e7\u00e3o, a inscri\u00e7\u00e3o dever\u00e1 ser realizada pela pr\u00f3pria pessoa solicitante no <a href=\"https:\/\/centraldesistemas.sbc.org.br\/ecos\/ihc2024\">sistema ECOS<\/a> da Sociedade Brasileira de Computa\u00e7\u00e3o (SBC) e, ap\u00f3s preencher o formul\u00e1rio, solicitamos que escolha a op\u00e7\u00e3o de pagamento \u201cboleto banc\u00e1rio\u201d. O boleto dever\u00e1 ser enviado para o endere\u00e7o eletr\u00f4nico <a href=\"mailto:apfreire@ufla.br\"><strong>apfreire@ufla.br<\/strong><\/a>.<\/div><div>\u00a0<\/div><div class=\"elementor-widget-container\">Os recursos de acessibilidade a serem disponibilizados em parte da programa\u00e7\u00e3o do evento ainda ser\u00e3o definidos dependendo da necessidade e disponibilidade da coordena\u00e7\u00e3o do evento.<\/div><div>\u00a0<\/div><div class=\"elementor-widget-container\">Favor entrar em contato pelo e-mail: <a href=\"mailto:apfreire@ufla.br\"><strong>apfreire@ufla.br<\/strong><\/a> em caso de d\u00favidas.<\/div><\/div>\t\t\t\t\t\t\t\t<\/div>\n\t\t\t\t<\/div>\n\t\t\t\t\t<\/div>\n\t\t\t\t<\/div>\n\t\t<div class=\"elementor-element elementor-element-538fb7e e-flex e-con-boxed wpr-particle-no wpr-jarallax-no wpr-parallax-no wpr-sticky-section-no wpr-equal-height-no e-con e-parent\" data-id=\"538fb7e\" data-element_type=\"container\" data-e-type=\"container\">\n\t\t\t\t\t<div class=\"e-con-inner\">\n\t\t\t\t<div class=\"elementor-element elementor-element-ffb7ad1 elementor-widget elementor-widget-spacer\" data-id=\"ffb7ad1\" data-element_type=\"widget\" data-e-type=\"widget\" data-widget_type=\"spacer.default\">\n\t\t\t\t<div class=\"elementor-widget-container\">\n\t\t\t\t\t\t\t<div class=\"elementor-spacer\">\n\t\t\t<div class=\"elementor-spacer-inner\"><\/div>\n\t\t<\/div>\n\t\t\t\t\t\t<\/div>\n\t\t\t\t<\/div>\n\t\t\t\t\t<\/div>\n\t\t\t\t<\/div>\n\t\t\t\t<\/div>\n\t\t","protected":false},"excerpt":{"rendered":"<p>Chamada de Isen\u00e7\u00e3o de Inscri\u00e7\u00f5es Isen\u00e7\u00e3o de taxa de inscri\u00e7\u00e3o para Pessoas com Defici\u00eancia Em sua vig\u00e9sima quarta edi\u00e7\u00e3o, este \u00e9 o quinto ano em que o Simp\u00f3sio Brasileiro sobre Fatores Humanos em Sistemas Computacionais (IHC)\u00a0conta com uma Coordena\u00e7\u00e3o de Acessibilidade para auxiliar a organiza\u00e7\u00e3o geral a pensar oficial e sistematicamente em recursos de acessibilidade para o evento.\u00a0A ideia \u00e9 que possamos melhorar continuamente, para que as pr\u00f3ximas edi\u00e7\u00f5es do IHC sejam cada vez mais acess\u00edveis e inclusivas para a Comunidade interessada em temas de estudos sobre Intera\u00e7\u00e3o Humano-Computador. Com essa inten\u00e7\u00e3o em mente, estamos abrindo esta chamada para solicita\u00e7\u00e3o de isen\u00e7\u00e3o de inscri\u00e7\u00f5es no IHC 2025 para Pessoas com Defici\u00eancia. O total de inscri\u00e7\u00f5es a serem isentas s\u00e3o 4 (quatro),\u00a0independente da\u00a0categoria de inscri\u00e7\u00e3o\u00a0(estudante de ensino m\u00e9dio, gradua\u00e7\u00e3o, p\u00f3s-gradua\u00e7\u00e3o, professor da educa\u00e7\u00e3o b\u00e1sica ou profissional). Os crit\u00e9rios para sele\u00e7\u00e3o das pessoas com direito \u00e0 isen\u00e7\u00e3o ser\u00e3o os seguintes:\u00a0 Informa\u00e7\u00e3o sobre tipo de defici\u00eancia (at\u00e9 duas pessoas com o mesmo tipo ser\u00e3o inclu\u00eddas, no caso de haver excesso de demanda); Justificativa de interesse em participar do IHC 2025; Previs\u00e3o de disponibilidade para se deslocar para Belo Horizonte para participar presencialmente do evento, durante os dias 08 a 10 de Setembro de 2025; Disponibilidade de Recursos Financeiros para arcar com os custos de transporte, alimenta\u00e7\u00e3o e hospedagem em Belo Horizonte &#8211; Minas Gerais. \u00a0Aos interessados, favor enviar as respostas aos crit\u00e9rios acima em e-mail \u00fanico para o endere\u00e7o eletr\u00f4nico apfreire@ufla.br at\u00e9 dia 08\/08\/2025. No ato da notifica\u00e7\u00e3o, a inscri\u00e7\u00e3o dever\u00e1 ser realizada pela pr\u00f3pria pessoa solicitante no sistema ECOS da Sociedade Brasileira de Computa\u00e7\u00e3o (SBC) e, ap\u00f3s preencher o formul\u00e1rio, solicitamos que escolha a op\u00e7\u00e3o de pagamento \u201cboleto banc\u00e1rio\u201d. O boleto dever\u00e1 ser enviado para o endere\u00e7o eletr\u00f4nico apfreire@ufla.br.\u00a0Os recursos de acessibilidade a serem disponibilizados em parte da programa\u00e7\u00e3o do evento ainda ser\u00e3o definidos dependendo da necessidade e disponibilidade da coordena\u00e7\u00e3o do evento.\u00a0Favor entrar em contato pelo e-mail: apfreire@ufla.br em caso de d\u00favidas.<\/p>\n","protected":false},"author":4,"featured_media":0,"parent":0,"menu_order":0,"comment_status":"closed","ping_status":"closed","template":"","meta":{"footnotes":""},"class_list":["post-1211","page","type-page","status-publish","hentry"],"_links":{"self":[{"href":"https:\/\/ihc.sbc.org.br\/2025\/index.php\/wp-json\/wp\/v2\/pages\/1211","targetHints":{"allow":["GET"]}}],"collection":[{"href":"https:\/\/ihc.sbc.org.br\/2025\/index.php\/wp-json\/wp\/v2\/pages"}],"about":[{"href":"https:\/\/ihc.sbc.org.br\/2025\/index.php\/wp-json\/wp\/v2\/types\/page"}],"author":[{"embeddable":true,"href":"https:\/\/ihc.sbc.org.br\/2025\/index.php\/wp-json\/wp\/v2\/users\/4"}],"replies":[{"embeddable":true,"href":"https:\/\/ihc.sbc.org.br\/2025\/index.php\/wp-json\/wp\/v2\/comments?post=1211"}],"version-history":[{"count":7,"href":"https:\/\/ihc.sbc.org.br\/2025\/index.php\/wp-json\/wp\/v2\/pages\/1211\/revisions"}],"predecessor-version":[{"id":1218,"href":"https:\/\/ihc.sbc.org.br\/2025\/index.php\/wp-json\/wp\/v2\/pages\/1211\/revisions\/1218"}],"wp:attachment":[{"href":"https:\/\/ihc.sbc.org.br\/2025\/index.php\/wp-json\/wp\/v2\/media?parent=1211"}],"curies":[{"name":"wp","href":"https:\/\/api.w.org\/{rel}","templated":true}]}}