{"id":9756,"date":"2024-09-19T11:40:57","date_gmt":"2024-09-19T14:40:57","guid":{"rendered":"https:\/\/ihc.sbc.org.br\/2024\/?page_id=9756"},"modified":"2024-09-24T13:23:29","modified_gmt":"2024-09-24T16:23:29","slug":"modelos-de-apresentacao","status":"publish","type":"page","link":"https:\/\/ihc.sbc.org.br\/2024\/modelos-de-apresentacao\/","title":{"rendered":"Modelos de Apresenta\u00e7\u00e3o"},"content":{"rendered":"\t\t<div data-elementor-type=\"wp-page\" data-elementor-id=\"9756\" class=\"elementor elementor-9756\" data-elementor-post-type=\"page\">\n\t\t\t\t\t\t<section class=\"elementor-section elementor-top-section elementor-element elementor-element-4de8b37 elementor-section-height-min-height elementor-section-boxed elementor-section-height-default elementor-section-items-middle elementor-invisible\" data-id=\"4de8b37\" data-element_type=\"section\" data-e-type=\"section\" data-settings=\"{&quot;background_background&quot;:&quot;classic&quot;,&quot;animation&quot;:&quot;fadeIn&quot;,&quot;shape_divider_top_negative&quot;:&quot;yes&quot;,&quot;shape_divider_bottom&quot;:&quot;curve-asymmetrical&quot;,&quot;shape_divider_top&quot;:&quot;curve&quot;}\">\n\t\t\t\t\t\t\t<div class=\"elementor-background-overlay\"><\/div>\n\t\t\t\t\t\t<div class=\"elementor-shape elementor-shape-top\" aria-hidden=\"true\" data-negative=\"true\">\n\t\t\t<svg xmlns=\"http:\/\/www.w3.org\/2000\/svg\" viewBox=\"0 0 1000 100\" preserveAspectRatio=\"none\">\n\t<path class=\"elementor-shape-fill\" d=\"M500,97C126.7,96.3,0.8,19.8,0,0v100l1000,0V1C1000,19.4,873.3,97.8,500,97z\"\/>\n<\/svg>\t\t<\/div>\n\t\t\t\t<div class=\"elementor-shape elementor-shape-bottom\" aria-hidden=\"true\" data-negative=\"false\">\n\t\t\t<svg xmlns=\"http:\/\/www.w3.org\/2000\/svg\" viewBox=\"0 0 1000 100\" preserveAspectRatio=\"none\">\n\t<path class=\"elementor-shape-fill\" d=\"M0,0c0,0,0,6,0,6.7c0,18,240.2,93.6,615.2,92.6C989.8,98.5,1000,25,1000,6.7c0-0.7,0-6.7,0-6.7H0z\"\/>\n<\/svg>\t\t<\/div>\n\t\t\t\t\t<div class=\"elementor-container elementor-column-gap-default\">\n\t\t\t\t\t<div class=\"elementor-column elementor-col-100 elementor-top-column elementor-element elementor-element-e4ab5a2\" data-id=\"e4ab5a2\" data-element_type=\"column\" data-e-type=\"column\">\n\t\t\t<div class=\"elementor-widget-wrap elementor-element-populated\">\n\t\t\t\t\t\t\t<\/div>\n\t\t<\/div>\n\t\t\t\t\t<\/div>\n\t\t<\/section>\n\t\t\t\t<section class=\"elementor-section elementor-top-section elementor-element elementor-element-0bde552 elementor-section-boxed elementor-section-height-default elementor-section-height-default elementor-invisible\" data-id=\"0bde552\" data-element_type=\"section\" data-e-type=\"section\" data-settings=\"{&quot;animation&quot;:&quot;fadeIn&quot;}\">\n\t\t\t\t\t\t<div class=\"elementor-container elementor-column-gap-wider\">\n\t\t\t\t\t<div class=\"elementor-column elementor-col-66 elementor-top-column elementor-element elementor-element-741aeb6\" data-id=\"741aeb6\" data-element_type=\"column\" data-e-type=\"column\">\n\t\t\t<div class=\"elementor-widget-wrap elementor-element-populated\">\n\t\t\t\t\t\t<div class=\"elementor-element elementor-element-9a30357 elementor-widget elementor-widget-heading\" data-id=\"9a30357\" data-element_type=\"widget\" data-e-type=\"widget\" data-widget_type=\"heading.default\">\n\t\t\t\t<div class=\"elementor-widget-container\">\n\t\t\t\t\t<h2 class=\"elementor-heading-title elementor-size-default\">Apresenta\u00e7\u00e3o de P\u00f4steres<\/h2>\t\t\t\t<\/div>\n\t\t\t\t<\/div>\n\t\t\t\t<div class=\"elementor-element elementor-element-5d377a0 elementor-widget elementor-widget-button\" data-id=\"5d377a0\" data-element_type=\"widget\" data-e-type=\"widget\" data-widget_type=\"button.default\">\n\t\t\t\t<div class=\"elementor-widget-container\">\n\t\t\t\t\t\t\t\t\t<div class=\"elementor-button-wrapper\">\n\t\t\t\t\t<a class=\"elementor-button elementor-button-link elementor-size-sm elementor-animation-grow\" href=\"https:\/\/ihc.sbc.org.br\/2024\/wp-content\/uploads\/2024\/09\/Modelos-Posteres-IHC2024.zip\">\n\t\t\t\t\t\t<span class=\"elementor-button-content-wrapper\">\n\t\t\t\t\t\t\t\t\t<span class=\"elementor-button-text\">Baixar Modelo de P\u00f4ster<\/span>\n\t\t\t\t\t<\/span>\n\t\t\t\t\t<\/a>\n\t\t\t\t<\/div>\n\t\t\t\t\t\t\t\t<\/div>\n\t\t\t\t<\/div>\n\t\t\t\t<div class=\"elementor-element elementor-element-2446544 elementor-widget elementor-widget-heading\" data-id=\"2446544\" data-element_type=\"widget\" data-e-type=\"widget\" data-widget_type=\"heading.default\">\n\t\t\t\t<div class=\"elementor-widget-container\">\n\t\t\t\t\t<h2 class=\"elementor-heading-title elementor-size-default\">Apresenta\u00e7\u00e3o de Slides<\/h2>\t\t\t\t<\/div>\n\t\t\t\t<\/div>\n\t\t\t\t<div class=\"elementor-element elementor-element-0f27c4d elementor-widget elementor-widget-button\" data-id=\"0f27c4d\" data-element_type=\"widget\" data-e-type=\"widget\" data-widget_type=\"button.default\">\n\t\t\t\t<div class=\"elementor-widget-container\">\n\t\t\t\t\t\t\t\t\t<div class=\"elementor-button-wrapper\">\n\t\t\t\t\t<a class=\"elementor-button elementor-button-link elementor-size-sm elementor-animation-grow\" href=\"https:\/\/ihc.sbc.org.br\/2024\/wp-content\/uploads\/2024\/09\/Modelo-Slide-IHC2024-com-mestre.pptx\">\n\t\t\t\t\t\t<span class=\"elementor-button-content-wrapper\">\n\t\t\t\t\t\t\t\t\t<span class=\"elementor-button-text\">Baixar Modelo de Apresenta\u00e7\u00f5es<\/span>\n\t\t\t\t\t<\/span>\n\t\t\t\t\t<\/a>\n\t\t\t\t<\/div>\n\t\t\t\t\t\t\t\t<\/div>\n\t\t\t\t<\/div>\n\t\t\t\t<div class=\"elementor-element elementor-element-e43980d elementor-widget elementor-widget-heading\" data-id=\"e43980d\" data-element_type=\"widget\" data-e-type=\"widget\" data-widget_type=\"heading.default\">\n\t\t\t\t<div class=\"elementor-widget-container\">\n\t\t\t\t\t<h2 class=\"elementor-heading-title elementor-size-default\">Orienta\u00e7\u00f5es<\/h2>\t\t\t\t<\/div>\n\t\t\t\t<\/div>\n\t\t\t\t<div class=\"elementor-element elementor-element-e535328 elementor-widget elementor-widget-text-editor\" data-id=\"e535328\" data-element_type=\"widget\" data-e-type=\"widget\" data-widget_type=\"text-editor.default\">\n\t\t\t\t<div class=\"elementor-widget-container\">\n\t\t\t\t\t\t\t\t\t<ul><li>\u00c9 fortemente recomendado que as imagens contenham texto alternativo (alt) com a descri\u00e7\u00e3o detalhada de cada imagem.<\/li><li>Siga as recomenda\u00e7\u00f5es de acessbilidade dispon\u00edveis na <a href=\"https:\/\/ihc.sbc.org.br\/2024\/recursos\/\">p\u00e1gina de Recursos<\/a> do IHC 2024.<\/li><\/ul>\t\t\t\t\t\t\t\t<\/div>\n\t\t\t\t<\/div>\n\t\t\t\t\t<\/div>\n\t\t<\/div>\n\t\t\t\t<div class=\"elementor-column elementor-col-33 elementor-top-column elementor-element elementor-element-d98582b\" data-id=\"d98582b\" data-element_type=\"column\" data-e-type=\"column\">\n\t\t\t<div class=\"elementor-widget-wrap elementor-element-populated\">\n\t\t\t\t\t\t<div class=\"elementor-element elementor-element-15ff477 elementor-toc--minimized-on-tablet elementor-widget elementor-widget-table-of-contents\" data-id=\"15ff477\" data-element_type=\"widget\" data-e-type=\"widget\" data-settings=\"{&quot;headings_by_tags&quot;:[&quot;h2&quot;],&quot;exclude_headings_by_selector&quot;:[],&quot;marker_view&quot;:&quot;numbers&quot;,&quot;no_headings_message&quot;:&quot;N\\u00e3o foram encontrados cabe\\u00e7alhos nesta p\\u00e1gina.&quot;,&quot;minimize_box&quot;:&quot;yes&quot;,&quot;minimized_on&quot;:&quot;tablet&quot;,&quot;hierarchical_view&quot;:&quot;yes&quot;,&quot;min_height&quot;:{&quot;unit&quot;:&quot;px&quot;,&quot;size&quot;:&quot;&quot;,&quot;sizes&quot;:[]},&quot;min_height_tablet&quot;:{&quot;unit&quot;:&quot;px&quot;,&quot;size&quot;:&quot;&quot;,&quot;sizes&quot;:[]},&quot;min_height_mobile&quot;:{&quot;unit&quot;:&quot;px&quot;,&quot;size&quot;:&quot;&quot;,&quot;sizes&quot;:[]}}\" data-widget_type=\"table-of-contents.default\">\n\t\t\t\t<div class=\"elementor-widget-container\">\n\t\t\t\t\t\t\t<div class=\"elementor-toc__header\">\n\t\t\t<h4 class=\"elementor-toc__header-title\">\n\t\t\t\tConte\u00fado dessa p\u00e1gina\t\t\t<\/h4>\n\t\t\t\t\t\t\t<div class=\"elementor-toc__toggle-button elementor-toc__toggle-button--expand\" role=\"button\" tabindex=\"0\" aria-controls=\"elementor-toc__15ff477\" aria-expanded=\"true\" aria-label=\"Abrir Tabela de Conte\u00fados\"><i aria-hidden=\"true\" class=\"fas fa-chevron-down\"><\/i><\/div>\n\t\t\t\t<div class=\"elementor-toc__toggle-button elementor-toc__toggle-button--collapse\" role=\"button\" tabindex=\"0\" aria-controls=\"elementor-toc__15ff477\" aria-expanded=\"true\" aria-label=\"Fechar Tabela de Conte\u00fados\"><i aria-hidden=\"true\" class=\"fas fa-chevron-up\"><\/i><\/div>\n\t\t\t\t\t<\/div>\n\t\t<div id=\"elementor-toc__15ff477\" class=\"elementor-toc__body\">\n\t\t\t<div class=\"elementor-toc__spinner-container\">\n\t\t\t\t<i class=\"elementor-toc__spinner eicon-animation-spin eicon-loading\" aria-hidden=\"true\"><\/i>\t\t\t<\/div>\n\t\t<\/div>\n\t\t\t\t\t\t<\/div>\n\t\t\t\t<\/div>\n\t\t\t\t\t<\/div>\n\t\t<\/div>\n\t\t\t\t\t<\/div>\n\t\t<\/section>\n\t\t\t\t<\/div>\n\t\t","protected":false},"excerpt":{"rendered":"<p>Apresenta\u00e7\u00e3o de P\u00f4steres Baixar Modelo de P\u00f4ster Apresenta\u00e7\u00e3o de Slides Baixar Modelo de Apresenta\u00e7\u00f5es Orienta\u00e7\u00f5es \u00c9 fortemente recomendado que as imagens contenham texto alternativo (alt) com a descri\u00e7\u00e3o detalhada de cada imagem. Siga as recomenda\u00e7\u00f5es de acessbilidade dispon\u00edveis na p\u00e1gina de Recursos do IHC 2024. Conte\u00fado dessa p\u00e1gina<\/p>\n","protected":false},"author":7,"featured_media":0,"parent":0,"menu_order":0,"comment_status":"closed","ping_status":"closed","template":"elementor_canvas","meta":{"footnotes":""},"class_list":["post-9756","page","type-page","status-publish","hentry","entry"],"yoast_head":"<!-- This site is optimized with the Yoast SEO plugin v27.4 - https:\/\/yoast.com\/product\/yoast-seo-wordpress\/ -->\n<title>Modelos de Apresenta\u00e7\u00e3o &#187; IHC 2024<\/title>\n<meta name=\"robots\" content=\"index, follow, max-snippet:-1, max-image-preview:large, max-video-preview:-1\" \/>\n<link rel=\"canonical\" href=\"https:\/\/ihc.sbc.org.br\/2024\/modelos-de-apresentacao\/\" \/>\n<meta property=\"og:locale\" content=\"pt_BR\" \/>\n<meta property=\"og:type\" content=\"article\" \/>\n<meta property=\"og:title\" content=\"Modelos de Apresenta\u00e7\u00e3o &#187; IHC 2024\" \/>\n<meta property=\"og:description\" content=\"Apresenta\u00e7\u00e3o de P\u00f4steres Baixar Modelo de P\u00f4ster Apresenta\u00e7\u00e3o de Slides Baixar Modelo de Apresenta\u00e7\u00f5es Orienta\u00e7\u00f5es \u00c9 fortemente recomendado que as imagens contenham texto alternativo (alt) com a descri\u00e7\u00e3o detalhada de cada imagem. Siga as recomenda\u00e7\u00f5es de acessbilidade dispon\u00edveis na p\u00e1gina de Recursos do IHC 2024. Conte\u00fado dessa p\u00e1gina\" \/>\n<meta property=\"og:url\" content=\"https:\/\/ihc.sbc.org.br\/2024\/modelos-de-apresentacao\/\" \/>\n<meta property=\"og:site_name\" content=\"IHC 2024\" \/>\n<meta property=\"article:modified_time\" content=\"2024-09-24T16:23:29+00:00\" \/>\n<meta name=\"twitter:card\" content=\"summary_large_image\" \/>\n<meta name=\"twitter:label1\" content=\"Est. tempo de leitura\" \/>\n\t<meta name=\"twitter:data1\" content=\"1 minuto\" \/>\n<script type=\"application\/ld+json\" class=\"yoast-schema-graph\">{\"@context\":\"https:\\\/\\\/schema.org\",\"@graph\":[{\"@type\":\"WebPage\",\"@id\":\"https:\\\/\\\/ihc.sbc.org.br\\\/2024\\\/modelos-de-apresentacao\\\/\",\"url\":\"https:\\\/\\\/ihc.sbc.org.br\\\/2024\\\/modelos-de-apresentacao\\\/\",\"name\":\"Modelos de Apresenta\u00e7\u00e3o &#187; IHC 2024\",\"isPartOf\":{\"@id\":\"https:\\\/\\\/ihc.sbc.org.br\\\/2024\\\/#website\"},\"datePublished\":\"2024-09-19T14:40:57+00:00\",\"dateModified\":\"2024-09-24T16:23:29+00:00\",\"breadcrumb\":{\"@id\":\"https:\\\/\\\/ihc.sbc.org.br\\\/2024\\\/modelos-de-apresentacao\\\/#breadcrumb\"},\"inLanguage\":\"pt-BR\",\"potentialAction\":[{\"@type\":\"ReadAction\",\"target\":[\"https:\\\/\\\/ihc.sbc.org.br\\\/2024\\\/modelos-de-apresentacao\\\/\"]}]},{\"@type\":\"BreadcrumbList\",\"@id\":\"https:\\\/\\\/ihc.sbc.org.br\\\/2024\\\/modelos-de-apresentacao\\\/#breadcrumb\",\"itemListElement\":[{\"@type\":\"ListItem\",\"position\":1,\"name\":\"In\u00edcio\",\"item\":\"https:\\\/\\\/ihc.sbc.org.br\\\/2024\\\/\"},{\"@type\":\"ListItem\",\"position\":2,\"name\":\"Modelos de Apresenta\u00e7\u00e3o\"}]},{\"@type\":\"WebSite\",\"@id\":\"https:\\\/\\\/ihc.sbc.org.br\\\/2024\\\/#website\",\"url\":\"https:\\\/\\\/ihc.sbc.org.br\\\/2024\\\/\",\"name\":\"IHC 2024\",\"description\":\"Simp\u00f3sio Brasileiro Sobre Fatores Humanos em Sistemas Computacionais\",\"publisher\":{\"@id\":\"https:\\\/\\\/ihc.sbc.org.br\\\/2024\\\/#organization\"},\"potentialAction\":[{\"@type\":\"SearchAction\",\"target\":{\"@type\":\"EntryPoint\",\"urlTemplate\":\"https:\\\/\\\/ihc.sbc.org.br\\\/2024\\\/?s={search_term_string}\"},\"query-input\":{\"@type\":\"PropertyValueSpecification\",\"valueRequired\":true,\"valueName\":\"search_term_string\"}}],\"inLanguage\":\"pt-BR\"},{\"@type\":\"Organization\",\"@id\":\"https:\\\/\\\/ihc.sbc.org.br\\\/2024\\\/#organization\",\"name\":\"IHC 2021\",\"url\":\"https:\\\/\\\/ihc.sbc.org.br\\\/2024\\\/\",\"logo\":{\"@type\":\"ImageObject\",\"inLanguage\":\"pt-BR\",\"@id\":\"https:\\\/\\\/ihc.sbc.org.br\\\/2024\\\/#\\\/schema\\\/logo\\\/image\\\/\",\"url\":\"https:\\\/\\\/ihc.sbc.org.br\\\/2024\\\/wp-content\\\/uploads\\\/2021\\\/02\\\/LOGO-IHC-20212-completo.png\",\"contentUrl\":\"https:\\\/\\\/ihc.sbc.org.br\\\/2024\\\/wp-content\\\/uploads\\\/2021\\\/02\\\/LOGO-IHC-20212-completo.png\",\"width\":1365,\"height\":499,\"caption\":\"IHC 2021\"},\"image\":{\"@id\":\"https:\\\/\\\/ihc.sbc.org.br\\\/2024\\\/#\\\/schema\\\/logo\\\/image\\\/\"}}]}<\/script>\n<!-- \/ Yoast SEO plugin. -->","yoast_head_json":{"title":"Modelos de Apresenta\u00e7\u00e3o &#187; IHC 2024","robots":{"index":"index","follow":"follow","max-snippet":"max-snippet:-1","max-image-preview":"max-image-preview:large","max-video-preview":"max-video-preview:-1"},"canonical":"https:\/\/ihc.sbc.org.br\/2024\/modelos-de-apresentacao\/","og_locale":"pt_BR","og_type":"article","og_title":"Modelos de Apresenta\u00e7\u00e3o &#187; IHC 2024","og_description":"Apresenta\u00e7\u00e3o de P\u00f4steres Baixar Modelo de P\u00f4ster Apresenta\u00e7\u00e3o de Slides Baixar Modelo de Apresenta\u00e7\u00f5es Orienta\u00e7\u00f5es \u00c9 fortemente recomendado que as imagens contenham texto alternativo (alt) com a descri\u00e7\u00e3o detalhada de cada imagem. Siga as recomenda\u00e7\u00f5es de acessbilidade dispon\u00edveis na p\u00e1gina de Recursos do IHC 2024. Conte\u00fado dessa p\u00e1gina","og_url":"https:\/\/ihc.sbc.org.br\/2024\/modelos-de-apresentacao\/","og_site_name":"IHC 2024","article_modified_time":"2024-09-24T16:23:29+00:00","twitter_card":"summary_large_image","twitter_misc":{"Est. tempo de leitura":"1 minuto"},"schema":{"@context":"https:\/\/schema.org","@graph":[{"@type":"WebPage","@id":"https:\/\/ihc.sbc.org.br\/2024\/modelos-de-apresentacao\/","url":"https:\/\/ihc.sbc.org.br\/2024\/modelos-de-apresentacao\/","name":"Modelos de Apresenta\u00e7\u00e3o &#187; IHC 2024","isPartOf":{"@id":"https:\/\/ihc.sbc.org.br\/2024\/#website"},"datePublished":"2024-09-19T14:40:57+00:00","dateModified":"2024-09-24T16:23:29+00:00","breadcrumb":{"@id":"https:\/\/ihc.sbc.org.br\/2024\/modelos-de-apresentacao\/#breadcrumb"},"inLanguage":"pt-BR","potentialAction":[{"@type":"ReadAction","target":["https:\/\/ihc.sbc.org.br\/2024\/modelos-de-apresentacao\/"]}]},{"@type":"BreadcrumbList","@id":"https:\/\/ihc.sbc.org.br\/2024\/modelos-de-apresentacao\/#breadcrumb","itemListElement":[{"@type":"ListItem","position":1,"name":"In\u00edcio","item":"https:\/\/ihc.sbc.org.br\/2024\/"},{"@type":"ListItem","position":2,"name":"Modelos de Apresenta\u00e7\u00e3o"}]},{"@type":"WebSite","@id":"https:\/\/ihc.sbc.org.br\/2024\/#website","url":"https:\/\/ihc.sbc.org.br\/2024\/","name":"IHC 2024","description":"Simp\u00f3sio Brasileiro Sobre Fatores Humanos em Sistemas Computacionais","publisher":{"@id":"https:\/\/ihc.sbc.org.br\/2024\/#organization"},"potentialAction":[{"@type":"SearchAction","target":{"@type":"EntryPoint","urlTemplate":"https:\/\/ihc.sbc.org.br\/2024\/?s={search_term_string}"},"query-input":{"@type":"PropertyValueSpecification","valueRequired":true,"valueName":"search_term_string"}}],"inLanguage":"pt-BR"},{"@type":"Organization","@id":"https:\/\/ihc.sbc.org.br\/2024\/#organization","name":"IHC 2021","url":"https:\/\/ihc.sbc.org.br\/2024\/","logo":{"@type":"ImageObject","inLanguage":"pt-BR","@id":"https:\/\/ihc.sbc.org.br\/2024\/#\/schema\/logo\/image\/","url":"https:\/\/ihc.sbc.org.br\/2024\/wp-content\/uploads\/2021\/02\/LOGO-IHC-20212-completo.png","contentUrl":"https:\/\/ihc.sbc.org.br\/2024\/wp-content\/uploads\/2021\/02\/LOGO-IHC-20212-completo.png","width":1365,"height":499,"caption":"IHC 2021"},"image":{"@id":"https:\/\/ihc.sbc.org.br\/2024\/#\/schema\/logo\/image\/"}}]}},"_links":{"self":[{"href":"https:\/\/ihc.sbc.org.br\/2024\/wp-json\/wp\/v2\/pages\/9756","targetHints":{"allow":["GET"]}}],"collection":[{"href":"https:\/\/ihc.sbc.org.br\/2024\/wp-json\/wp\/v2\/pages"}],"about":[{"href":"https:\/\/ihc.sbc.org.br\/2024\/wp-json\/wp\/v2\/types\/page"}],"author":[{"embeddable":true,"href":"https:\/\/ihc.sbc.org.br\/2024\/wp-json\/wp\/v2\/users\/7"}],"replies":[{"embeddable":true,"href":"https:\/\/ihc.sbc.org.br\/2024\/wp-json\/wp\/v2\/comments?post=9756"}],"version-history":[{"count":13,"href":"https:\/\/ihc.sbc.org.br\/2024\/wp-json\/wp\/v2\/pages\/9756\/revisions"}],"predecessor-version":[{"id":9787,"href":"https:\/\/ihc.sbc.org.br\/2024\/wp-json\/wp\/v2\/pages\/9756\/revisions\/9787"}],"wp:attachment":[{"href":"https:\/\/ihc.sbc.org.br\/2024\/wp-json\/wp\/v2\/media?parent=9756"}],"curies":[{"name":"wp","href":"https:\/\/api.w.org\/{rel}","templated":true}]}}