{"id":9469,"date":"2024-09-02T20:36:35","date_gmt":"2024-09-02T23:36:35","guid":{"rendered":"https:\/\/ihc.sbc.org.br\/2024\/?page_id=9469"},"modified":"2024-09-11T21:13:42","modified_gmt":"2024-09-12T00:13:42","slug":"chamada-de-isencao-de-inscricoes","status":"publish","type":"page","link":"https:\/\/ihc.sbc.org.br\/2024\/chamada-de-isencao-de-inscricoes\/","title":{"rendered":"Chamada de Isen\u00e7\u00e3o de Inscri\u00e7\u00f5es"},"content":{"rendered":"\t\t<div data-elementor-type=\"wp-page\" data-elementor-id=\"9469\" class=\"elementor elementor-9469\" data-elementor-post-type=\"page\">\n\t\t\t\t\t\t<section class=\"elementor-section elementor-top-section elementor-element elementor-element-4de8b37 elementor-section-height-min-height elementor-section-boxed elementor-section-height-default elementor-section-items-middle elementor-invisible\" data-id=\"4de8b37\" data-element_type=\"section\" data-e-type=\"section\" data-settings=\"{&quot;background_background&quot;:&quot;classic&quot;,&quot;animation&quot;:&quot;fadeIn&quot;,&quot;shape_divider_top_negative&quot;:&quot;yes&quot;,&quot;shape_divider_bottom&quot;:&quot;curve-asymmetrical&quot;,&quot;shape_divider_top&quot;:&quot;curve&quot;}\">\n\t\t\t\t\t\t\t<div class=\"elementor-background-overlay\"><\/div>\n\t\t\t\t\t\t<div class=\"elementor-shape elementor-shape-top\" aria-hidden=\"true\" data-negative=\"true\">\n\t\t\t<svg xmlns=\"http:\/\/www.w3.org\/2000\/svg\" viewBox=\"0 0 1000 100\" preserveAspectRatio=\"none\">\n\t<path class=\"elementor-shape-fill\" d=\"M500,97C126.7,96.3,0.8,19.8,0,0v100l1000,0V1C1000,19.4,873.3,97.8,500,97z\"\/>\n<\/svg>\t\t<\/div>\n\t\t\t\t<div class=\"elementor-shape elementor-shape-bottom\" aria-hidden=\"true\" data-negative=\"false\">\n\t\t\t<svg xmlns=\"http:\/\/www.w3.org\/2000\/svg\" viewBox=\"0 0 1000 100\" preserveAspectRatio=\"none\">\n\t<path class=\"elementor-shape-fill\" d=\"M0,0c0,0,0,6,0,6.7c0,18,240.2,93.6,615.2,92.6C989.8,98.5,1000,25,1000,6.7c0-0.7,0-6.7,0-6.7H0z\"\/>\n<\/svg>\t\t<\/div>\n\t\t\t\t\t<div class=\"elementor-container elementor-column-gap-default\">\n\t\t\t\t\t<div class=\"elementor-column elementor-col-100 elementor-top-column elementor-element elementor-element-e4ab5a2\" data-id=\"e4ab5a2\" data-element_type=\"column\" data-e-type=\"column\">\n\t\t\t<div class=\"elementor-widget-wrap elementor-element-populated\">\n\t\t\t\t\t\t\t<\/div>\n\t\t<\/div>\n\t\t\t\t\t<\/div>\n\t\t<\/section>\n\t\t\t\t<section class=\"elementor-section elementor-top-section elementor-element elementor-element-0bde552 elementor-section-boxed elementor-section-height-default elementor-section-height-default elementor-invisible\" data-id=\"0bde552\" data-element_type=\"section\" data-e-type=\"section\" data-settings=\"{&quot;animation&quot;:&quot;fadeIn&quot;}\">\n\t\t\t\t\t\t<div class=\"elementor-container elementor-column-gap-wider\">\n\t\t\t\t\t<div class=\"elementor-column elementor-col-66 elementor-top-column elementor-element elementor-element-741aeb6\" data-id=\"741aeb6\" data-element_type=\"column\" data-e-type=\"column\">\n\t\t\t<div class=\"elementor-widget-wrap elementor-element-populated\">\n\t\t\t\t\t\t<div class=\"elementor-element elementor-element-e1de03d elementor-widget elementor-widget-heading\" data-id=\"e1de03d\" data-element_type=\"widget\" data-e-type=\"widget\" data-widget_type=\"heading.default\">\n\t\t\t\t<div class=\"elementor-widget-container\">\n\t\t\t\t\t<h2 class=\"elementor-heading-title elementor-size-default\">Chamada de isen\u00e7\u00e3o de taxa de inscri\u00e7\u00e3o para Pessoas com Defici\u00eancia <\/h2>\t\t\t\t<\/div>\n\t\t\t\t<\/div>\n\t\t\t\t<div class=\"elementor-element elementor-element-c9b159e elementor-widget elementor-widget-text-editor\" data-id=\"c9b159e\" data-element_type=\"widget\" data-e-type=\"widget\" data-widget_type=\"text-editor.default\">\n\t\t\t\t<div class=\"elementor-widget-container\">\n\t\t\t\t\t\t\t\t\t<p><span style=\"font-weight: 400;\">Em sua vig\u00e9sima terceira edi\u00e7\u00e3o, este \u00e9 o quarto ano em que o <\/span><a href=\"https:\/\/ihc.sbc.org.br\/2024\/\"><span style=\"font-weight: 400;\">Simp\u00f3sio Brasileiro sobre Fatores Humanos em Sistemas Computacionais (IHC)<\/span><\/a><span style=\"font-weight: 400;\"> conta com uma Coordena\u00e7\u00e3o de Acessibilidade para auxiliar a organiza\u00e7\u00e3o geral a pensar oficial e sistematicamente em recursos de acessibilidade para o evento.<\/span><\/p><p><span style=\"font-weight: 400;\">A ideia \u00e9 que possamos melhorar continuamente, para que as pr\u00f3ximas edi\u00e7\u00f5es do IHC sejam cada vez mais acess\u00edveis e inclusivas para a Comunidade interessada em temas de estudos sobre Intera\u00e7\u00e3o Humano-Computador.<\/span><\/p><p><span style=\"font-weight: 400;\">Com essa inten\u00e7\u00e3o em mente, estamos abrindo esta chamada para solicita\u00e7\u00e3o de isen\u00e7\u00e3o de inscri\u00e7\u00f5es no IHC 2024 para Pessoas com Defici\u00eancia.<\/span><\/p><p><span style=\"font-weight: 400;\">O total de inscri\u00e7\u00f5es a serem isentas s\u00e3o<\/span><b> 4 (quatro),<\/b><span style=\"font-weight: 400;\"> independente da <\/span><a href=\"https:\/\/ihc.sbc.org.br\/2024\/inscricoes\/\"><span style=\"font-weight: 400;\">categoria de inscri\u00e7\u00e3o<\/span><\/a><span style=\"font-weight: 400;\"> (estudante de ensino m\u00e9dio, gradua\u00e7\u00e3o, p\u00f3s-gradua\u00e7\u00e3o, professor da educa\u00e7\u00e3o b\u00e1sica ou profissional). Os crit\u00e9rios para sele\u00e7\u00e3o das pessoas com direito \u00e0 isen\u00e7\u00e3o ser\u00e3o os seguintes:<\/span><\/p><ul><li style=\"font-weight: 400;\" aria-level=\"1\"><span style=\"font-weight: 400;\">Informa\u00e7\u00e3o sobre tipo de defici\u00eancia (at\u00e9 duas pessoas com o mesmo tipo ser\u00e3o inclu\u00eddas, no caso de haver excesso de demanda);<\/span><\/li><li style=\"font-weight: 400;\" aria-level=\"1\"><span style=\"font-weight: 400;\">Justificativa de interesse em participar do IHC 2024;<\/span><\/li><li style=\"font-weight: 400;\" aria-level=\"1\"><span style=\"font-weight: 400;\">Previs\u00e3o de disponibilidade para se deslocar para Bras\u00edlia para participar presencialmente do evento, durante os dias 07 a 11 de Outubro de 2024;<\/span><\/li><li style=\"font-weight: 400;\" aria-level=\"1\"><span style=\"font-weight: 400;\">Disponibilidade de Recursos Financeiros para arcar com os custos de transporte, alimenta\u00e7\u00e3o e hospedagem em Bras\u00edlia.<\/span><\/li><\/ul><p><span style=\"font-weight: 400;\">Aos interessados, favor enviar as respostas aos crit\u00e9rios acima em e-mail \u00fanico para o endere\u00e7o eletr\u00f4nico ihc2024@ifb.edu.br <\/span><b>at\u00e9 dia 06\/09\/2024<\/b><span style=\"font-weight: 400;\">.<\/span><\/p><p><span style=\"font-weight: 400;\">No ato da notifica\u00e7\u00e3o, a inscri\u00e7\u00e3o dever\u00e1 ser realizada pela pr\u00f3pria pessoa solicitante no <\/span><a href=\"https:\/\/centraldesistemas.sbc.org.br\/ecos\/ihc2024\"><span style=\"font-weight: 400;\">sistema ECOS<\/span><\/a><span style=\"font-weight: 400;\"> da Sociedade Brasileira de Computa\u00e7\u00e3o (SBC) e, ap\u00f3s preencher o formul\u00e1rio, solicitamos que escolha a op\u00e7\u00e3o de pagamento \u201cboleto banc\u00e1rio\u201d. O boleto dever\u00e1 ser enviado para o endere\u00e7o eletr\u00f4nico ihc2024@ifb.edu.br.<\/span><\/p><p><span style=\"font-weight: 400;\">Os recursos de acessibilidade a serem disponibilizados em parte da programa\u00e7\u00e3o do evento ser\u00e3o: Int\u00e9rprete LIBRAS e Int\u00e9rprete ingl\u00eas\/portugu\u00eas.<\/span><\/p><p><span style=\"font-weight: 400;\">Favor entrar em contato pelo e-mail: ihc2024@ifb.edu.br em caso de d\u00favidas.<\/span><\/p>\t\t\t\t\t\t\t\t<\/div>\n\t\t\t\t<\/div>\n\t\t\t\t\t<\/div>\n\t\t<\/div>\n\t\t\t\t<div class=\"elementor-column elementor-col-33 elementor-top-column elementor-element elementor-element-d98582b\" data-id=\"d98582b\" data-element_type=\"column\" data-e-type=\"column\">\n\t\t\t<div class=\"elementor-widget-wrap elementor-element-populated\">\n\t\t\t\t\t\t<div class=\"elementor-element elementor-element-15ff477 elementor-toc--minimized-on-tablet elementor-widget elementor-widget-table-of-contents\" data-id=\"15ff477\" data-element_type=\"widget\" data-e-type=\"widget\" data-settings=\"{&quot;headings_by_tags&quot;:[&quot;h2&quot;],&quot;exclude_headings_by_selector&quot;:[],&quot;marker_view&quot;:&quot;numbers&quot;,&quot;no_headings_message&quot;:&quot;N\\u00e3o foram encontrados cabe\\u00e7alhos nesta p\\u00e1gina.&quot;,&quot;minimize_box&quot;:&quot;yes&quot;,&quot;minimized_on&quot;:&quot;tablet&quot;,&quot;hierarchical_view&quot;:&quot;yes&quot;,&quot;min_height&quot;:{&quot;unit&quot;:&quot;px&quot;,&quot;size&quot;:&quot;&quot;,&quot;sizes&quot;:[]},&quot;min_height_tablet&quot;:{&quot;unit&quot;:&quot;px&quot;,&quot;size&quot;:&quot;&quot;,&quot;sizes&quot;:[]},&quot;min_height_mobile&quot;:{&quot;unit&quot;:&quot;px&quot;,&quot;size&quot;:&quot;&quot;,&quot;sizes&quot;:[]}}\" data-widget_type=\"table-of-contents.default\">\n\t\t\t\t<div class=\"elementor-widget-container\">\n\t\t\t\t\t\t\t<div class=\"elementor-toc__header\">\n\t\t\t<h4 class=\"elementor-toc__header-title\">\n\t\t\t\tConte\u00fado dessa p\u00e1gina\t\t\t<\/h4>\n\t\t\t\t\t\t\t<div class=\"elementor-toc__toggle-button elementor-toc__toggle-button--expand\" role=\"button\" tabindex=\"0\" aria-controls=\"elementor-toc__15ff477\" aria-expanded=\"true\" aria-label=\"Abrir Tabela de Conte\u00fados\"><i aria-hidden=\"true\" class=\"fas fa-chevron-down\"><\/i><\/div>\n\t\t\t\t<div class=\"elementor-toc__toggle-button elementor-toc__toggle-button--collapse\" role=\"button\" tabindex=\"0\" aria-controls=\"elementor-toc__15ff477\" aria-expanded=\"true\" aria-label=\"Fechar Tabela de Conte\u00fados\"><i aria-hidden=\"true\" class=\"fas fa-chevron-up\"><\/i><\/div>\n\t\t\t\t\t<\/div>\n\t\t<div id=\"elementor-toc__15ff477\" class=\"elementor-toc__body\">\n\t\t\t<div class=\"elementor-toc__spinner-container\">\n\t\t\t\t<i class=\"elementor-toc__spinner eicon-animation-spin eicon-loading\" aria-hidden=\"true\"><\/i>\t\t\t<\/div>\n\t\t<\/div>\n\t\t\t\t\t\t<\/div>\n\t\t\t\t<\/div>\n\t\t\t\t\t<\/div>\n\t\t<\/div>\n\t\t\t\t\t<\/div>\n\t\t<\/section>\n\t\t\t\t<\/div>\n\t\t","protected":false},"excerpt":{"rendered":"<p>Chamada de isen\u00e7\u00e3o de taxa de inscri\u00e7\u00e3o para Pessoas com Defici\u00eancia Em sua vig\u00e9sima terceira edi\u00e7\u00e3o, este \u00e9 o quarto ano em que o Simp\u00f3sio Brasileiro sobre Fatores Humanos em Sistemas Computacionais (IHC) conta com uma Coordena\u00e7\u00e3o de Acessibilidade para auxiliar a organiza\u00e7\u00e3o geral a pensar oficial e sistematicamente em recursos de acessibilidade para o&hellip; <a class=\"more-link\" href=\"https:\/\/ihc.sbc.org.br\/2024\/chamada-de-isencao-de-inscricoes\/\">Continuar lendo <span class=\"screen-reader-text\">Chamada de Isen\u00e7\u00e3o de Inscri\u00e7\u00f5es<\/span><\/a><\/p>\n","protected":false},"author":7,"featured_media":0,"parent":0,"menu_order":0,"comment_status":"closed","ping_status":"closed","template":"elementor_canvas","meta":{"footnotes":""},"class_list":["post-9469","page","type-page","status-publish","hentry","entry"],"yoast_head":"<!-- This site is optimized with the Yoast SEO plugin v27.4 - https:\/\/yoast.com\/product\/yoast-seo-wordpress\/ -->\n<title>Chamada de Isen\u00e7\u00e3o de Inscri\u00e7\u00f5es &#187; IHC 2024<\/title>\n<meta name=\"robots\" content=\"index, follow, max-snippet:-1, max-image-preview:large, max-video-preview:-1\" \/>\n<link rel=\"canonical\" href=\"https:\/\/ihc.sbc.org.br\/2024\/chamada-de-isencao-de-inscricoes\/\" \/>\n<meta property=\"og:locale\" content=\"pt_BR\" \/>\n<meta property=\"og:type\" content=\"article\" \/>\n<meta property=\"og:title\" content=\"Chamada de Isen\u00e7\u00e3o de Inscri\u00e7\u00f5es &#187; IHC 2024\" \/>\n<meta property=\"og:description\" content=\"Chamada de isen\u00e7\u00e3o de taxa de inscri\u00e7\u00e3o para Pessoas com Defici\u00eancia Em sua vig\u00e9sima terceira edi\u00e7\u00e3o, este \u00e9 o quarto ano em que o Simp\u00f3sio Brasileiro sobre Fatores Humanos em Sistemas Computacionais (IHC) conta com uma Coordena\u00e7\u00e3o de Acessibilidade para auxiliar a organiza\u00e7\u00e3o geral a pensar oficial e sistematicamente em recursos de acessibilidade para o&hellip; Continuar lendo Chamada de Isen\u00e7\u00e3o de Inscri\u00e7\u00f5es\" \/>\n<meta property=\"og:url\" content=\"https:\/\/ihc.sbc.org.br\/2024\/chamada-de-isencao-de-inscricoes\/\" \/>\n<meta property=\"og:site_name\" content=\"IHC 2024\" \/>\n<meta property=\"article:modified_time\" content=\"2024-09-12T00:13:42+00:00\" \/>\n<meta name=\"twitter:card\" content=\"summary_large_image\" \/>\n<meta name=\"twitter:label1\" content=\"Est. tempo de leitura\" \/>\n\t<meta name=\"twitter:data1\" content=\"2 minutos\" \/>\n<script type=\"application\/ld+json\" class=\"yoast-schema-graph\">{\"@context\":\"https:\\\/\\\/schema.org\",\"@graph\":[{\"@type\":\"WebPage\",\"@id\":\"https:\\\/\\\/ihc.sbc.org.br\\\/2024\\\/chamada-de-isencao-de-inscricoes\\\/\",\"url\":\"https:\\\/\\\/ihc.sbc.org.br\\\/2024\\\/chamada-de-isencao-de-inscricoes\\\/\",\"name\":\"Chamada de Isen\u00e7\u00e3o de Inscri\u00e7\u00f5es &#187; IHC 2024\",\"isPartOf\":{\"@id\":\"https:\\\/\\\/ihc.sbc.org.br\\\/2024\\\/#website\"},\"datePublished\":\"2024-09-02T23:36:35+00:00\",\"dateModified\":\"2024-09-12T00:13:42+00:00\",\"breadcrumb\":{\"@id\":\"https:\\\/\\\/ihc.sbc.org.br\\\/2024\\\/chamada-de-isencao-de-inscricoes\\\/#breadcrumb\"},\"inLanguage\":\"pt-BR\",\"potentialAction\":[{\"@type\":\"ReadAction\",\"target\":[\"https:\\\/\\\/ihc.sbc.org.br\\\/2024\\\/chamada-de-isencao-de-inscricoes\\\/\"]}]},{\"@type\":\"BreadcrumbList\",\"@id\":\"https:\\\/\\\/ihc.sbc.org.br\\\/2024\\\/chamada-de-isencao-de-inscricoes\\\/#breadcrumb\",\"itemListElement\":[{\"@type\":\"ListItem\",\"position\":1,\"name\":\"In\u00edcio\",\"item\":\"https:\\\/\\\/ihc.sbc.org.br\\\/2024\\\/\"},{\"@type\":\"ListItem\",\"position\":2,\"name\":\"Chamada de Isen\u00e7\u00e3o de Inscri\u00e7\u00f5es\"}]},{\"@type\":\"WebSite\",\"@id\":\"https:\\\/\\\/ihc.sbc.org.br\\\/2024\\\/#website\",\"url\":\"https:\\\/\\\/ihc.sbc.org.br\\\/2024\\\/\",\"name\":\"IHC 2024\",\"description\":\"Simp\u00f3sio Brasileiro Sobre Fatores Humanos em Sistemas Computacionais\",\"publisher\":{\"@id\":\"https:\\\/\\\/ihc.sbc.org.br\\\/2024\\\/#organization\"},\"potentialAction\":[{\"@type\":\"SearchAction\",\"target\":{\"@type\":\"EntryPoint\",\"urlTemplate\":\"https:\\\/\\\/ihc.sbc.org.br\\\/2024\\\/?s={search_term_string}\"},\"query-input\":{\"@type\":\"PropertyValueSpecification\",\"valueRequired\":true,\"valueName\":\"search_term_string\"}}],\"inLanguage\":\"pt-BR\"},{\"@type\":\"Organization\",\"@id\":\"https:\\\/\\\/ihc.sbc.org.br\\\/2024\\\/#organization\",\"name\":\"IHC 2021\",\"url\":\"https:\\\/\\\/ihc.sbc.org.br\\\/2024\\\/\",\"logo\":{\"@type\":\"ImageObject\",\"inLanguage\":\"pt-BR\",\"@id\":\"https:\\\/\\\/ihc.sbc.org.br\\\/2024\\\/#\\\/schema\\\/logo\\\/image\\\/\",\"url\":\"https:\\\/\\\/ihc.sbc.org.br\\\/2024\\\/wp-content\\\/uploads\\\/2021\\\/02\\\/LOGO-IHC-20212-completo.png\",\"contentUrl\":\"https:\\\/\\\/ihc.sbc.org.br\\\/2024\\\/wp-content\\\/uploads\\\/2021\\\/02\\\/LOGO-IHC-20212-completo.png\",\"width\":1365,\"height\":499,\"caption\":\"IHC 2021\"},\"image\":{\"@id\":\"https:\\\/\\\/ihc.sbc.org.br\\\/2024\\\/#\\\/schema\\\/logo\\\/image\\\/\"}}]}<\/script>\n<!-- \/ Yoast SEO plugin. -->","yoast_head_json":{"title":"Chamada de Isen\u00e7\u00e3o de Inscri\u00e7\u00f5es &#187; IHC 2024","robots":{"index":"index","follow":"follow","max-snippet":"max-snippet:-1","max-image-preview":"max-image-preview:large","max-video-preview":"max-video-preview:-1"},"canonical":"https:\/\/ihc.sbc.org.br\/2024\/chamada-de-isencao-de-inscricoes\/","og_locale":"pt_BR","og_type":"article","og_title":"Chamada de Isen\u00e7\u00e3o de Inscri\u00e7\u00f5es &#187; IHC 2024","og_description":"Chamada de isen\u00e7\u00e3o de taxa de inscri\u00e7\u00e3o para Pessoas com Defici\u00eancia Em sua vig\u00e9sima terceira edi\u00e7\u00e3o, este \u00e9 o quarto ano em que o Simp\u00f3sio Brasileiro sobre Fatores Humanos em Sistemas Computacionais (IHC) conta com uma Coordena\u00e7\u00e3o de Acessibilidade para auxiliar a organiza\u00e7\u00e3o geral a pensar oficial e sistematicamente em recursos de acessibilidade para o&hellip; Continuar lendo Chamada de Isen\u00e7\u00e3o de Inscri\u00e7\u00f5es","og_url":"https:\/\/ihc.sbc.org.br\/2024\/chamada-de-isencao-de-inscricoes\/","og_site_name":"IHC 2024","article_modified_time":"2024-09-12T00:13:42+00:00","twitter_card":"summary_large_image","twitter_misc":{"Est. tempo de leitura":"2 minutos"},"schema":{"@context":"https:\/\/schema.org","@graph":[{"@type":"WebPage","@id":"https:\/\/ihc.sbc.org.br\/2024\/chamada-de-isencao-de-inscricoes\/","url":"https:\/\/ihc.sbc.org.br\/2024\/chamada-de-isencao-de-inscricoes\/","name":"Chamada de Isen\u00e7\u00e3o de Inscri\u00e7\u00f5es &#187; IHC 2024","isPartOf":{"@id":"https:\/\/ihc.sbc.org.br\/2024\/#website"},"datePublished":"2024-09-02T23:36:35+00:00","dateModified":"2024-09-12T00:13:42+00:00","breadcrumb":{"@id":"https:\/\/ihc.sbc.org.br\/2024\/chamada-de-isencao-de-inscricoes\/#breadcrumb"},"inLanguage":"pt-BR","potentialAction":[{"@type":"ReadAction","target":["https:\/\/ihc.sbc.org.br\/2024\/chamada-de-isencao-de-inscricoes\/"]}]},{"@type":"BreadcrumbList","@id":"https:\/\/ihc.sbc.org.br\/2024\/chamada-de-isencao-de-inscricoes\/#breadcrumb","itemListElement":[{"@type":"ListItem","position":1,"name":"In\u00edcio","item":"https:\/\/ihc.sbc.org.br\/2024\/"},{"@type":"ListItem","position":2,"name":"Chamada de Isen\u00e7\u00e3o de Inscri\u00e7\u00f5es"}]},{"@type":"WebSite","@id":"https:\/\/ihc.sbc.org.br\/2024\/#website","url":"https:\/\/ihc.sbc.org.br\/2024\/","name":"IHC 2024","description":"Simp\u00f3sio Brasileiro Sobre Fatores Humanos em Sistemas Computacionais","publisher":{"@id":"https:\/\/ihc.sbc.org.br\/2024\/#organization"},"potentialAction":[{"@type":"SearchAction","target":{"@type":"EntryPoint","urlTemplate":"https:\/\/ihc.sbc.org.br\/2024\/?s={search_term_string}"},"query-input":{"@type":"PropertyValueSpecification","valueRequired":true,"valueName":"search_term_string"}}],"inLanguage":"pt-BR"},{"@type":"Organization","@id":"https:\/\/ihc.sbc.org.br\/2024\/#organization","name":"IHC 2021","url":"https:\/\/ihc.sbc.org.br\/2024\/","logo":{"@type":"ImageObject","inLanguage":"pt-BR","@id":"https:\/\/ihc.sbc.org.br\/2024\/#\/schema\/logo\/image\/","url":"https:\/\/ihc.sbc.org.br\/2024\/wp-content\/uploads\/2021\/02\/LOGO-IHC-20212-completo.png","contentUrl":"https:\/\/ihc.sbc.org.br\/2024\/wp-content\/uploads\/2021\/02\/LOGO-IHC-20212-completo.png","width":1365,"height":499,"caption":"IHC 2021"},"image":{"@id":"https:\/\/ihc.sbc.org.br\/2024\/#\/schema\/logo\/image\/"}}]}},"_links":{"self":[{"href":"https:\/\/ihc.sbc.org.br\/2024\/wp-json\/wp\/v2\/pages\/9469","targetHints":{"allow":["GET"]}}],"collection":[{"href":"https:\/\/ihc.sbc.org.br\/2024\/wp-json\/wp\/v2\/pages"}],"about":[{"href":"https:\/\/ihc.sbc.org.br\/2024\/wp-json\/wp\/v2\/types\/page"}],"author":[{"embeddable":true,"href":"https:\/\/ihc.sbc.org.br\/2024\/wp-json\/wp\/v2\/users\/7"}],"replies":[{"embeddable":true,"href":"https:\/\/ihc.sbc.org.br\/2024\/wp-json\/wp\/v2\/comments?post=9469"}],"version-history":[{"count":14,"href":"https:\/\/ihc.sbc.org.br\/2024\/wp-json\/wp\/v2\/pages\/9469\/revisions"}],"predecessor-version":[{"id":9550,"href":"https:\/\/ihc.sbc.org.br\/2024\/wp-json\/wp\/v2\/pages\/9469\/revisions\/9550"}],"wp:attachment":[{"href":"https:\/\/ihc.sbc.org.br\/2024\/wp-json\/wp\/v2\/media?parent=9469"}],"curies":[{"name":"wp","href":"https:\/\/api.w.org\/{rel}","templated":true}]}}