{"id":8628,"date":"2024-04-13T19:59:20","date_gmt":"2024-04-13T22:59:20","guid":{"rendered":"https:\/\/ihc.sbc.org.br\/2024\/?page_id=8628"},"modified":"2024-09-11T21:21:45","modified_gmt":"2024-09-12T00:21:45","slug":"topicos","status":"publish","type":"page","link":"https:\/\/ihc.sbc.org.br\/2024\/topicos\/","title":{"rendered":"T\u00f3picos"},"content":{"rendered":"\t\t<div data-elementor-type=\"wp-page\" data-elementor-id=\"8628\" class=\"elementor elementor-8628\" data-elementor-post-type=\"page\">\n\t\t\t\t\t\t<section class=\"elementor-section elementor-top-section elementor-element elementor-element-4de8b37 elementor-section-height-min-height elementor-section-boxed elementor-section-height-default elementor-section-items-middle elementor-invisible\" data-id=\"4de8b37\" data-element_type=\"section\" data-e-type=\"section\" data-settings=\"{&quot;background_background&quot;:&quot;classic&quot;,&quot;animation&quot;:&quot;fadeIn&quot;,&quot;shape_divider_top_negative&quot;:&quot;yes&quot;,&quot;shape_divider_bottom&quot;:&quot;curve-asymmetrical&quot;,&quot;shape_divider_top&quot;:&quot;curve&quot;}\">\n\t\t\t\t\t\t\t<div class=\"elementor-background-overlay\"><\/div>\n\t\t\t\t\t\t<div class=\"elementor-shape elementor-shape-top\" aria-hidden=\"true\" data-negative=\"true\">\n\t\t\t<svg xmlns=\"http:\/\/www.w3.org\/2000\/svg\" viewBox=\"0 0 1000 100\" preserveAspectRatio=\"none\">\n\t<path class=\"elementor-shape-fill\" d=\"M500,97C126.7,96.3,0.8,19.8,0,0v100l1000,0V1C1000,19.4,873.3,97.8,500,97z\"\/>\n<\/svg>\t\t<\/div>\n\t\t\t\t<div class=\"elementor-shape elementor-shape-bottom\" aria-hidden=\"true\" data-negative=\"false\">\n\t\t\t<svg xmlns=\"http:\/\/www.w3.org\/2000\/svg\" viewBox=\"0 0 1000 100\" preserveAspectRatio=\"none\">\n\t<path class=\"elementor-shape-fill\" d=\"M0,0c0,0,0,6,0,6.7c0,18,240.2,93.6,615.2,92.6C989.8,98.5,1000,25,1000,6.7c0-0.7,0-6.7,0-6.7H0z\"\/>\n<\/svg>\t\t<\/div>\n\t\t\t\t\t<div class=\"elementor-container elementor-column-gap-default\">\n\t\t\t\t\t<div class=\"elementor-column elementor-col-100 elementor-top-column elementor-element elementor-element-e4ab5a2\" data-id=\"e4ab5a2\" data-element_type=\"column\" data-e-type=\"column\">\n\t\t\t<div class=\"elementor-widget-wrap elementor-element-populated\">\n\t\t\t\t\t\t\t<\/div>\n\t\t<\/div>\n\t\t\t\t\t<\/div>\n\t\t<\/section>\n\t\t\t\t<section class=\"elementor-section elementor-top-section elementor-element elementor-element-629d3a9 elementor-section-boxed elementor-section-height-default elementor-section-height-default\" data-id=\"629d3a9\" data-element_type=\"section\" data-e-type=\"section\">\n\t\t\t\t\t\t<div class=\"elementor-container elementor-column-gap-default\">\n\t\t\t\t\t<div class=\"elementor-column elementor-col-100 elementor-top-column elementor-element elementor-element-cc98f8e\" data-id=\"cc98f8e\" data-element_type=\"column\" data-e-type=\"column\">\n\t\t\t<div class=\"elementor-widget-wrap elementor-element-populated\">\n\t\t\t\t\t\t<div class=\"elementor-element elementor-element-4462cde elementor-widget elementor-widget-text-editor\" data-id=\"4462cde\" data-element_type=\"widget\" data-e-type=\"widget\" data-widget_type=\"text-editor.default\">\n\t\t\t\t<div class=\"elementor-widget-container\">\n\t\t\t\t\t\t\t\t\t<p>Os t\u00f3picos de interesse do IHC 2024 incluem, mas n\u00e3o est\u00e3o limitados a:<\/p>\t\t\t\t\t\t\t\t<\/div>\n\t\t\t\t<\/div>\n\t\t\t\t\t<\/div>\n\t\t<\/div>\n\t\t\t\t\t<\/div>\n\t\t<\/section>\n\t\t\t\t<section class=\"elementor-section elementor-top-section elementor-element elementor-element-0bde552 elementor-section-boxed elementor-section-height-default elementor-section-height-default elementor-invisible\" data-id=\"0bde552\" data-element_type=\"section\" data-e-type=\"section\" data-settings=\"{&quot;animation&quot;:&quot;fadeIn&quot;}\">\n\t\t\t\t\t\t<div class=\"elementor-container elementor-column-gap-wider\">\n\t\t\t\t\t<div class=\"elementor-column elementor-col-66 elementor-top-column elementor-element elementor-element-741aeb6\" data-id=\"741aeb6\" data-element_type=\"column\" data-e-type=\"column\">\n\t\t\t<div class=\"elementor-widget-wrap elementor-element-populated\">\n\t\t\t\t\t\t<div class=\"elementor-element elementor-element-9a30357 elementor-widget elementor-widget-heading\" data-id=\"9a30357\" data-element_type=\"widget\" data-e-type=\"widget\" data-widget_type=\"heading.default\">\n\t\t\t\t<div class=\"elementor-widget-container\">\n\t\t\t\t\t<h2 class=\"elementor-heading-title elementor-size-default\">IHC NA SOCIEDADE<\/h2>\t\t\t\t<\/div>\n\t\t\t\t<\/div>\n\t\t\t\t<div class=\"elementor-element elementor-element-a29e5bb elementor-widget elementor-widget-text-editor\" data-id=\"a29e5bb\" data-element_type=\"widget\" data-e-type=\"widget\" data-widget_type=\"text-editor.default\">\n\t\t\t\t<div class=\"elementor-widget-container\">\n\t\t\t\t\t\t\t\t\t<ul><li style=\"font-weight: 400;\" aria-level=\"1\"><span style=\"font-weight: 400;\">Acessibilidade e tecnologias assistivas<\/span><\/li><li style=\"font-weight: 400;\" aria-level=\"1\"><span style=\"font-weight: 400;\">Aspectos legais e \u00e9ticos em IHC<\/span><\/li><li style=\"font-weight: 400;\" aria-level=\"1\"><span style=\"font-weight: 400;\">Aspectos sociais da IHC<\/span><\/li><li style=\"font-weight: 400;\" aria-level=\"1\"><span style=\"font-weight: 400;\">Atua\u00e7\u00e3o do profissional de IHC no mercado e na ind\u00fastria\u00a0<\/span><\/li><li style=\"font-weight: 400;\" aria-level=\"1\"><span style=\"font-weight: 400;\">Cultura e IHC<\/span><\/li><li style=\"font-weight: 400;\" aria-level=\"1\"><span style=\"font-weight: 400;\">Ensino e pesquisa de IHC<\/span><\/li><li style=\"font-weight: 400;\" aria-level=\"1\"><span style=\"font-weight: 400;\">G\u00eanero e minorias<\/span><\/li><li style=\"font-weight: 400;\" aria-level=\"1\"><span style=\"font-weight: 400;\">Governo eletr\u00f4nico e cidadania<\/span><\/li><li style=\"font-weight: 400;\" aria-level=\"1\"><span style=\"font-weight: 400;\">Letramento digital e pensamento computacional<\/span><\/li><li style=\"font-weight: 400;\" aria-level=\"1\"><span style=\"font-weight: 400;\">Valores humanos<\/span><\/li><\/ul>\t\t\t\t\t\t\t\t<\/div>\n\t\t\t\t<\/div>\n\t\t\t\t<div class=\"elementor-element elementor-element-73f56dd elementor-widget elementor-widget-heading\" data-id=\"73f56dd\" data-element_type=\"widget\" data-e-type=\"widget\" data-widget_type=\"heading.default\">\n\t\t\t\t<div class=\"elementor-widget-container\">\n\t\t\t\t\t<h2 class=\"elementor-heading-title elementor-size-default\">INTERA\u00c7\u00c3O COM NOVOS DISPOSITIVOS<\/h2>\t\t\t\t<\/div>\n\t\t\t\t<\/div>\n\t\t\t\t<div class=\"elementor-element elementor-element-c15fa5f elementor-widget elementor-widget-text-editor\" data-id=\"c15fa5f\" data-element_type=\"widget\" data-e-type=\"widget\" data-widget_type=\"text-editor.default\">\n\t\t\t\t<div class=\"elementor-widget-container\">\n\t\t\t\t\t\t\t\t\t<ul><li style=\"font-weight: 400;\" aria-level=\"1\"><span style=\"font-weight: 400;\">Interfaces 3D<\/span><\/li><li style=\"font-weight: 400;\" aria-level=\"1\"><span style=\"font-weight: 400;\">Interfaces inteligentes, adapt\u00e1veis e adaptativas<\/span><\/li><li style=\"font-weight: 400;\" aria-level=\"1\"><span style=\"font-weight: 400;\">Interfaces de usu\u00e1rio naturais (NUI)<\/span><\/li><li style=\"font-weight: 400;\" aria-level=\"1\"><span style=\"font-weight: 400;\">Interfaces de usu\u00e1rio tang\u00edveis (TUI)<\/span><\/li><li style=\"font-weight: 400;\" aria-level=\"1\"><span style=\"font-weight: 400;\">Interfaces multimodais<\/span><\/li><li style=\"font-weight: 400;\" aria-level=\"1\"><span style=\"font-weight: 400;\">Realidade virtual e realidade aumentada (VR\/AR)<\/span><\/li><li style=\"font-weight: 400;\" aria-level=\"1\"><span style=\"font-weight: 400;\">Internet das coisas &#8211; Internet of Things (IoT)<\/span><\/li><li style=\"font-weight: 400;\" aria-level=\"1\"><span style=\"font-weight: 400;\">Intera\u00e7\u00e3o sens\u00edvel ao contexto<\/span><\/li><li style=\"font-weight: 400;\" aria-level=\"1\"><span style=\"font-weight: 400;\">Intera\u00e7\u00e3o em dispositivos m\u00f3veis<\/span><\/li><li style=\"font-weight: 400;\" aria-level=\"1\"><span style=\"font-weight: 400;\">Novos paradigmas de intera\u00e7\u00e3o<\/span><\/li><li style=\"font-weight: 400;\" aria-level=\"1\"><span style=\"font-weight: 400;\">Visualiza\u00e7\u00e3o de informa\u00e7\u00e3o<\/span><\/li><\/ul>\t\t\t\t\t\t\t\t<\/div>\n\t\t\t\t<\/div>\n\t\t\t\t<div class=\"elementor-element elementor-element-65660f9 elementor-widget elementor-widget-heading\" data-id=\"65660f9\" data-element_type=\"widget\" data-e-type=\"widget\" data-widget_type=\"heading.default\">\n\t\t\t\t<div class=\"elementor-widget-container\">\n\t\t\t\t\t<h2 class=\"elementor-heading-title elementor-size-default\">INTERA\u00c7\u00c3O ENTRE \u00c1REAS<\/h2>\t\t\t\t<\/div>\n\t\t\t\t<\/div>\n\t\t\t\t<div class=\"elementor-element elementor-element-7283cbc elementor-widget elementor-widget-text-editor\" data-id=\"7283cbc\" data-element_type=\"widget\" data-e-type=\"widget\" data-widget_type=\"text-editor.default\">\n\t\t\t\t<div class=\"elementor-widget-container\">\n\t\t\t\t\t\t\t\t\t<ul><li><span style=\"font-weight: 400;\">Intelig\u00eancia artificial, aprendizado de m\u00e1quina e IHC<\/span><\/li><li><span style=\"font-weight: 400;\">Computa\u00e7\u00e3o ub\u00edqua e IHC<\/span><\/li><li><span style=\"font-weight: 400;\">Educa\u00e7\u00e3o e IHC<\/span><\/li><li><span style=\"font-weight: 400;\">Engenharia de Software e IHC<\/span><\/li><li><span style=\"font-weight: 400;\">Ergonomia em IHC<\/span><\/li><li><span style=\"font-weight: 400;\">Sistemas colaborativos<\/span><\/li><li><span style=\"font-weight: 400;\">Sustentabilidade e IHC<\/span><\/li><li><span style=\"font-weight: 400;\">IHC e arte digital<\/span><\/li><\/ul>\t\t\t\t\t\t\t\t<\/div>\n\t\t\t\t<\/div>\n\t\t\t\t\t<\/div>\n\t\t<\/div>\n\t\t\t\t<div class=\"elementor-column elementor-col-33 elementor-top-column elementor-element elementor-element-d98582b\" data-id=\"d98582b\" data-element_type=\"column\" data-e-type=\"column\">\n\t\t\t<div class=\"elementor-widget-wrap elementor-element-populated\">\n\t\t\t\t\t\t<div class=\"elementor-element elementor-element-e43980d elementor-widget elementor-widget-heading\" data-id=\"e43980d\" data-element_type=\"widget\" data-e-type=\"widget\" data-widget_type=\"heading.default\">\n\t\t\t\t<div class=\"elementor-widget-container\">\n\t\t\t\t\t<h2 class=\"elementor-heading-title elementor-size-default\">\u00c1REAS ESPEC\u00cdFICAS DE APLICA\u00c7\u00c3O<\/h2>\t\t\t\t<\/div>\n\t\t\t\t<\/div>\n\t\t\t\t<div class=\"elementor-element elementor-element-e804b94 elementor-widget elementor-widget-text-editor\" data-id=\"e804b94\" data-element_type=\"widget\" data-e-type=\"widget\" data-widget_type=\"text-editor.default\">\n\t\t\t\t<div class=\"elementor-widget-container\">\n\t\t\t\t\t\t\t\t\t<ul><li style=\"font-weight: 400;\" aria-level=\"1\"><span style=\"font-weight: 400;\">Cidades e ambientes inteligentes<\/span><\/li><li style=\"font-weight: 400;\" aria-level=\"1\"><span style=\"font-weight: 400;\">Design de intera\u00e7\u00e3o e crian\u00e7as<\/span><\/li><li style=\"font-weight: 400;\" aria-level=\"1\"><span style=\"font-weight: 400;\">Design e avalia\u00e7\u00e3o de jogos digitais<\/span><\/li><li style=\"font-weight: 400;\" aria-level=\"1\"><span style=\"font-weight: 400;\">Ecodesign<\/span><\/li><li style=\"font-weight: 400;\" aria-level=\"1\"><span style=\"font-weight: 400;\">Entretenimento digital<\/span><\/li><li style=\"font-weight: 400;\" aria-level=\"1\"><span style=\"font-weight: 400;\">IHC e sa\u00fade e bem-estar<\/span><\/li><li style=\"font-weight: 400;\" aria-level=\"1\"><span style=\"font-weight: 400;\">Legado digital<\/span><\/li><li style=\"font-weight: 400;\" aria-level=\"1\"><span style=\"font-weight: 400;\">Comunidades online, m\u00eddias sociais, redes e softwares sociais, MOOCs<\/span><\/li><\/ul>\t\t\t\t\t\t\t\t<\/div>\n\t\t\t\t<\/div>\n\t\t\t\t<div class=\"elementor-element elementor-element-578809a elementor-widget elementor-widget-heading\" data-id=\"578809a\" data-element_type=\"widget\" data-e-type=\"widget\" data-widget_type=\"heading.default\">\n\t\t\t\t<div class=\"elementor-widget-container\">\n\t\t\t\t\t<h2 class=\"elementor-heading-title elementor-size-default\">PROJETO E AVALIA\u00c7\u00c3O DE SISTEMAS INTERATIVOS\n<\/h2>\t\t\t\t<\/div>\n\t\t\t\t<\/div>\n\t\t\t\t<div class=\"elementor-element elementor-element-6ea0419 elementor-widget elementor-widget-text-editor\" data-id=\"6ea0419\" data-element_type=\"widget\" data-e-type=\"widget\" data-widget_type=\"text-editor.default\">\n\t\t\t\t<div class=\"elementor-widget-container\">\n\t\t\t\t\t\t\t\t\t<ul><li style=\"font-weight: 400;\" aria-level=\"1\"><span style=\"font-weight: 400;\">An\u00e1lise de dom\u00ednio, tarefas e usu\u00e1rios<\/span><\/li><li style=\"font-weight: 400;\" aria-level=\"1\"><span style=\"font-weight: 400;\">Computa\u00e7\u00e3o afetiva e aspectos emocionais em IHC<\/span><\/li><li style=\"font-weight: 400;\" aria-level=\"1\"><span style=\"font-weight: 400;\">Design participativo<\/span><\/li><li style=\"font-weight: 400;\" aria-level=\"1\"><span style=\"font-weight: 400;\">Design de intera\u00e7\u00e3o e experi\u00eancia do usu\u00e1rio (UX)<\/span><\/li><li style=\"font-weight: 400;\" aria-level=\"1\"><span style=\"font-weight: 400;\">Estudos emp\u00edricos sobre experi\u00eancia ou impacto do uso de tecnologia<\/span><\/li><li style=\"font-weight: 400;\" aria-level=\"1\"><span style=\"font-weight: 400;\">Help e tutoriais em IHC<\/span><\/li><li style=\"font-weight: 400;\" aria-level=\"1\"><span style=\"font-weight: 400;\">Modelos de comunica\u00e7\u00e3o e colabora\u00e7\u00e3o para softwares sociais<\/span><\/li><li style=\"font-weight: 400;\" aria-level=\"1\"><span style=\"font-weight: 400;\">Modelos, m\u00e9todos e formalismos para o design de interface e de intera\u00e7\u00e3o<\/span><\/li><li style=\"font-weight: 400;\" aria-level=\"1\"><span style=\"font-weight: 400;\">Ferramentas e t\u00e9cnicas para o design de interface e de intera\u00e7\u00e3o<\/span><\/li><li style=\"font-weight: 400;\" aria-level=\"1\"><span style=\"font-weight: 400;\">Modelos, m\u00e9todos e formalismos para a avalia\u00e7\u00e3o de interfaces<\/span><\/li><li style=\"font-weight: 400;\" aria-level=\"1\"><span style=\"font-weight: 400;\">Ferramentas e t\u00e9cnicas para a avalia\u00e7\u00e3o de interfaces<\/span><\/li><li style=\"font-weight: 400;\" aria-level=\"1\"><span style=\"font-weight: 400;\">Programa\u00e7\u00e3o e desenvolvimento por usu\u00e1rio final<\/span><\/li><\/ul>\t\t\t\t\t\t\t\t<\/div>\n\t\t\t\t<\/div>\n\t\t\t\t<div class=\"elementor-element elementor-element-9639b7b elementor-widget elementor-widget-heading\" data-id=\"9639b7b\" data-element_type=\"widget\" data-e-type=\"widget\" data-widget_type=\"heading.default\">\n\t\t\t\t<div class=\"elementor-widget-container\">\n\t\t\t\t\t<h2 class=\"elementor-heading-title elementor-size-default\">TEORIAS E ABORDAGENS TE\u00d3RICAS DE IHC<\/h2>\t\t\t\t<\/div>\n\t\t\t\t<\/div>\n\t\t\t\t<div class=\"elementor-element elementor-element-b2f9d64 elementor-widget elementor-widget-text-editor\" data-id=\"b2f9d64\" data-element_type=\"widget\" data-e-type=\"widget\" data-widget_type=\"text-editor.default\">\n\t\t\t\t<div class=\"elementor-widget-container\">\n\t\t\t\t\t\t\t\t\t<ul><li style=\"font-weight: 400;\" aria-level=\"1\"><span style=\"font-weight: 400;\">Abordagens cognitivas<\/span><\/li><li style=\"font-weight: 400;\" aria-level=\"1\"><span style=\"font-weight: 400;\">Abordagens semi\u00f3ticas<\/span><\/li><li style=\"font-weight: 400;\" aria-level=\"1\"><span style=\"font-weight: 400;\">Engenharia cognitiva e cogni\u00e7\u00e3o distribu\u00edda<\/span><\/li><li style=\"font-weight: 400;\" aria-level=\"1\"><span style=\"font-weight: 400;\">Engenharia Semi\u00f3tica<\/span><\/li><li style=\"font-weight: 400;\" aria-level=\"1\"><span style=\"font-weight: 400;\">Semi\u00f3tica organizacional<\/span><\/li><li style=\"font-weight: 400;\" aria-level=\"1\"><span style=\"font-weight: 400;\">Teoria da atividade<\/span><\/li><li style=\"font-weight: 400;\" aria-level=\"1\"><span style=\"font-weight: 400;\">Teorias de comunica\u00e7\u00e3o ou colabora\u00e7\u00e3o<\/span><\/li><li style=\"font-weight: 400;\" aria-level=\"1\"><span style=\"font-weight: 400;\">Outras abordagens te\u00f3ricas<\/span><\/li><\/ul>\t\t\t\t\t\t\t\t<\/div>\n\t\t\t\t<\/div>\n\t\t\t\t\t<\/div>\n\t\t<\/div>\n\t\t\t\t\t<\/div>\n\t\t<\/section>\n\t\t\t\t<\/div>\n\t\t","protected":false},"excerpt":{"rendered":"<p>Os t\u00f3picos de interesse do IHC 2024 incluem, mas n\u00e3o est\u00e3o limitados a: IHC NA SOCIEDADE Acessibilidade e tecnologias assistivas Aspectos legais e \u00e9ticos em IHC Aspectos sociais da IHC Atua\u00e7\u00e3o do profissional de IHC no mercado e na ind\u00fastria\u00a0 Cultura e IHC Ensino e pesquisa de IHC G\u00eanero e minorias Governo eletr\u00f4nico e cidadania&hellip; <a class=\"more-link\" href=\"https:\/\/ihc.sbc.org.br\/2024\/topicos\/\">Continuar lendo <span class=\"screen-reader-text\">T\u00f3picos<\/span><\/a><\/p>\n","protected":false},"author":7,"featured_media":0,"parent":0,"menu_order":0,"comment_status":"closed","ping_status":"closed","template":"elementor_canvas","meta":{"footnotes":""},"class_list":["post-8628","page","type-page","status-publish","hentry","entry"],"yoast_head":"<!-- This site is optimized with the Yoast SEO plugin v27.4 - https:\/\/yoast.com\/product\/yoast-seo-wordpress\/ -->\n<title>T\u00f3picos &#187; IHC 2024<\/title>\n<meta name=\"robots\" content=\"index, follow, max-snippet:-1, max-image-preview:large, max-video-preview:-1\" \/>\n<link rel=\"canonical\" href=\"https:\/\/ihc.sbc.org.br\/2024\/topicos\/\" \/>\n<meta property=\"og:locale\" content=\"pt_BR\" \/>\n<meta property=\"og:type\" content=\"article\" \/>\n<meta property=\"og:title\" content=\"T\u00f3picos &#187; IHC 2024\" \/>\n<meta property=\"og:description\" content=\"Os t\u00f3picos de interesse do IHC 2024 incluem, mas n\u00e3o est\u00e3o limitados a: IHC NA SOCIEDADE Acessibilidade e tecnologias assistivas Aspectos legais e \u00e9ticos em IHC Aspectos sociais da IHC Atua\u00e7\u00e3o do profissional de IHC no mercado e na ind\u00fastria\u00a0 Cultura e IHC Ensino e pesquisa de IHC G\u00eanero e minorias Governo eletr\u00f4nico e cidadania&hellip; Continuar lendo T\u00f3picos\" \/>\n<meta property=\"og:url\" content=\"https:\/\/ihc.sbc.org.br\/2024\/topicos\/\" \/>\n<meta property=\"og:site_name\" content=\"IHC 2024\" \/>\n<meta property=\"article:modified_time\" content=\"2024-09-12T00:21:45+00:00\" \/>\n<meta name=\"twitter:card\" content=\"summary_large_image\" \/>\n<meta name=\"twitter:label1\" content=\"Est. tempo de leitura\" \/>\n\t<meta name=\"twitter:data1\" content=\"2 minutos\" \/>\n<script type=\"application\/ld+json\" class=\"yoast-schema-graph\">{\"@context\":\"https:\\\/\\\/schema.org\",\"@graph\":[{\"@type\":\"WebPage\",\"@id\":\"https:\\\/\\\/ihc.sbc.org.br\\\/2024\\\/topicos\\\/\",\"url\":\"https:\\\/\\\/ihc.sbc.org.br\\\/2024\\\/topicos\\\/\",\"name\":\"T\u00f3picos &#187; IHC 2024\",\"isPartOf\":{\"@id\":\"https:\\\/\\\/ihc.sbc.org.br\\\/2024\\\/#website\"},\"datePublished\":\"2024-04-13T22:59:20+00:00\",\"dateModified\":\"2024-09-12T00:21:45+00:00\",\"breadcrumb\":{\"@id\":\"https:\\\/\\\/ihc.sbc.org.br\\\/2024\\\/topicos\\\/#breadcrumb\"},\"inLanguage\":\"pt-BR\",\"potentialAction\":[{\"@type\":\"ReadAction\",\"target\":[\"https:\\\/\\\/ihc.sbc.org.br\\\/2024\\\/topicos\\\/\"]}]},{\"@type\":\"BreadcrumbList\",\"@id\":\"https:\\\/\\\/ihc.sbc.org.br\\\/2024\\\/topicos\\\/#breadcrumb\",\"itemListElement\":[{\"@type\":\"ListItem\",\"position\":1,\"name\":\"In\u00edcio\",\"item\":\"https:\\\/\\\/ihc.sbc.org.br\\\/2024\\\/\"},{\"@type\":\"ListItem\",\"position\":2,\"name\":\"T\u00f3picos\"}]},{\"@type\":\"WebSite\",\"@id\":\"https:\\\/\\\/ihc.sbc.org.br\\\/2024\\\/#website\",\"url\":\"https:\\\/\\\/ihc.sbc.org.br\\\/2024\\\/\",\"name\":\"IHC 2024\",\"description\":\"Simp\u00f3sio Brasileiro Sobre Fatores Humanos em Sistemas Computacionais\",\"publisher\":{\"@id\":\"https:\\\/\\\/ihc.sbc.org.br\\\/2024\\\/#organization\"},\"potentialAction\":[{\"@type\":\"SearchAction\",\"target\":{\"@type\":\"EntryPoint\",\"urlTemplate\":\"https:\\\/\\\/ihc.sbc.org.br\\\/2024\\\/?s={search_term_string}\"},\"query-input\":{\"@type\":\"PropertyValueSpecification\",\"valueRequired\":true,\"valueName\":\"search_term_string\"}}],\"inLanguage\":\"pt-BR\"},{\"@type\":\"Organization\",\"@id\":\"https:\\\/\\\/ihc.sbc.org.br\\\/2024\\\/#organization\",\"name\":\"IHC 2021\",\"url\":\"https:\\\/\\\/ihc.sbc.org.br\\\/2024\\\/\",\"logo\":{\"@type\":\"ImageObject\",\"inLanguage\":\"pt-BR\",\"@id\":\"https:\\\/\\\/ihc.sbc.org.br\\\/2024\\\/#\\\/schema\\\/logo\\\/image\\\/\",\"url\":\"https:\\\/\\\/ihc.sbc.org.br\\\/2024\\\/wp-content\\\/uploads\\\/2021\\\/02\\\/LOGO-IHC-20212-completo.png\",\"contentUrl\":\"https:\\\/\\\/ihc.sbc.org.br\\\/2024\\\/wp-content\\\/uploads\\\/2021\\\/02\\\/LOGO-IHC-20212-completo.png\",\"width\":1365,\"height\":499,\"caption\":\"IHC 2021\"},\"image\":{\"@id\":\"https:\\\/\\\/ihc.sbc.org.br\\\/2024\\\/#\\\/schema\\\/logo\\\/image\\\/\"}}]}<\/script>\n<!-- \/ Yoast SEO plugin. -->","yoast_head_json":{"title":"T\u00f3picos &#187; IHC 2024","robots":{"index":"index","follow":"follow","max-snippet":"max-snippet:-1","max-image-preview":"max-image-preview:large","max-video-preview":"max-video-preview:-1"},"canonical":"https:\/\/ihc.sbc.org.br\/2024\/topicos\/","og_locale":"pt_BR","og_type":"article","og_title":"T\u00f3picos &#187; IHC 2024","og_description":"Os t\u00f3picos de interesse do IHC 2024 incluem, mas n\u00e3o est\u00e3o limitados a: IHC NA SOCIEDADE Acessibilidade e tecnologias assistivas Aspectos legais e \u00e9ticos em IHC Aspectos sociais da IHC Atua\u00e7\u00e3o do profissional de IHC no mercado e na ind\u00fastria\u00a0 Cultura e IHC Ensino e pesquisa de IHC G\u00eanero e minorias Governo eletr\u00f4nico e cidadania&hellip; Continuar lendo T\u00f3picos","og_url":"https:\/\/ihc.sbc.org.br\/2024\/topicos\/","og_site_name":"IHC 2024","article_modified_time":"2024-09-12T00:21:45+00:00","twitter_card":"summary_large_image","twitter_misc":{"Est. tempo de leitura":"2 minutos"},"schema":{"@context":"https:\/\/schema.org","@graph":[{"@type":"WebPage","@id":"https:\/\/ihc.sbc.org.br\/2024\/topicos\/","url":"https:\/\/ihc.sbc.org.br\/2024\/topicos\/","name":"T\u00f3picos &#187; IHC 2024","isPartOf":{"@id":"https:\/\/ihc.sbc.org.br\/2024\/#website"},"datePublished":"2024-04-13T22:59:20+00:00","dateModified":"2024-09-12T00:21:45+00:00","breadcrumb":{"@id":"https:\/\/ihc.sbc.org.br\/2024\/topicos\/#breadcrumb"},"inLanguage":"pt-BR","potentialAction":[{"@type":"ReadAction","target":["https:\/\/ihc.sbc.org.br\/2024\/topicos\/"]}]},{"@type":"BreadcrumbList","@id":"https:\/\/ihc.sbc.org.br\/2024\/topicos\/#breadcrumb","itemListElement":[{"@type":"ListItem","position":1,"name":"In\u00edcio","item":"https:\/\/ihc.sbc.org.br\/2024\/"},{"@type":"ListItem","position":2,"name":"T\u00f3picos"}]},{"@type":"WebSite","@id":"https:\/\/ihc.sbc.org.br\/2024\/#website","url":"https:\/\/ihc.sbc.org.br\/2024\/","name":"IHC 2024","description":"Simp\u00f3sio Brasileiro Sobre Fatores Humanos em Sistemas Computacionais","publisher":{"@id":"https:\/\/ihc.sbc.org.br\/2024\/#organization"},"potentialAction":[{"@type":"SearchAction","target":{"@type":"EntryPoint","urlTemplate":"https:\/\/ihc.sbc.org.br\/2024\/?s={search_term_string}"},"query-input":{"@type":"PropertyValueSpecification","valueRequired":true,"valueName":"search_term_string"}}],"inLanguage":"pt-BR"},{"@type":"Organization","@id":"https:\/\/ihc.sbc.org.br\/2024\/#organization","name":"IHC 2021","url":"https:\/\/ihc.sbc.org.br\/2024\/","logo":{"@type":"ImageObject","inLanguage":"pt-BR","@id":"https:\/\/ihc.sbc.org.br\/2024\/#\/schema\/logo\/image\/","url":"https:\/\/ihc.sbc.org.br\/2024\/wp-content\/uploads\/2021\/02\/LOGO-IHC-20212-completo.png","contentUrl":"https:\/\/ihc.sbc.org.br\/2024\/wp-content\/uploads\/2021\/02\/LOGO-IHC-20212-completo.png","width":1365,"height":499,"caption":"IHC 2021"},"image":{"@id":"https:\/\/ihc.sbc.org.br\/2024\/#\/schema\/logo\/image\/"}}]}},"_links":{"self":[{"href":"https:\/\/ihc.sbc.org.br\/2024\/wp-json\/wp\/v2\/pages\/8628","targetHints":{"allow":["GET"]}}],"collection":[{"href":"https:\/\/ihc.sbc.org.br\/2024\/wp-json\/wp\/v2\/pages"}],"about":[{"href":"https:\/\/ihc.sbc.org.br\/2024\/wp-json\/wp\/v2\/types\/page"}],"author":[{"embeddable":true,"href":"https:\/\/ihc.sbc.org.br\/2024\/wp-json\/wp\/v2\/users\/7"}],"replies":[{"embeddable":true,"href":"https:\/\/ihc.sbc.org.br\/2024\/wp-json\/wp\/v2\/comments?post=8628"}],"version-history":[{"count":7,"href":"https:\/\/ihc.sbc.org.br\/2024\/wp-json\/wp\/v2\/pages\/8628\/revisions"}],"predecessor-version":[{"id":9670,"href":"https:\/\/ihc.sbc.org.br\/2024\/wp-json\/wp\/v2\/pages\/8628\/revisions\/9670"}],"wp:attachment":[{"href":"https:\/\/ihc.sbc.org.br\/2024\/wp-json\/wp\/v2\/media?parent=8628"}],"curies":[{"name":"wp","href":"https:\/\/api.w.org\/{rel}","templated":true}]}}