{"id":7412,"date":"2023-12-23T20:44:31","date_gmt":"2023-12-23T23:44:31","guid":{"rendered":"https:\/\/ihc.sbc.org.br\/2024\/?page_id=7412"},"modified":"2024-09-11T21:17:33","modified_gmt":"2024-09-12T00:17:33","slug":"instrucoes-sobre-aspectos-eticos-em-pesquisa","status":"publish","type":"page","link":"https:\/\/ihc.sbc.org.br\/2024\/instrucoes-sobre-aspectos-eticos-em-pesquisa\/","title":{"rendered":"Instru\u00e7\u00f5es sobre Aspectos \u00c9ticos em Pesquisa"},"content":{"rendered":"\t\t<div data-elementor-type=\"wp-page\" data-elementor-id=\"7412\" class=\"elementor elementor-7412\" data-elementor-post-type=\"page\">\n\t\t\t\t\t\t<section class=\"elementor-section elementor-top-section elementor-element elementor-element-4de8b37 elementor-section-height-min-height elementor-section-boxed elementor-section-height-default elementor-section-items-middle elementor-invisible\" data-id=\"4de8b37\" data-element_type=\"section\" data-e-type=\"section\" data-settings=\"{&quot;background_background&quot;:&quot;classic&quot;,&quot;animation&quot;:&quot;fadeIn&quot;,&quot;shape_divider_top_negative&quot;:&quot;yes&quot;,&quot;shape_divider_bottom&quot;:&quot;curve-asymmetrical&quot;,&quot;shape_divider_top&quot;:&quot;curve&quot;}\">\n\t\t\t\t\t\t\t<div class=\"elementor-background-overlay\"><\/div>\n\t\t\t\t\t\t<div class=\"elementor-shape elementor-shape-top\" aria-hidden=\"true\" data-negative=\"true\">\n\t\t\t<svg xmlns=\"http:\/\/www.w3.org\/2000\/svg\" viewBox=\"0 0 1000 100\" preserveAspectRatio=\"none\">\n\t<path class=\"elementor-shape-fill\" d=\"M500,97C126.7,96.3,0.8,19.8,0,0v100l1000,0V1C1000,19.4,873.3,97.8,500,97z\"\/>\n<\/svg>\t\t<\/div>\n\t\t\t\t<div class=\"elementor-shape elementor-shape-bottom\" aria-hidden=\"true\" data-negative=\"false\">\n\t\t\t<svg xmlns=\"http:\/\/www.w3.org\/2000\/svg\" viewBox=\"0 0 1000 100\" preserveAspectRatio=\"none\">\n\t<path class=\"elementor-shape-fill\" d=\"M0,0c0,0,0,6,0,6.7c0,18,240.2,93.6,615.2,92.6C989.8,98.5,1000,25,1000,6.7c0-0.7,0-6.7,0-6.7H0z\"\/>\n<\/svg>\t\t<\/div>\n\t\t\t\t\t<div class=\"elementor-container elementor-column-gap-default\">\n\t\t\t\t\t<div class=\"elementor-column elementor-col-100 elementor-top-column elementor-element elementor-element-e4ab5a2\" data-id=\"e4ab5a2\" data-element_type=\"column\" data-e-type=\"column\">\n\t\t\t<div class=\"elementor-widget-wrap elementor-element-populated\">\n\t\t\t\t\t\t\t<\/div>\n\t\t<\/div>\n\t\t\t\t\t<\/div>\n\t\t<\/section>\n\t\t\t\t<section class=\"elementor-section elementor-top-section elementor-element elementor-element-0bde552 elementor-section-boxed elementor-section-height-default elementor-section-height-default elementor-invisible\" data-id=\"0bde552\" data-element_type=\"section\" data-e-type=\"section\" data-settings=\"{&quot;animation&quot;:&quot;fadeIn&quot;}\">\n\t\t\t\t\t\t<div class=\"elementor-container elementor-column-gap-wider\">\n\t\t\t\t\t<div class=\"elementor-column elementor-col-100 elementor-top-column elementor-element elementor-element-741aeb6\" data-id=\"741aeb6\" data-element_type=\"column\" data-e-type=\"column\">\n\t\t\t<div class=\"elementor-widget-wrap elementor-element-populated\">\n\t\t\t\t\t\t<div class=\"elementor-element elementor-element-c15fa5f elementor-widget elementor-widget-text-editor\" data-id=\"c15fa5f\" data-element_type=\"widget\" data-e-type=\"widget\" data-widget_type=\"text-editor.default\">\n\t\t\t\t<div class=\"elementor-widget-container\">\n\t\t\t\t\t\t\t\t\t<p><span style=\"font-weight: 400;\">As informa\u00e7\u00f5es a seguir se aplicam a todas as trilhas do IHC que aceitam artigos sobre pesquisas com seres humanos.<\/span><\/p><p><span style=\"font-weight: 400;\">Ao submeter seu artigo, as pessoas autoras se declaram respons\u00e1veis por qualquer aspecto do trabalho envolvendo estudos com pessoas e por conduzi-los seguindo as normas e diretrizes \u00e9ticas da pesquisa, inclusive com a aprova\u00e7\u00e3o de todos os \u00f3rg\u00e3os relevantes, quando necess\u00e1rio. Al\u00e9m disso, espera-se que todas as submiss\u00f5es cumpram a <\/span><a href=\"https:\/\/www.acm.org\/publications\/policies\/research-involving-human-participants-and-subjects\"><span style=\"font-weight: 400;\">Pol\u00edtica de Publica\u00e7\u00f5es da ACM sobre Pesquisa Envolvendo Participantes e Sujeitos Humanos<\/span><\/a><span style=\"font-weight: 400;\">.\u00a0<\/span><\/p><p><span style=\"font-weight: 400;\">Para salvaguardar os direitos e a dignidade de participantes da pesquisa, ao relatar estudos com humanos, \u00e9 solicitado que os artigos contenham uma se\u00e7\u00e3o chamada \u201cCuidados \u00e9ticos\u201d, na qual as pessoas autoras indicam se os procedimentos seguidos estavam conforme \u00e0s Normas e Diretrizes Regulamentadoras da Pesquisa Envolvendo Seres Humanos \u2013 <\/span><a href=\"https:\/\/conselho.saude.gov.br\/resolucoes\/2012\/Reso466.pdf\"><span style=\"font-weight: 400;\">Resolu\u00e7\u00e3o CNS n.\u00ba 466\/2012<\/span><\/a><span style=\"font-weight: 400;\">, <\/span><a href=\"https:\/\/conselho.saude.gov.br\/Web_comissoes\/conep\/aquivos\/CNS%20%20Norma%20Operacional%20001%20-%20conep%20finalizada%2030-09.pdf\"><span style=\"font-weight: 400;\">Norma Operacional 001\/2013<\/span><\/a><span style=\"font-weight: 400;\">, <\/span><a href=\"https:\/\/conselho.saude.gov.br\/images\/comissoes\/conep\/documentos\/NORMAS-RESOLUCOES\/Resoluo_n_510_-_2016_-_Cincias_Humanas_e_Sociais.pdf\"><span style=\"font-weight: 400;\">Resolu\u00e7\u00e3o CNS n.\u00ba 510\/2016<\/span><\/a><span style=\"font-weight: 400;\"> e <\/span><a href=\"https:\/\/conselho.saude.gov.br\/images\/Resolucao_674_2022.pdf\"><span style=\"font-weight: 400;\">Resolu\u00e7\u00e3o CNS n\u00ba 674\/2022<\/span><\/a><span style=\"font-weight: 400;\"> (para pesquisas nacionais). Nos casos necess\u00e1rios, \u00e9 desej\u00e1vel que seja informado o n\u00famero de aprova\u00e7\u00e3o no Comit\u00ea de \u00c9tica (institucional ou nacional) na vers\u00e3o final e indica\u00e7\u00e3o da exist\u00eancia deste n\u00famero na vers\u00e3o de submiss\u00e3o (mas suprimido, para preservar o anonimato na revis\u00e3o).\u00a0<\/span><\/p><p><span style=\"font-weight: 400;\">Isso significa que os artigos devem conter uma declara\u00e7\u00e3o clara de que as quest\u00f5es \u00e9ticas que se aplicam a eles em seu pr\u00f3prio pa\u00eds foram seguidas. Essa declara\u00e7\u00e3o deve conter explica\u00e7\u00e3o e justificativa sobre como as quest\u00f5es \u00e9ticas da pesquisa foram consideradas. Isso n\u00e3o se reduz \u00e0 men\u00e7\u00e3o de aprova\u00e7\u00e3o em Comit\u00ea de \u00c9tica em Pesquisa e n\u00famero CAAE, mas abrange a coleta, tratamento e disponibiliza\u00e7\u00e3o de dados, cuidados com poss\u00edveis impactos decorrentes da pesquisa e sua condu\u00e7\u00e3o, preocupa\u00e7\u00e3o com a transpar\u00eancia e auditabilidade dos resultados, dissemina\u00e7\u00e3o e uso dos produtos da pesquisa, etc.\u00a0<\/span><\/p><p><span style=\"font-weight: 400;\">Quando for o caso, \u00e9 necess\u00e1rio apresentar o motivo pelo qual h\u00e1 dispensa de an\u00e1lise \u00e9tica.<\/span><\/p>\t\t\t\t\t\t\t\t<\/div>\n\t\t\t\t<\/div>\n\t\t\t\t\t<\/div>\n\t\t<\/div>\n\t\t\t\t\t<\/div>\n\t\t<\/section>\n\t\t\t\t<\/div>\n\t\t","protected":false},"excerpt":{"rendered":"<p>As informa\u00e7\u00f5es a seguir se aplicam a todas as trilhas do IHC que aceitam artigos sobre pesquisas com seres humanos. Ao submeter seu artigo, as pessoas autoras se declaram respons\u00e1veis por qualquer aspecto do trabalho envolvendo estudos com pessoas e por conduzi-los seguindo as normas e diretrizes \u00e9ticas da pesquisa, inclusive com a aprova\u00e7\u00e3o de&hellip; <a class=\"more-link\" href=\"https:\/\/ihc.sbc.org.br\/2024\/instrucoes-sobre-aspectos-eticos-em-pesquisa\/\">Continuar lendo <span class=\"screen-reader-text\">Instru\u00e7\u00f5es sobre Aspectos \u00c9ticos em Pesquisa<\/span><\/a><\/p>\n","protected":false},"author":7,"featured_media":0,"parent":0,"menu_order":0,"comment_status":"closed","ping_status":"closed","template":"elementor_canvas","meta":{"footnotes":""},"class_list":["post-7412","page","type-page","status-publish","hentry","entry"],"yoast_head":"<!-- This site is optimized with the Yoast SEO plugin v27.4 - https:\/\/yoast.com\/product\/yoast-seo-wordpress\/ -->\n<title>Instru\u00e7\u00f5es sobre Aspectos \u00c9ticos em Pesquisa &#187; IHC 2024<\/title>\n<meta name=\"robots\" content=\"index, follow, max-snippet:-1, max-image-preview:large, max-video-preview:-1\" \/>\n<link rel=\"canonical\" href=\"https:\/\/ihc.sbc.org.br\/2024\/instrucoes-sobre-aspectos-eticos-em-pesquisa\/\" \/>\n<meta property=\"og:locale\" content=\"pt_BR\" \/>\n<meta property=\"og:type\" content=\"article\" \/>\n<meta property=\"og:title\" content=\"Instru\u00e7\u00f5es sobre Aspectos \u00c9ticos em Pesquisa &#187; IHC 2024\" \/>\n<meta property=\"og:description\" content=\"As informa\u00e7\u00f5es a seguir se aplicam a todas as trilhas do IHC que aceitam artigos sobre pesquisas com seres humanos. Ao submeter seu artigo, as pessoas autoras se declaram respons\u00e1veis por qualquer aspecto do trabalho envolvendo estudos com pessoas e por conduzi-los seguindo as normas e diretrizes \u00e9ticas da pesquisa, inclusive com a aprova\u00e7\u00e3o de&hellip; Continuar lendo Instru\u00e7\u00f5es sobre Aspectos \u00c9ticos em Pesquisa\" \/>\n<meta property=\"og:url\" content=\"https:\/\/ihc.sbc.org.br\/2024\/instrucoes-sobre-aspectos-eticos-em-pesquisa\/\" \/>\n<meta property=\"og:site_name\" content=\"IHC 2024\" \/>\n<meta property=\"article:modified_time\" content=\"2024-09-12T00:17:33+00:00\" \/>\n<meta name=\"twitter:card\" content=\"summary_large_image\" \/>\n<meta name=\"twitter:label1\" content=\"Est. tempo de leitura\" \/>\n\t<meta name=\"twitter:data1\" content=\"2 minutos\" \/>\n<script type=\"application\/ld+json\" class=\"yoast-schema-graph\">{\"@context\":\"https:\\\/\\\/schema.org\",\"@graph\":[{\"@type\":\"WebPage\",\"@id\":\"https:\\\/\\\/ihc.sbc.org.br\\\/2024\\\/instrucoes-sobre-aspectos-eticos-em-pesquisa\\\/\",\"url\":\"https:\\\/\\\/ihc.sbc.org.br\\\/2024\\\/instrucoes-sobre-aspectos-eticos-em-pesquisa\\\/\",\"name\":\"Instru\u00e7\u00f5es sobre Aspectos \u00c9ticos em Pesquisa &#187; IHC 2024\",\"isPartOf\":{\"@id\":\"https:\\\/\\\/ihc.sbc.org.br\\\/2024\\\/#website\"},\"datePublished\":\"2023-12-23T23:44:31+00:00\",\"dateModified\":\"2024-09-12T00:17:33+00:00\",\"breadcrumb\":{\"@id\":\"https:\\\/\\\/ihc.sbc.org.br\\\/2024\\\/instrucoes-sobre-aspectos-eticos-em-pesquisa\\\/#breadcrumb\"},\"inLanguage\":\"pt-BR\",\"potentialAction\":[{\"@type\":\"ReadAction\",\"target\":[\"https:\\\/\\\/ihc.sbc.org.br\\\/2024\\\/instrucoes-sobre-aspectos-eticos-em-pesquisa\\\/\"]}]},{\"@type\":\"BreadcrumbList\",\"@id\":\"https:\\\/\\\/ihc.sbc.org.br\\\/2024\\\/instrucoes-sobre-aspectos-eticos-em-pesquisa\\\/#breadcrumb\",\"itemListElement\":[{\"@type\":\"ListItem\",\"position\":1,\"name\":\"In\u00edcio\",\"item\":\"https:\\\/\\\/ihc.sbc.org.br\\\/2024\\\/\"},{\"@type\":\"ListItem\",\"position\":2,\"name\":\"Instru\u00e7\u00f5es sobre Aspectos \u00c9ticos em Pesquisa\"}]},{\"@type\":\"WebSite\",\"@id\":\"https:\\\/\\\/ihc.sbc.org.br\\\/2024\\\/#website\",\"url\":\"https:\\\/\\\/ihc.sbc.org.br\\\/2024\\\/\",\"name\":\"IHC 2024\",\"description\":\"Simp\u00f3sio Brasileiro Sobre Fatores Humanos em Sistemas Computacionais\",\"publisher\":{\"@id\":\"https:\\\/\\\/ihc.sbc.org.br\\\/2024\\\/#organization\"},\"potentialAction\":[{\"@type\":\"SearchAction\",\"target\":{\"@type\":\"EntryPoint\",\"urlTemplate\":\"https:\\\/\\\/ihc.sbc.org.br\\\/2024\\\/?s={search_term_string}\"},\"query-input\":{\"@type\":\"PropertyValueSpecification\",\"valueRequired\":true,\"valueName\":\"search_term_string\"}}],\"inLanguage\":\"pt-BR\"},{\"@type\":\"Organization\",\"@id\":\"https:\\\/\\\/ihc.sbc.org.br\\\/2024\\\/#organization\",\"name\":\"IHC 2021\",\"url\":\"https:\\\/\\\/ihc.sbc.org.br\\\/2024\\\/\",\"logo\":{\"@type\":\"ImageObject\",\"inLanguage\":\"pt-BR\",\"@id\":\"https:\\\/\\\/ihc.sbc.org.br\\\/2024\\\/#\\\/schema\\\/logo\\\/image\\\/\",\"url\":\"https:\\\/\\\/ihc.sbc.org.br\\\/2024\\\/wp-content\\\/uploads\\\/2021\\\/02\\\/LOGO-IHC-20212-completo.png\",\"contentUrl\":\"https:\\\/\\\/ihc.sbc.org.br\\\/2024\\\/wp-content\\\/uploads\\\/2021\\\/02\\\/LOGO-IHC-20212-completo.png\",\"width\":1365,\"height\":499,\"caption\":\"IHC 2021\"},\"image\":{\"@id\":\"https:\\\/\\\/ihc.sbc.org.br\\\/2024\\\/#\\\/schema\\\/logo\\\/image\\\/\"}}]}<\/script>\n<!-- \/ Yoast SEO plugin. -->","yoast_head_json":{"title":"Instru\u00e7\u00f5es sobre Aspectos \u00c9ticos em Pesquisa &#187; IHC 2024","robots":{"index":"index","follow":"follow","max-snippet":"max-snippet:-1","max-image-preview":"max-image-preview:large","max-video-preview":"max-video-preview:-1"},"canonical":"https:\/\/ihc.sbc.org.br\/2024\/instrucoes-sobre-aspectos-eticos-em-pesquisa\/","og_locale":"pt_BR","og_type":"article","og_title":"Instru\u00e7\u00f5es sobre Aspectos \u00c9ticos em Pesquisa &#187; IHC 2024","og_description":"As informa\u00e7\u00f5es a seguir se aplicam a todas as trilhas do IHC que aceitam artigos sobre pesquisas com seres humanos. Ao submeter seu artigo, as pessoas autoras se declaram respons\u00e1veis por qualquer aspecto do trabalho envolvendo estudos com pessoas e por conduzi-los seguindo as normas e diretrizes \u00e9ticas da pesquisa, inclusive com a aprova\u00e7\u00e3o de&hellip; Continuar lendo Instru\u00e7\u00f5es sobre Aspectos \u00c9ticos em Pesquisa","og_url":"https:\/\/ihc.sbc.org.br\/2024\/instrucoes-sobre-aspectos-eticos-em-pesquisa\/","og_site_name":"IHC 2024","article_modified_time":"2024-09-12T00:17:33+00:00","twitter_card":"summary_large_image","twitter_misc":{"Est. tempo de leitura":"2 minutos"},"schema":{"@context":"https:\/\/schema.org","@graph":[{"@type":"WebPage","@id":"https:\/\/ihc.sbc.org.br\/2024\/instrucoes-sobre-aspectos-eticos-em-pesquisa\/","url":"https:\/\/ihc.sbc.org.br\/2024\/instrucoes-sobre-aspectos-eticos-em-pesquisa\/","name":"Instru\u00e7\u00f5es sobre Aspectos \u00c9ticos em Pesquisa &#187; IHC 2024","isPartOf":{"@id":"https:\/\/ihc.sbc.org.br\/2024\/#website"},"datePublished":"2023-12-23T23:44:31+00:00","dateModified":"2024-09-12T00:17:33+00:00","breadcrumb":{"@id":"https:\/\/ihc.sbc.org.br\/2024\/instrucoes-sobre-aspectos-eticos-em-pesquisa\/#breadcrumb"},"inLanguage":"pt-BR","potentialAction":[{"@type":"ReadAction","target":["https:\/\/ihc.sbc.org.br\/2024\/instrucoes-sobre-aspectos-eticos-em-pesquisa\/"]}]},{"@type":"BreadcrumbList","@id":"https:\/\/ihc.sbc.org.br\/2024\/instrucoes-sobre-aspectos-eticos-em-pesquisa\/#breadcrumb","itemListElement":[{"@type":"ListItem","position":1,"name":"In\u00edcio","item":"https:\/\/ihc.sbc.org.br\/2024\/"},{"@type":"ListItem","position":2,"name":"Instru\u00e7\u00f5es sobre Aspectos \u00c9ticos em Pesquisa"}]},{"@type":"WebSite","@id":"https:\/\/ihc.sbc.org.br\/2024\/#website","url":"https:\/\/ihc.sbc.org.br\/2024\/","name":"IHC 2024","description":"Simp\u00f3sio Brasileiro Sobre Fatores Humanos em Sistemas Computacionais","publisher":{"@id":"https:\/\/ihc.sbc.org.br\/2024\/#organization"},"potentialAction":[{"@type":"SearchAction","target":{"@type":"EntryPoint","urlTemplate":"https:\/\/ihc.sbc.org.br\/2024\/?s={search_term_string}"},"query-input":{"@type":"PropertyValueSpecification","valueRequired":true,"valueName":"search_term_string"}}],"inLanguage":"pt-BR"},{"@type":"Organization","@id":"https:\/\/ihc.sbc.org.br\/2024\/#organization","name":"IHC 2021","url":"https:\/\/ihc.sbc.org.br\/2024\/","logo":{"@type":"ImageObject","inLanguage":"pt-BR","@id":"https:\/\/ihc.sbc.org.br\/2024\/#\/schema\/logo\/image\/","url":"https:\/\/ihc.sbc.org.br\/2024\/wp-content\/uploads\/2021\/02\/LOGO-IHC-20212-completo.png","contentUrl":"https:\/\/ihc.sbc.org.br\/2024\/wp-content\/uploads\/2021\/02\/LOGO-IHC-20212-completo.png","width":1365,"height":499,"caption":"IHC 2021"},"image":{"@id":"https:\/\/ihc.sbc.org.br\/2024\/#\/schema\/logo\/image\/"}}]}},"_links":{"self":[{"href":"https:\/\/ihc.sbc.org.br\/2024\/wp-json\/wp\/v2\/pages\/7412","targetHints":{"allow":["GET"]}}],"collection":[{"href":"https:\/\/ihc.sbc.org.br\/2024\/wp-json\/wp\/v2\/pages"}],"about":[{"href":"https:\/\/ihc.sbc.org.br\/2024\/wp-json\/wp\/v2\/types\/page"}],"author":[{"embeddable":true,"href":"https:\/\/ihc.sbc.org.br\/2024\/wp-json\/wp\/v2\/users\/7"}],"replies":[{"embeddable":true,"href":"https:\/\/ihc.sbc.org.br\/2024\/wp-json\/wp\/v2\/comments?post=7412"}],"version-history":[{"count":7,"href":"https:\/\/ihc.sbc.org.br\/2024\/wp-json\/wp\/v2\/pages\/7412\/revisions"}],"predecessor-version":[{"id":9598,"href":"https:\/\/ihc.sbc.org.br\/2024\/wp-json\/wp\/v2\/pages\/7412\/revisions\/9598"}],"wp:attachment":[{"href":"https:\/\/ihc.sbc.org.br\/2024\/wp-json\/wp\/v2\/media?parent=7412"}],"curies":[{"name":"wp","href":"https:\/\/api.w.org\/{rel}","templated":true}]}}