{"id":1801,"date":"2021-03-17T11:18:33","date_gmt":"2021-03-17T14:18:33","guid":{"rendered":"https:\/\/ihc.sbc.org.br\/2021\/?page_id=1801"},"modified":"2021-10-01T15:51:21","modified_gmt":"2021-10-01T18:51:21","slug":"isencao","status":"publish","type":"page","link":"https:\/\/ihc.sbc.org.br\/2021\/isencao\/","title":{"rendered":"Isen\u00e7\u00e3o de Inscri\u00e7\u00f5es"},"content":{"rendered":"\t\t<div data-elementor-type=\"wp-page\" data-elementor-id=\"1801\" class=\"elementor elementor-1801\">\n\t\t\t\t\t\t<header class=\"elementor-section elementor-top-section elementor-element elementor-element-16de79d elementor-section-content-middle elementor-section-boxed elementor-section-height-default elementor-section-height-default elementor-invisible\" data-id=\"16de79d\" data-element_type=\"section\" data-e-type=\"section\" data-settings=\"{&quot;background_background&quot;:&quot;classic&quot;,&quot;animation&quot;:&quot;fadeIn&quot;}\">\n\t\t\t\t\t\t<div class=\"elementor-container elementor-column-gap-default\">\n\t\t\t\t\t<div class=\"elementor-column elementor-col-33 elementor-top-column elementor-element elementor-element-e64bfd8\" data-id=\"e64bfd8\" data-element_type=\"column\" data-e-type=\"column\">\n\t\t\t<div class=\"elementor-widget-wrap elementor-element-populated\">\n\t\t\t\t\t\t<div class=\"elementor-element elementor-element-469bf03a elementor-widget elementor-widget-image\" data-id=\"469bf03a\" data-element_type=\"widget\" data-e-type=\"widget\" data-widget_type=\"image.default\">\n\t\t\t\t<div class=\"elementor-widget-container\">\n\t\t\t\t\t\t\t\t\t\t\t\t\t\t\t\t<a href=\"http:\/\/ihc.sbc.org.br\">\n\t\t\t\t\t\t\t<img decoding=\"async\" src=\"https:\/\/ihc.sbc.org.br\/2021\/wp-content\/uploads\/elementor\/thumbs\/cropped-LOGO-IHC-20212-completo-plkpcs113g8sh3vpkurr5k0q79u6g44nz7good8s7k.png\" title=\"P\u00e1gina Inicial\" alt=\"P\u00e1gina Inicial\" loading=\"lazy\" \/>\t\t\t\t\t\t\t\t<\/a>\n\t\t\t\t\t\t\t\t\t\t\t\t\t\t\t<\/div>\n\t\t\t\t<\/div>\n\t\t\t\t\t<\/div>\n\t\t<\/div>\n\t\t\t\t<div class=\"elementor-column elementor-col-33 elementor-top-column elementor-element elementor-element-11db00a3\" data-id=\"11db00a3\" data-element_type=\"column\" data-e-type=\"column\">\n\t\t\t<div class=\"elementor-widget-wrap elementor-element-populated\">\n\t\t\t\t\t\t<div class=\"elementor-element elementor-element-61deaa58 elementor-widget elementor-widget-nav-menu\" data-id=\"61deaa58\" data-element_type=\"widget\" data-e-type=\"widget\" data-settings=\"{&quot;_animation&quot;:&quot;none&quot;}\" data-widget_type=\"nav-menu.default\">\n\t\t\t\t<div class=\"elementor-widget-container\">\n\t\t\t\t\t \t\t\t\t<\/div>\n\t\t\t\t<\/div>\n\t\t\t\t\t<\/div>\n\t\t<\/div>\n\t\t\t\t<div class=\"elementor-column elementor-col-33 elementor-top-column elementor-element elementor-element-7e360f12\" data-id=\"7e360f12\" data-element_type=\"column\" data-e-type=\"column\">\n\t\t\t<div class=\"elementor-widget-wrap elementor-element-populated\">\n\t\t\t\t\t\t<div class=\"elementor-element elementor-element-67642e15 elementor-hidden-phone elementor-widget elementor-widget-image\" data-id=\"67642e15\" data-element_type=\"widget\" data-e-type=\"widget\" data-widget_type=\"image.default\">\n\t\t\t\t<div class=\"elementor-widget-container\">\n\t\t\t\t\t\t\t\t\t\t\t\t<figure class=\"wp-caption\">\n\t\t\t\t\t\t\t\t\t\t\t<a href=\"http:\/\/sbc.org.br\">\n\t\t\t\t\t\t\t<img decoding=\"async\" src=\"https:\/\/ihc.sbc.org.br\/2021\/wp-content\/uploads\/elementor\/thumbs\/Logo-SBC-Transparente-plkpcs0urels2u0q9ml8ui4agn9rwax0jv8hestlxo.png\" title=\"Site da Sociedade Brasileira de Computa\u00e7\u00e3o\" alt=\"Site da Sociedade Brasileira de Computa\u00e7\u00e3o\" loading=\"lazy\" \/>\t\t\t\t\t\t\t\t<\/a>\n\t\t\t\t\t\t\t\t\t\t\t<figcaption class=\"widget-image-caption wp-caption-text\">Realiza\u00e7\u00e3o<\/figcaption>\n\t\t\t\t\t\t\t\t\t\t<\/figure>\n\t\t\t\t\t\t\t\t\t<\/div>\n\t\t\t\t<\/div>\n\t\t\t\t\t<\/div>\n\t\t<\/div>\n\t\t\t\t\t<\/div>\n\t\t<\/header>\n\t\t\t\t<section class=\"elementor-section elementor-top-section elementor-element elementor-element-6b37f238 elementor-section-boxed elementor-section-height-default elementor-section-height-default elementor-invisible\" data-id=\"6b37f238\" data-element_type=\"section\" data-e-type=\"section\" data-settings=\"{&quot;background_background&quot;:&quot;classic&quot;,&quot;shape_divider_top&quot;:&quot;waves&quot;,&quot;animation&quot;:&quot;fadeIn&quot;,&quot;shape_divider_top_negative&quot;:&quot;yes&quot;}\">\n\t\t\t\t\t<div class=\"elementor-shape elementor-shape-top\" aria-hidden=\"true\" data-negative=\"true\">\n\t\t\t<svg xmlns=\"http:\/\/www.w3.org\/2000\/svg\" viewBox=\"0 0 1000 100\" preserveAspectRatio=\"none\">\n\t<path class=\"elementor-shape-fill\" d=\"M790.5,93.1c-59.3-5.3-116.8-18-192.6-50c-29.6-12.7-76.9-31-100.5-35.9c-23.6-4.9-52.6-7.8-75.5-5.3\n\tc-10.2,1.1-22.6,1.4-50.1,7.4c-27.2,6.3-58.2,16.6-79.4,24.7c-41.3,15.9-94.9,21.9-134,22.6C72,58.2,0,25.8,0,25.8V100h1000V65.3\n\tc0,0-51.5,19.4-106.2,25.7C839.5,97,814.1,95.2,790.5,93.1z\"\/>\n<\/svg>\t\t<\/div>\n\t\t\t\t\t<div class=\"elementor-container elementor-column-gap-default\">\n\t\t\t\t\t<div class=\"elementor-column elementor-col-100 elementor-top-column elementor-element elementor-element-6b6d54e7\" data-id=\"6b6d54e7\" data-element_type=\"column\" data-e-type=\"column\">\n\t\t\t<div class=\"elementor-widget-wrap elementor-element-populated\">\n\t\t\t\t\t\t<div class=\"elementor-element elementor-element-4e2654c5 elementor-widget elementor-widget-theme-page-title\" data-id=\"4e2654c5\" data-element_type=\"widget\" data-e-type=\"widget\" data-widget_type=\"theme-page-title.default\">\n\t\t\t\t<div class=\"elementor-widget-container\">\n\t\t\t\t\t \t\t\t\t<\/div>\n\t\t\t\t<\/div>\n\t\t\t\t\t<\/div>\n\t\t<\/div>\n\t\t\t\t\t<\/div>\n\t\t<\/section>\n\t\t\t\t<section class=\"elementor-section elementor-top-section elementor-element elementor-element-301f7618 elementor-section-boxed elementor-section-height-default elementor-section-height-default elementor-invisible\" data-id=\"301f7618\" data-element_type=\"section\" data-e-type=\"section\" data-settings=\"{&quot;animation&quot;:&quot;fadeIn&quot;}\">\n\t\t\t\t\t\t<div class=\"elementor-container elementor-column-gap-default\">\n\t\t\t\t\t<div class=\"elementor-column elementor-col-66 elementor-top-column elementor-element elementor-element-2658518f\" data-id=\"2658518f\" data-element_type=\"column\" data-e-type=\"column\">\n\t\t\t<div class=\"elementor-widget-wrap elementor-element-populated\">\n\t\t\t\t\t\t<div class=\"elementor-element elementor-element-c44c547 elementor-widget elementor-widget-heading\" data-id=\"c44c547\" data-element_type=\"widget\" data-e-type=\"widget\" data-widget_type=\"heading.default\">\n\t\t\t\t<div class=\"elementor-widget-container\">\n\t\t\t\t\t<h2 class=\"elementor-heading-title elementor-size-default\">Chamada de isen\u00e7\u00e3o de inscri\u00e7\u00f5es do IHC 2021 para Pessoas com Defici\u00eancia<\/h2>\t\t\t\t<\/div>\n\t\t\t\t<\/div>\n\t\t\t\t<div class=\"elementor-element elementor-element-9d42562 elementor-widget elementor-widget-text-editor\" data-id=\"9d42562\" data-element_type=\"widget\" data-e-type=\"widget\" data-widget_type=\"text-editor.default\">\n\t\t\t\t<div class=\"elementor-widget-container\">\n\t\t\t\t\t\t\t\t\t<p>Ol\u00e1!<\/p><p>Em sua vig\u00e9sima edi\u00e7\u00e3o, este \u00e9 o primeiro ano que o <a href=\"https:\/\/ihc.sbc.org.br\/2021\/\">Simp\u00f3sio Brasileiro sobre Fatores Humanos em Sistemas Computacionais (IHC 2021)<\/a> conta com uma Coordena\u00e7\u00e3o de Acessibilidade para auxiliar a organiza\u00e7\u00e3o geral a pensar oficial e sistematicamente em recursos de acessibilidade para o evento.<\/p><p>Devido \u00e0 novidade para todos os envolvidos (organizadores, autores e participantes) e os recursos limitados, temos consci\u00eancia de que precisamos aprender juntos neste evento para que os pr\u00f3ximos sejam cada vez mais acess\u00edveis e inclusivos para a Comunidade interessada em temas de estudos sobre Intera\u00e7\u00e3o Humano-Computador.<\/p><p>Com essa inten\u00e7\u00e3o em mente, estamos abrindo esta chamada para solicita\u00e7\u00e3o de isen\u00e7\u00e3o de inscri\u00e7\u00f5es no IHC 2021 para Pessoas com Defici\u00eancia.<\/p><p>O total de inscri\u00e7\u00f5es a serem isentas <strong>s\u00e3o 4 (quatro)<\/strong> independente da <a href=\"https:\/\/ihc.sbc.org.br\/2021\/inscricoes\/\">categoria de inscri\u00e7\u00e3o<\/a> (estudante de gradua\u00e7\u00e3o, professor da educa\u00e7\u00e3o b\u00e1sica ou profissional) e as datas importantes para solicita\u00e7\u00e3o s\u00e3o as seguintes:<\/p><p>Os crit\u00e9rios para sele\u00e7\u00e3o das pessoas com direito \u00e0 isen\u00e7\u00e3o ser\u00e3o os seguintes:<\/p><ul><li aria-level=\"1\">Informa\u00e7\u00e3o sobre tipo de defici\u00eancia (at\u00e9 duas pessoas com o mesmo tipo ser\u00e3o inclu\u00eddas, no caso de haver excesso de demanda)<\/li><li aria-level=\"1\">Justificativa de interesse em participar do IHC 2021<\/li><li aria-level=\"1\">Previs\u00e3o da disponibilidade de tempo para participar das atividades durante os dias 18 e 22 de Outubro de 2021 remotamente<\/li><li aria-level=\"1\">Afirma\u00e7\u00e3o de que ir\u00e1 participar de reuni\u00e3o virtual para dialogar sobre sua experi\u00eancia em participar do evento (a ser agendada)<\/li><\/ul><p>Aos interessados, favor enviar as respostas aos crit\u00e9rios em e-mail \u00fanico para o endere\u00e7o eletr\u00f4nico <a href=\"mailto:ihcacesivel@gmail.com\">ihcacessivel@gmail.com<\/a> <strong>at\u00e9 dia 11\/10\/2021<\/strong>.<\/p><p>No ato da notifica\u00e7\u00e3o, a inscri\u00e7\u00e3o dever\u00e1 ser realizada pela pr\u00f3pria pessoa solicitante no <a href=\"https:\/\/centraldesistemas.sbc.org.br\/ecos\/ihc2021\">sistema ECOS<\/a> da Sociedade Brasileira de Computa\u00e7\u00e3o (SBC) e, ap\u00f3s preencher o formul\u00e1rio, solicitamos que escolha a op\u00e7\u00e3o de pagamento \u201cboleto banc\u00e1rio\u201d. O boleto dever\u00e1 ser enviado para o endere\u00e7o eletr\u00f4nico <a href=\"mailto:ihcacesivel@gmail.com\">ihcacessivel@gmail.com<\/a>.<\/p><p>Os recursos de acessibilidade a serem disponibilizados em parte da programa\u00e7\u00e3o do evento ser\u00e3o: Int\u00e9rprete LIBRAS, v\u00eddeos legendados e Int\u00e9rprete ingl\u00eas\/portugu\u00eas.<\/p><p>Favor entrar em contato pelo e-mail: ihcacessivel@gmail.com em caso de d\u00favidas.<\/p>\t\t\t\t\t\t\t\t<\/div>\n\t\t\t\t<\/div>\n\t\t\t\t\t<\/div>\n\t\t<\/div>\n\t\t\t\t<div class=\"elementor-column elementor-col-33 elementor-top-column elementor-element elementor-element-56ee8ff5\" data-id=\"56ee8ff5\" data-element_type=\"column\" data-e-type=\"column\">\n\t\t\t<div class=\"elementor-widget-wrap elementor-element-populated\">\n\t\t\t\t\t\t<div class=\"elementor-element elementor-element-96d868d elementor-widget elementor-widget-heading\" data-id=\"96d868d\" data-element_type=\"widget\" data-e-type=\"widget\" data-widget_type=\"heading.default\">\n\t\t\t\t<div class=\"elementor-widget-container\">\n\t\t\t\t\t<h2 class=\"elementor-heading-title elementor-size-default\">DATAS IMPORTANTES<\/h2>\t\t\t\t<\/div>\n\t\t\t\t<\/div>\n\t\t\t\t<div class=\"elementor-element elementor-element-25af6b9 elementor-widget elementor-widget-text-editor\" data-id=\"25af6b9\" data-element_type=\"widget\" data-e-type=\"widget\" data-widget_type=\"text-editor.default\">\n\t\t\t\t<div class=\"elementor-widget-container\">\n\t\t\t\t\t\t\t\t\t<p><strong>Data final para solicita\u00e7\u00e3o de isen\u00e7\u00e3o da inscri\u00e7\u00e3o<\/strong>: 11 de Outubro de 2021<\/p><p><strong>An\u00e1lise das inscri\u00e7\u00f5es para sele\u00e7\u00e3o das pessoas com isen\u00e7\u00e3o<\/strong>: 12 a 15 de Outubro de 2021<\/p><p><strong>Notifica\u00e7\u00e3o do resultado e efetiva\u00e7\u00e3o da inscri\u00e7\u00e3o:<\/strong> 15 de Outubro de 2021.<\/p><p>\u00a0<\/p>\t\t\t\t\t\t\t\t<\/div>\n\t\t\t\t<\/div>\n\t\t\t\t\t<\/div>\n\t\t<\/div>\n\t\t\t\t\t<\/div>\n\t\t<\/section>\n\t\t\t\t<section class=\"elementor-section elementor-top-section elementor-element elementor-element-4eb5fda5 elementor-section-boxed elementor-section-height-default elementor-section-height-default\" data-id=\"4eb5fda5\" data-element_type=\"section\" data-e-type=\"section\">\n\t\t\t\t\t\t<div class=\"elementor-container elementor-column-gap-default\">\n\t\t\t\t\t<div class=\"elementor-column elementor-col-100 elementor-top-column elementor-element elementor-element-13000b56\" data-id=\"13000b56\" data-element_type=\"column\" data-e-type=\"column\">\n\t\t\t<div class=\"elementor-widget-wrap elementor-element-populated\">\n\t\t\t\t\t\t<div class=\"elementor-element elementor-element-33c304cc elementor-widget elementor-widget-spacer\" data-id=\"33c304cc\" data-element_type=\"widget\" data-e-type=\"widget\" data-widget_type=\"spacer.default\">\n\t\t\t\t<div class=\"elementor-widget-container\">\n\t\t\t\t\t\t\t<div class=\"elementor-spacer\">\n\t\t\t<div class=\"elementor-spacer-inner\"><\/div>\n\t\t<\/div>\n\t\t\t\t\t\t<\/div>\n\t\t\t\t<\/div>\n\t\t\t\t\t<\/div>\n\t\t<\/div>\n\t\t\t\t\t<\/div>\n\t\t<\/section>\n\t\t\t\t<footer class=\"elementor-section elementor-top-section elementor-element elementor-element-68fb3c10 elementor-section-height-min-height elementor-section-content-middle elementor-section-boxed elementor-section-height-default elementor-section-items-middle elementor-invisible\" data-id=\"68fb3c10\" data-element_type=\"section\" data-e-type=\"section\" data-settings=\"{&quot;background_background&quot;:&quot;classic&quot;,&quot;shape_divider_top&quot;:&quot;waves&quot;,&quot;shape_divider_top_negative&quot;:&quot;yes&quot;,&quot;animation&quot;:&quot;fadeIn&quot;}\">\n\t\t\t\t\t<div class=\"elementor-shape elementor-shape-top\" aria-hidden=\"true\" data-negative=\"true\">\n\t\t\t<svg xmlns=\"http:\/\/www.w3.org\/2000\/svg\" viewBox=\"0 0 1000 100\" preserveAspectRatio=\"none\">\n\t<path class=\"elementor-shape-fill\" d=\"M790.5,93.1c-59.3-5.3-116.8-18-192.6-50c-29.6-12.7-76.9-31-100.5-35.9c-23.6-4.9-52.6-7.8-75.5-5.3\n\tc-10.2,1.1-22.6,1.4-50.1,7.4c-27.2,6.3-58.2,16.6-79.4,24.7c-41.3,15.9-94.9,21.9-134,22.6C72,58.2,0,25.8,0,25.8V100h1000V65.3\n\tc0,0-51.5,19.4-106.2,25.7C839.5,97,814.1,95.2,790.5,93.1z\"\/>\n<\/svg>\t\t<\/div>\n\t\t\t\t\t<div class=\"elementor-container elementor-column-gap-default\">\n\t\t\t\t\t<div class=\"elementor-column elementor-col-100 elementor-top-column elementor-element elementor-element-3ffbd746\" data-id=\"3ffbd746\" data-element_type=\"column\" data-e-type=\"column\">\n\t\t\t<div class=\"elementor-widget-wrap elementor-element-populated\">\n\t\t\t\t\t\t<section class=\"elementor-section elementor-inner-section elementor-element elementor-element-60b61a1a elementor-section-boxed elementor-section-height-default elementor-section-height-default\" data-id=\"60b61a1a\" data-element_type=\"section\" data-e-type=\"section\">\n\t\t\t\t\t\t<div class=\"elementor-container elementor-column-gap-default\">\n\t\t\t\t\t<div class=\"elementor-column elementor-col-50 elementor-inner-column elementor-element elementor-element-59d42307\" data-id=\"59d42307\" data-element_type=\"column\" data-e-type=\"column\">\n\t\t\t<div class=\"elementor-widget-wrap elementor-element-populated\">\n\t\t\t\t\t\t<div class=\"elementor-element elementor-element-18052f6e elementor-widget elementor-widget-theme-site-logo\" data-id=\"18052f6e\" data-element_type=\"widget\" data-e-type=\"widget\" data-widget_type=\"theme-site-logo.default\">\n\t\t\t\t<div class=\"elementor-widget-container\">\n\t\t\t\t\t \t\t\t\t<\/div>\n\t\t\t\t<\/div>\n\t\t\t\t\t<\/div>\n\t\t<\/div>\n\t\t\t\t<div class=\"elementor-column elementor-col-50 elementor-inner-column elementor-element elementor-element-6a382181\" data-id=\"6a382181\" data-element_type=\"column\" data-e-type=\"column\">\n\t\t\t<div class=\"elementor-widget-wrap\">\n\t\t\t\t\t\t\t<\/div>\n\t\t<\/div>\n\t\t\t\t\t<\/div>\n\t\t<\/section>\n\t\t\t\t\t<\/div>\n\t\t<\/div>\n\t\t\t\t\t<\/div>\n\t\t<\/footer>\n\t\t\t\t<\/div>\n\t\t","protected":false},"excerpt":{"rendered":"<p>Realiza\u00e7\u00e3o Chamada de isen\u00e7\u00e3o de inscri\u00e7\u00f5es do IHC 2021 para Pessoas com Defici\u00eancia Ol\u00e1! Em sua vig\u00e9sima edi\u00e7\u00e3o, este \u00e9 o primeiro ano que o Simp\u00f3sio Brasileiro sobre Fatores Humanos em Sistemas Computacionais (IHC 2021) conta com uma Coordena\u00e7\u00e3o de Acessibilidade para auxiliar a organiza\u00e7\u00e3o geral a pensar oficial e sistematicamente em recursos de acessibilidade&hellip; <a class=\"more-link\" href=\"https:\/\/ihc.sbc.org.br\/2021\/isencao\/\">Continuar lendo <span class=\"screen-reader-text\">Isen\u00e7\u00e3o de Inscri\u00e7\u00f5es<\/span><\/a><\/p>\n","protected":false},"author":1,"featured_media":0,"parent":0,"menu_order":0,"comment_status":"closed","ping_status":"closed","template":"elementor_canvas","meta":{"footnotes":""},"class_list":["post-1801","page","type-page","status-publish","hentry","entry"],"yoast_head":"<!-- This site is optimized with the Yoast SEO plugin v27.4 - https:\/\/yoast.com\/product\/yoast-seo-wordpress\/ -->\n<title>Isen\u00e7\u00e3o de Inscri\u00e7\u00f5es &#187; IHC 2021<\/title>\n<meta name=\"robots\" content=\"index, follow, max-snippet:-1, max-image-preview:large, max-video-preview:-1\" \/>\n<link rel=\"canonical\" href=\"https:\/\/ihc.sbc.org.br\/2021\/isencao\/\" \/>\n<meta property=\"og:locale\" content=\"pt_BR\" \/>\n<meta property=\"og:type\" content=\"article\" \/>\n<meta property=\"og:title\" content=\"Isen\u00e7\u00e3o de Inscri\u00e7\u00f5es &#187; IHC 2021\" \/>\n<meta property=\"og:description\" content=\"Realiza\u00e7\u00e3o Chamada de isen\u00e7\u00e3o de inscri\u00e7\u00f5es do IHC 2021 para Pessoas com Defici\u00eancia Ol\u00e1! Em sua vig\u00e9sima edi\u00e7\u00e3o, este \u00e9 o primeiro ano que o Simp\u00f3sio Brasileiro sobre Fatores Humanos em Sistemas Computacionais (IHC 2021) conta com uma Coordena\u00e7\u00e3o de Acessibilidade para auxiliar a organiza\u00e7\u00e3o geral a pensar oficial e sistematicamente em recursos de acessibilidade&hellip; Continuar lendo Isen\u00e7\u00e3o de Inscri\u00e7\u00f5es\" \/>\n<meta property=\"og:url\" content=\"https:\/\/ihc.sbc.org.br\/2021\/isencao\/\" \/>\n<meta property=\"og:site_name\" content=\"IHC 2021\" \/>\n<meta property=\"article:modified_time\" content=\"2021-10-01T18:51:21+00:00\" \/>\n<meta property=\"og:image\" content=\"https:\/\/ihc.sbc.org.br\/2021\/wp-content\/uploads\/elementor\/thumbs\/cropped-LOGO-IHC-20212-completo-p6adlyo4h5z7jltavva0sckor0bagxzny0zq59tl8w.png\" \/>\n<meta name=\"twitter:card\" content=\"summary_large_image\" \/>\n<meta name=\"twitter:label1\" content=\"Est. tempo de leitura\" \/>\n\t<meta name=\"twitter:data1\" content=\"4 minutos\" \/>\n<script type=\"application\/ld+json\" class=\"yoast-schema-graph\">{\"@context\":\"https:\\\/\\\/schema.org\",\"@graph\":[{\"@type\":\"WebPage\",\"@id\":\"https:\\\/\\\/ihc.sbc.org.br\\\/2021\\\/isencao\\\/\",\"url\":\"https:\\\/\\\/ihc.sbc.org.br\\\/2021\\\/isencao\\\/\",\"name\":\"Isen\u00e7\u00e3o de Inscri\u00e7\u00f5es &#187; IHC 2021\",\"isPartOf\":{\"@id\":\"https:\\\/\\\/ihc.sbc.org.br\\\/2021\\\/#website\"},\"primaryImageOfPage\":{\"@id\":\"https:\\\/\\\/ihc.sbc.org.br\\\/2021\\\/isencao\\\/#primaryimage\"},\"image\":{\"@id\":\"https:\\\/\\\/ihc.sbc.org.br\\\/2021\\\/isencao\\\/#primaryimage\"},\"thumbnailUrl\":\"https:\\\/\\\/ihc.sbc.org.br\\\/2021\\\/wp-content\\\/uploads\\\/elementor\\\/thumbs\\\/cropped-LOGO-IHC-20212-completo-p6adlyo4h5z7jltavva0sckor0bagxzny0zq59tl8w.png\",\"datePublished\":\"2021-03-17T14:18:33+00:00\",\"dateModified\":\"2021-10-01T18:51:21+00:00\",\"breadcrumb\":{\"@id\":\"https:\\\/\\\/ihc.sbc.org.br\\\/2021\\\/isencao\\\/#breadcrumb\"},\"inLanguage\":\"pt-BR\",\"potentialAction\":[{\"@type\":\"ReadAction\",\"target\":[\"https:\\\/\\\/ihc.sbc.org.br\\\/2021\\\/isencao\\\/\"]}]},{\"@type\":\"ImageObject\",\"inLanguage\":\"pt-BR\",\"@id\":\"https:\\\/\\\/ihc.sbc.org.br\\\/2021\\\/isencao\\\/#primaryimage\",\"url\":\"https:\\\/\\\/ihc.sbc.org.br\\\/2021\\\/wp-content\\\/uploads\\\/elementor\\\/thumbs\\\/cropped-LOGO-IHC-20212-completo-p6adlyo4h5z7jltavva0sckor0bagxzny0zq59tl8w.png\",\"contentUrl\":\"https:\\\/\\\/ihc.sbc.org.br\\\/2021\\\/wp-content\\\/uploads\\\/elementor\\\/thumbs\\\/cropped-LOGO-IHC-20212-completo-p6adlyo4h5z7jltavva0sckor0bagxzny0zq59tl8w.png\"},{\"@type\":\"BreadcrumbList\",\"@id\":\"https:\\\/\\\/ihc.sbc.org.br\\\/2021\\\/isencao\\\/#breadcrumb\",\"itemListElement\":[{\"@type\":\"ListItem\",\"position\":1,\"name\":\"In\u00edcio\",\"item\":\"https:\\\/\\\/ihc.sbc.org.br\\\/2021\\\/\"},{\"@type\":\"ListItem\",\"position\":2,\"name\":\"Isen\u00e7\u00e3o de Inscri\u00e7\u00f5es\"}]},{\"@type\":\"WebSite\",\"@id\":\"https:\\\/\\\/ihc.sbc.org.br\\\/2021\\\/#website\",\"url\":\"https:\\\/\\\/ihc.sbc.org.br\\\/2021\\\/\",\"name\":\"IHC 2021\",\"description\":\"Simp\u00f3sio Brasileiro Sobre Fatores Humanos em Sistemas Computacionais\",\"publisher\":{\"@id\":\"https:\\\/\\\/ihc.sbc.org.br\\\/2021\\\/#organization\"},\"potentialAction\":[{\"@type\":\"SearchAction\",\"target\":{\"@type\":\"EntryPoint\",\"urlTemplate\":\"https:\\\/\\\/ihc.sbc.org.br\\\/2021\\\/?s={search_term_string}\"},\"query-input\":{\"@type\":\"PropertyValueSpecification\",\"valueRequired\":true,\"valueName\":\"search_term_string\"}}],\"inLanguage\":\"pt-BR\"},{\"@type\":\"Organization\",\"@id\":\"https:\\\/\\\/ihc.sbc.org.br\\\/2021\\\/#organization\",\"name\":\"IHC 2021\",\"url\":\"https:\\\/\\\/ihc.sbc.org.br\\\/2021\\\/\",\"logo\":{\"@type\":\"ImageObject\",\"inLanguage\":\"pt-BR\",\"@id\":\"https:\\\/\\\/ihc.sbc.org.br\\\/2021\\\/#\\\/schema\\\/logo\\\/image\\\/\",\"url\":\"https:\\\/\\\/ihc.sbc.org.br\\\/2021\\\/wp-content\\\/uploads\\\/2021\\\/02\\\/LOGO-IHC-20212-completo.png\",\"contentUrl\":\"https:\\\/\\\/ihc.sbc.org.br\\\/2021\\\/wp-content\\\/uploads\\\/2021\\\/02\\\/LOGO-IHC-20212-completo.png\",\"width\":1365,\"height\":499,\"caption\":\"IHC 2021\"},\"image\":{\"@id\":\"https:\\\/\\\/ihc.sbc.org.br\\\/2021\\\/#\\\/schema\\\/logo\\\/image\\\/\"}}]}<\/script>\n<!-- \/ Yoast SEO plugin. -->","yoast_head_json":{"title":"Isen\u00e7\u00e3o de Inscri\u00e7\u00f5es &#187; IHC 2021","robots":{"index":"index","follow":"follow","max-snippet":"max-snippet:-1","max-image-preview":"max-image-preview:large","max-video-preview":"max-video-preview:-1"},"canonical":"https:\/\/ihc.sbc.org.br\/2021\/isencao\/","og_locale":"pt_BR","og_type":"article","og_title":"Isen\u00e7\u00e3o de Inscri\u00e7\u00f5es &#187; IHC 2021","og_description":"Realiza\u00e7\u00e3o Chamada de isen\u00e7\u00e3o de inscri\u00e7\u00f5es do IHC 2021 para Pessoas com Defici\u00eancia Ol\u00e1! Em sua vig\u00e9sima edi\u00e7\u00e3o, este \u00e9 o primeiro ano que o Simp\u00f3sio Brasileiro sobre Fatores Humanos em Sistemas Computacionais (IHC 2021) conta com uma Coordena\u00e7\u00e3o de Acessibilidade para auxiliar a organiza\u00e7\u00e3o geral a pensar oficial e sistematicamente em recursos de acessibilidade&hellip; Continuar lendo Isen\u00e7\u00e3o de Inscri\u00e7\u00f5es","og_url":"https:\/\/ihc.sbc.org.br\/2021\/isencao\/","og_site_name":"IHC 2021","article_modified_time":"2021-10-01T18:51:21+00:00","og_image":[{"url":"https:\/\/ihc.sbc.org.br\/2021\/wp-content\/uploads\/elementor\/thumbs\/cropped-LOGO-IHC-20212-completo-p6adlyo4h5z7jltavva0sckor0bagxzny0zq59tl8w.png","type":"","width":"","height":""}],"twitter_card":"summary_large_image","twitter_misc":{"Est. tempo de leitura":"4 minutos"},"schema":{"@context":"https:\/\/schema.org","@graph":[{"@type":"WebPage","@id":"https:\/\/ihc.sbc.org.br\/2021\/isencao\/","url":"https:\/\/ihc.sbc.org.br\/2021\/isencao\/","name":"Isen\u00e7\u00e3o de Inscri\u00e7\u00f5es &#187; IHC 2021","isPartOf":{"@id":"https:\/\/ihc.sbc.org.br\/2021\/#website"},"primaryImageOfPage":{"@id":"https:\/\/ihc.sbc.org.br\/2021\/isencao\/#primaryimage"},"image":{"@id":"https:\/\/ihc.sbc.org.br\/2021\/isencao\/#primaryimage"},"thumbnailUrl":"https:\/\/ihc.sbc.org.br\/2021\/wp-content\/uploads\/elementor\/thumbs\/cropped-LOGO-IHC-20212-completo-p6adlyo4h5z7jltavva0sckor0bagxzny0zq59tl8w.png","datePublished":"2021-03-17T14:18:33+00:00","dateModified":"2021-10-01T18:51:21+00:00","breadcrumb":{"@id":"https:\/\/ihc.sbc.org.br\/2021\/isencao\/#breadcrumb"},"inLanguage":"pt-BR","potentialAction":[{"@type":"ReadAction","target":["https:\/\/ihc.sbc.org.br\/2021\/isencao\/"]}]},{"@type":"ImageObject","inLanguage":"pt-BR","@id":"https:\/\/ihc.sbc.org.br\/2021\/isencao\/#primaryimage","url":"https:\/\/ihc.sbc.org.br\/2021\/wp-content\/uploads\/elementor\/thumbs\/cropped-LOGO-IHC-20212-completo-p6adlyo4h5z7jltavva0sckor0bagxzny0zq59tl8w.png","contentUrl":"https:\/\/ihc.sbc.org.br\/2021\/wp-content\/uploads\/elementor\/thumbs\/cropped-LOGO-IHC-20212-completo-p6adlyo4h5z7jltavva0sckor0bagxzny0zq59tl8w.png"},{"@type":"BreadcrumbList","@id":"https:\/\/ihc.sbc.org.br\/2021\/isencao\/#breadcrumb","itemListElement":[{"@type":"ListItem","position":1,"name":"In\u00edcio","item":"https:\/\/ihc.sbc.org.br\/2021\/"},{"@type":"ListItem","position":2,"name":"Isen\u00e7\u00e3o de Inscri\u00e7\u00f5es"}]},{"@type":"WebSite","@id":"https:\/\/ihc.sbc.org.br\/2021\/#website","url":"https:\/\/ihc.sbc.org.br\/2021\/","name":"IHC 2021","description":"Simp\u00f3sio Brasileiro Sobre Fatores Humanos em Sistemas Computacionais","publisher":{"@id":"https:\/\/ihc.sbc.org.br\/2021\/#organization"},"potentialAction":[{"@type":"SearchAction","target":{"@type":"EntryPoint","urlTemplate":"https:\/\/ihc.sbc.org.br\/2021\/?s={search_term_string}"},"query-input":{"@type":"PropertyValueSpecification","valueRequired":true,"valueName":"search_term_string"}}],"inLanguage":"pt-BR"},{"@type":"Organization","@id":"https:\/\/ihc.sbc.org.br\/2021\/#organization","name":"IHC 2021","url":"https:\/\/ihc.sbc.org.br\/2021\/","logo":{"@type":"ImageObject","inLanguage":"pt-BR","@id":"https:\/\/ihc.sbc.org.br\/2021\/#\/schema\/logo\/image\/","url":"https:\/\/ihc.sbc.org.br\/2021\/wp-content\/uploads\/2021\/02\/LOGO-IHC-20212-completo.png","contentUrl":"https:\/\/ihc.sbc.org.br\/2021\/wp-content\/uploads\/2021\/02\/LOGO-IHC-20212-completo.png","width":1365,"height":499,"caption":"IHC 2021"},"image":{"@id":"https:\/\/ihc.sbc.org.br\/2021\/#\/schema\/logo\/image\/"}}]}},"_links":{"self":[{"href":"https:\/\/ihc.sbc.org.br\/2021\/wp-json\/wp\/v2\/pages\/1801","targetHints":{"allow":["GET"]}}],"collection":[{"href":"https:\/\/ihc.sbc.org.br\/2021\/wp-json\/wp\/v2\/pages"}],"about":[{"href":"https:\/\/ihc.sbc.org.br\/2021\/wp-json\/wp\/v2\/types\/page"}],"author":[{"embeddable":true,"href":"https:\/\/ihc.sbc.org.br\/2021\/wp-json\/wp\/v2\/users\/1"}],"replies":[{"embeddable":true,"href":"https:\/\/ihc.sbc.org.br\/2021\/wp-json\/wp\/v2\/comments?post=1801"}],"version-history":[{"count":13,"href":"https:\/\/ihc.sbc.org.br\/2021\/wp-json\/wp\/v2\/pages\/1801\/revisions"}],"predecessor-version":[{"id":3975,"href":"https:\/\/ihc.sbc.org.br\/2021\/wp-json\/wp\/v2\/pages\/1801\/revisions\/3975"}],"wp:attachment":[{"href":"https:\/\/ihc.sbc.org.br\/2021\/wp-json\/wp\/v2\/media?parent=1801"}],"curies":[{"name":"wp","href":"https:\/\/api.w.org\/{rel}","templated":true}]}}